{"id":95,"date":"2020-08-13T13:24:02","date_gmt":"2020-08-13T13:24:02","guid":{"rendered":"https:\/\/test.projectilecm.com\/?page_id=95"},"modified":"2021-08-24T15:59:43","modified_gmt":"2021-08-24T15:59:43","slug":"return-policy","status":"publish","type":"page","link":"https:\/\/www.naturesgiftforlife.com\/fr\/return-policy\/","title":{"rendered":"Politique de retour"},"content":{"rendered":"<div data-elementor-type=\"wp-page\" data-elementor-id=\"95\" class=\"elementor elementor-95\">\n\t\t\t\t\t\t<section class=\"elementor-section elementor-top-section elementor-element elementor-element-f9517ed elementor-section-boxed elementor-section-height-default elementor-section-height-default\" data-id=\"f9517ed\" data-element_type=\"section\" data-e-type=\"section\">\n\t\t\t\t\t\t<div class=\"elementor-container elementor-column-gap-default\">\n\t\t\t\t\t<div class=\"elementor-column elementor-col-100 elementor-top-column elementor-element elementor-element-65afa66\" data-id=\"65afa66\" data-element_type=\"column\" data-e-type=\"column\">\n\t\t\t<div class=\"elementor-widget-wrap elementor-element-populated\">\n\t\t\t\t\t\t<div class=\"elementor-element elementor-element-956e45d elementor-view-default elementor-widget elementor-widget-icon\" data-id=\"956e45d\" data-element_type=\"widget\" data-e-type=\"widget\" data-widget_type=\"icon.default\">\n\t\t\t\t<div class=\"elementor-widget-container\">\n\t\t\t\t\t\t\t<div class=\"elementor-icon-wrapper\">\n\t\t\t<div class=\"elementor-icon\">\n\t\t\t<i aria-hidden=\"true\" class=\"fas fa-box-open\"><\/i>\t\t\t<\/div>\n\t\t<\/div>\n\t\t\t\t\t\t<\/div>\n\t\t\t\t<\/div>\n\t\t\t\t<div class=\"elementor-element elementor-element-3304ac3 elementor-widget elementor-widget-heading\" data-id=\"3304ac3\" data-element_type=\"widget\" data-e-type=\"widget\" data-widget_type=\"heading.default\">\n\t\t\t\t<div class=\"elementor-widget-container\">\n\t\t\t\t\t<h2 class=\"elementor-heading-title elementor-size-default\">POLITIQUE DE RETOUR<\/h2>\t\t\t\t<\/div>\n\t\t\t\t<\/div>\n\t\t\t\t\t<\/div>\n\t\t<\/div>\n\t\t\t\t\t<\/div>\n\t\t<\/section>\n\t\t\t\t<section class=\"elementor-section elementor-top-section elementor-element elementor-element-3e48a5b elementor-section-full_width elementor-section-height-default elementor-section-height-default\" data-id=\"3e48a5b\" data-element_type=\"section\" data-e-type=\"section\">\n\t\t\t\t\t\t<div class=\"elementor-container elementor-column-gap-wide\">\n\t\t\t\t\t<div class=\"elementor-column elementor-col-50 elementor-top-column elementor-element elementor-element-798791b\" data-id=\"798791b\" data-element_type=\"column\" data-e-type=\"column\">\n\t\t\t<div class=\"elementor-widget-wrap elementor-element-populated\">\n\t\t\t\t\t\t<div class=\"elementor-element elementor-element-0231221 elementor-widget elementor-widget-heading\" data-id=\"0231221\" data-element_type=\"widget\" data-e-type=\"widget\" data-widget_type=\"heading.default\">\n\t\t\t\t<div class=\"elementor-widget-container\">\n\t\t\t\t\t<h2 class=\"elementor-heading-title elementor-size-default\">Profitez de la garantie de satisfaction Nature&#039;s Gift for Life 100%<\/h2>\t\t\t\t<\/div>\n\t\t\t\t<\/div>\n\t\t\t\t<div class=\"elementor-element elementor-element-0789e09 elementor-widget elementor-widget-text-editor\" data-id=\"0789e09\" data-element_type=\"widget\" data-e-type=\"widget\" data-widget_type=\"text-editor.default\">\n\t\t\t\t<div class=\"elementor-widget-container\">\n\t\t\t\t\t\t\t\t\t<p>Vous pouvez retourner tout article achet\u00e9 chez Nature&#039;s Gift for Life pour quelque raison que ce soit dans les vingt (20) jours suivant l&#039;achat. Pour les commandes en ligne et sur catalogue, la date d&#039;exp\u00e9dition du produit est la date d&#039;achat. Vous recevrez un remboursement complet pour les articles non ouverts dans le mode de paiement original, et vous pourrez recevoir un cr\u00e9dit de marchandise pour les articles ouverts.<\/p><p>Les frais d&#039;exp\u00e9dition et de manutention ne sont pas remboursables. Pour les retours par courrier, vous devez soigneusement emballer le produit, vous \u00eates responsable des frais de retour et nous devons physiquement recevoir le retour dans le d\u00e9lai de 20 jours. Nature&#039;s Gift for Life se r\u00e9serve le droit, \u00e0 sa seule discr\u00e9tion, de refuser tout retour non conforme \u00e0 ces exigences.<\/p><div>\u00a0<\/div><p>\u00a0<\/p><p>10061 promenade Riverside, Ste. 591 Toluca Lake, Californie 91602<\/p><p>Vous avez encore des questions?<\/p><p>Notre personnel professionnel est pr\u00eat \u00e0 vous aider. Veuillez appeler le service client\u00e8le au +237 676823582\/698422885\u00a0<\/p><p>\u00a0Du lundi au vendredi de 9 h 00 \u00e0 21 h 00\u00a0<\/p>\t\t\t\t\t\t\t\t<\/div>\n\t\t\t\t<\/div>\n\t\t\t\t\t<\/div>\n\t\t<\/div>\n\t\t\t\t<div class=\"elementor-column elementor-col-50 elementor-top-column elementor-element elementor-element-74d6a30\" data-id=\"74d6a30\" data-element_type=\"column\" data-e-type=\"column\">\n\t\t\t<div class=\"elementor-widget-wrap elementor-element-populated\">\n\t\t\t\t\t\t<div class=\"elementor-element elementor-element-e441d34 elementor-widget elementor-widget-heading\" data-id=\"e441d34\" data-element_type=\"widget\" data-e-type=\"widget\" data-widget_type=\"heading.default\">\n\t\t\t\t<div class=\"elementor-widget-container\">\n\t\t\t\t\t<h2 class=\"elementor-heading-title elementor-size-default\">Pour effectuer un retour par mail:<\/h2>\t\t\t\t<\/div>\n\t\t\t\t<\/div>\n\t\t\t\t<div class=\"elementor-element elementor-element-e99b215 elementor-widget elementor-widget-text-editor\" data-id=\"e99b215\" data-element_type=\"widget\" data-e-type=\"widget\" data-widget_type=\"text-editor.default\">\n\t\t\t\t<div class=\"elementor-widget-container\">\n\t\t\t\t\t\t\t\t\t<p>Envoyez votre achat et votre re\u00e7u \u00e0 notre service des retours et recevez un remboursement pour les articles non ouverts ou un cr\u00e9dit sur la marchandise pour les articles ouverts:<\/p><p>Cadeau de la nature pour la vie\u00ae<br \/>Attention: service des retours<br \/>10061 promenade Riverside, Ste. 591 Toluca Lake, Californie 91602<\/p><p>Vous avez encore des questions?<\/p><p>Notre personnel professionnel est pr\u00eat \u00e0 vous aider. Veuillez appeler le service client\u00e8le au +237 676823582\/698422885\u00a0<\/p><p>\u00a0Du lundi au vendredi de 9 h 00 \u00e0 21 h 00\u00a0<\/p>\t\t\t\t\t\t\t\t<\/div>\n\t\t\t\t<\/div>\n\t\t\t\t\t<\/div>\n\t\t<\/div>\n\t\t\t\t\t<\/div>\n\t\t<\/section>\n\t\t\t\t<\/div>","protected":false},"excerpt":{"rendered":"<p>RETURN POLICY Enjoy Nature\u2019s Gift for Life 100% Satisfaction Guarantee You may return any item purchased from Nature\u2019s Gift for Life for any reason within twenty (20) days of purchase.<\/p>","protected":false},"author":1,"featured_media":0,"parent":0,"menu_order":0,"comment_status":"closed","ping_status":"closed","template":"elementor_header_footer","meta":{"nf_dc_page":"","_bbp_topic_count":0,"_bbp_reply_count":0,"_bbp_total_topic_count":0,"_bbp_total_reply_count":0,"_bbp_voice_count":0,"_bbp_anonymous_reply_count":0,"_bbp_topic_count_hidden":0,"_bbp_reply_count_hidden":0,"_bbp_forum_subforum_count":0,"footnotes":""},"class_list":["post-95","page","type-page","status-publish","hentry"],"_links":{"self":[{"href":"https:\/\/www.naturesgiftforlife.com\/fr\/wp-json\/wp\/v2\/pages\/95","targetHints":{"allow":["GET"]}}],"collection":[{"href":"https:\/\/www.naturesgiftforlife.com\/fr\/wp-json\/wp\/v2\/pages"}],"about":[{"href":"https:\/\/www.naturesgiftforlife.com\/fr\/wp-json\/wp\/v2\/types\/page"}],"author":[{"embeddable":true,"href":"https:\/\/www.naturesgiftforlife.com\/fr\/wp-json\/wp\/v2\/users\/1"}],"replies":[{"embeddable":true,"href":"https:\/\/www.naturesgiftforlife.com\/fr\/wp-json\/wp\/v2\/comments?post=95"}],"version-history":[{"count":0,"href":"https:\/\/www.naturesgiftforlife.com\/fr\/wp-json\/wp\/v2\/pages\/95\/revisions"}],"wp:attachment":[{"href":"https:\/\/www.naturesgiftforlife.com\/fr\/wp-json\/wp\/v2\/media?parent=95"}],"curies":[{"name":"wp","href":"https:\/\/api.w.org\/{rel}","templated":true}]}}