{"id":93,"date":"2020-08-13T13:23:32","date_gmt":"2020-08-13T13:23:32","guid":{"rendered":"https:\/\/test.projectilecm.com\/?page_id=93"},"modified":"2021-08-24T15:56:02","modified_gmt":"2021-08-24T15:56:02","slug":"payment","status":"publish","type":"page","link":"https:\/\/www.naturesgiftforlife.com\/fr\/payment\/","title":{"rendered":"Paiement"},"content":{"rendered":"<div data-elementor-type=\"wp-page\" data-elementor-id=\"93\" class=\"elementor elementor-93\">\n\t\t\t\t\t\t<section class=\"elementor-section elementor-top-section elementor-element elementor-element-eebd69a elementor-section-boxed elementor-section-height-default elementor-section-height-default\" data-id=\"eebd69a\" data-element_type=\"section\" data-e-type=\"section\" data-settings=\"{&quot;background_background&quot;:&quot;classic&quot;}\">\n\t\t\t\t\t\t<div class=\"elementor-container elementor-column-gap-default\">\n\t\t\t\t\t<div class=\"elementor-column elementor-col-100 elementor-top-column elementor-element elementor-element-d0f191a\" data-id=\"d0f191a\" data-element_type=\"column\" data-e-type=\"column\">\n\t\t\t<div class=\"elementor-widget-wrap elementor-element-populated\">\n\t\t\t\t\t\t<div class=\"elementor-element elementor-element-cc85501 elementor-view-stacked elementor-shape-circle elementor-widget elementor-widget-icon\" data-id=\"cc85501\" data-element_type=\"widget\" data-e-type=\"widget\" data-widget_type=\"icon.default\">\n\t\t\t\t<div class=\"elementor-widget-container\">\n\t\t\t\t\t\t\t<div class=\"elementor-icon-wrapper\">\n\t\t\t<div class=\"elementor-icon\">\n\t\t\t<i aria-hidden=\"true\" class=\"fas fa-money-check-alt\"><\/i>\t\t\t<\/div>\n\t\t<\/div>\n\t\t\t\t\t\t<\/div>\n\t\t\t\t<\/div>\n\t\t\t\t<div class=\"elementor-element elementor-element-cf9cb34 elementor-widget elementor-widget-heading\" data-id=\"cf9cb34\" data-element_type=\"widget\" data-e-type=\"widget\" data-widget_type=\"heading.default\">\n\t\t\t\t<div class=\"elementor-widget-container\">\n\t\t\t\t\t<h2 class=\"elementor-heading-title elementor-size-default\">MODES DE PAIEMENT PRIS EN CHARGE<\/h2>\t\t\t\t<\/div>\n\t\t\t\t<\/div>\n\t\t\t\t\t<\/div>\n\t\t<\/div>\n\t\t\t\t\t<\/div>\n\t\t<\/section>\n\t\t\t\t<section class=\"elementor-section elementor-top-section elementor-element elementor-element-2d3b4a2 elementor-section-stretched elementor-section-boxed elementor-section-height-default elementor-section-height-default\" data-id=\"2d3b4a2\" data-element_type=\"section\" data-e-type=\"section\" data-settings=\"{&quot;background_background&quot;:&quot;classic&quot;,&quot;stretch_section&quot;:&quot;section-stretched&quot;}\">\n\t\t\t\t\t\t<div class=\"elementor-container elementor-column-gap-extended\">\n\t\t\t\t\t<div class=\"elementor-column elementor-col-33 elementor-top-column elementor-element elementor-element-9165872\" data-id=\"9165872\" data-element_type=\"column\" data-e-type=\"column\" data-settings=\"{&quot;background_background&quot;:&quot;classic&quot;}\">\n\t\t\t<div class=\"elementor-widget-wrap elementor-element-populated\">\n\t\t\t\t\t\t<div class=\"elementor-element elementor-element-a09a5d5 elementor-widget elementor-widget-text-editor\" data-id=\"a09a5d5\" data-element_type=\"widget\" data-e-type=\"widget\" data-widget_type=\"text-editor.default\">\n\t\t\t\t<div class=\"elementor-widget-container\">\n\t\t\t\t\t\t\t\t\t<h4><span data-preserver-spaces=\"true\">Argent mobile<br \/><\/span><\/h4><p>Avec cette m\u00e9thode, les clients peuvent facilement terminer leur paiement en effectuant simplement des transactions d&#039;argent mobile en utilisant le moyen de paiement mobile MTN ou Orange fourni sur la page de paiement. Pour l&#039;instant cette m\u00e9thode s&#039;applique aux achats effectu\u00e9s au Cameroun<\/p>\t\t\t\t\t\t\t\t<\/div>\n\t\t\t\t<\/div>\n\t\t\t\t\t<\/div>\n\t\t<\/div>\n\t\t\t\t<div class=\"elementor-column elementor-col-33 elementor-top-column elementor-element elementor-element-33b97e4\" data-id=\"33b97e4\" data-element_type=\"column\" data-e-type=\"column\" data-settings=\"{&quot;background_background&quot;:&quot;classic&quot;}\">\n\t\t\t<div class=\"elementor-widget-wrap elementor-element-populated\">\n\t\t\t\t\t\t<div class=\"elementor-element elementor-element-5079518 elementor-widget elementor-widget-text-editor\" data-id=\"5079518\" data-element_type=\"widget\" data-e-type=\"widget\" data-widget_type=\"text-editor.default\">\n\t\t\t\t<div class=\"elementor-widget-container\">\n\t\t\t\t\t\t\t\t\t<h4><span data-preserver-spaces=\"true\">Paiement global (\u00e0 venir)<\/span><\/h4><p><span data-preserver-spaces=\"true\">Cela s&#039;applique \u00e0 l&#039;utilisation de cartes de cr\u00e9dit mondiales pour effectuer des paiements tels que Diners Club, Visa, American Express et MasterCard et Paypal. Cette m\u00e9thode est appliqu\u00e9e \u00e0 tous les pays pour ceux qui sont en possession de la carte de cr\u00e9dit ci-dessus.<\/span><\/p>\t\t\t\t\t\t\t\t<\/div>\n\t\t\t\t<\/div>\n\t\t\t\t\t<\/div>\n\t\t<\/div>\n\t\t\t\t<div class=\"elementor-column elementor-col-33 elementor-top-column elementor-element elementor-element-3cc50f8\" data-id=\"3cc50f8\" data-element_type=\"column\" data-e-type=\"column\" data-settings=\"{&quot;background_background&quot;:&quot;classic&quot;}\">\n\t\t\t<div class=\"elementor-widget-wrap elementor-element-populated\">\n\t\t\t\t\t\t<div class=\"elementor-element elementor-element-fb30c81 elementor-widget elementor-widget-text-editor\" data-id=\"fb30c81\" data-element_type=\"widget\" data-e-type=\"widget\" data-widget_type=\"text-editor.default\">\n\t\t\t\t<div class=\"elementor-widget-container\">\n\t\t\t\t\t\t\t\t\t<h4><span data-preserver-spaces=\"true\">D\u00e9p\u00f4t bancaire<\/span><\/h4><p><span data-preserver-spaces=\"true\">Nos clients peuvent acheter leurs articles en magasin et acc\u00e9der \u00e0 la page de r\u00e9sum\u00e9 o\u00f9 le total des articles et le montant \u00e0 payer pour les articles seront r\u00e9pertori\u00e9s, imprimer cette page et passer \u00e0 la caisse et s\u00e9lectionner la m\u00e9thode de d\u00e9p\u00f4t bancaire, choisir une banque de votre choix parmi une liste de comptes appartenant \u00e0 diff\u00e9rentes banques. Apr\u00e8s avoir effectu\u00e9 votre d\u00e9p\u00f4t, vous recevrez un e-mail ou un message pour vous informer de votre envoi. Cette m\u00e9thode n&#039;est appliqu\u00e9e qu&#039;\u00e0 certains pays.<\/span><\/p>\t\t\t\t\t\t\t\t<\/div>\n\t\t\t\t<\/div>\n\t\t\t\t\t<\/div>\n\t\t<\/div>\n\t\t\t\t\t<\/div>\n\t\t<\/section>\n\t\t\t\t<\/div>","protected":false},"excerpt":{"rendered":"<p>SUPPORTED PAYMENT METHODS Mobile Money With this method, customers can easily complete their checkout by simply carrying out mobile money transactions using either the MTN or Orange mobile payment method<\/p>","protected":false},"author":1,"featured_media":0,"parent":0,"menu_order":0,"comment_status":"closed","ping_status":"closed","template":"elementor_header_footer","meta":{"nf_dc_page":"","_bbp_topic_count":0,"_bbp_reply_count":0,"_bbp_total_topic_count":0,"_bbp_total_reply_count":0,"_bbp_voice_count":0,"_bbp_anonymous_reply_count":0,"_bbp_topic_count_hidden":0,"_bbp_reply_count_hidden":0,"_bbp_forum_subforum_count":0,"footnotes":""},"class_list":["post-93","page","type-page","status-publish","hentry"],"_links":{"self":[{"href":"https:\/\/www.naturesgiftforlife.com\/fr\/wp-json\/wp\/v2\/pages\/93","targetHints":{"allow":["GET"]}}],"collection":[{"href":"https:\/\/www.naturesgiftforlife.com\/fr\/wp-json\/wp\/v2\/pages"}],"about":[{"href":"https:\/\/www.naturesgiftforlife.com\/fr\/wp-json\/wp\/v2\/types\/page"}],"author":[{"embeddable":true,"href":"https:\/\/www.naturesgiftforlife.com\/fr\/wp-json\/wp\/v2\/users\/1"}],"replies":[{"embeddable":true,"href":"https:\/\/www.naturesgiftforlife.com\/fr\/wp-json\/wp\/v2\/comments?post=93"}],"version-history":[{"count":0,"href":"https:\/\/www.naturesgiftforlife.com\/fr\/wp-json\/wp\/v2\/pages\/93\/revisions"}],"wp:attachment":[{"href":"https:\/\/www.naturesgiftforlife.com\/fr\/wp-json\/wp\/v2\/media?parent=93"}],"curies":[{"name":"wp","href":"https:\/\/api.w.org\/{rel}","templated":true}]}}