{"id":3,"date":"2020-08-13T07:47:45","date_gmt":"2020-08-13T07:47:45","guid":{"rendered":"https:\/\/test.projectilecm.com\/?page_id=3"},"modified":"2021-09-04T22:09:12","modified_gmt":"2021-09-04T22:09:12","slug":"privacy-policy","status":"publish","type":"page","link":"https:\/\/www.naturesgiftforlife.com\/fr\/privacy-policy\/","title":{"rendered":"Politique de confidentialit\u00e9"},"content":{"rendered":"<div data-elementor-type=\"wp-page\" data-elementor-id=\"3\" class=\"elementor elementor-3\">\n\t\t\t\t\t\t<section class=\"elementor-section elementor-top-section elementor-element elementor-element-64c56bf elementor-section-boxed elementor-section-height-default elementor-section-height-default\" data-id=\"64c56bf\" data-element_type=\"section\" data-e-type=\"section\">\n\t\t\t\t\t\t<div class=\"elementor-container elementor-column-gap-default\">\n\t\t\t\t\t<div class=\"elementor-column elementor-col-100 elementor-top-column elementor-element elementor-element-688f6c2c\" data-id=\"688f6c2c\" data-element_type=\"column\" data-e-type=\"column\">\n\t\t\t<div class=\"elementor-widget-wrap elementor-element-populated\">\n\t\t\t\t\t\t<div class=\"elementor-element elementor-element-13581a6 elementor-widget elementor-widget-heading\" data-id=\"13581a6\" data-element_type=\"widget\" data-e-type=\"widget\" data-widget_type=\"heading.default\">\n\t\t\t\t<div class=\"elementor-widget-container\">\n\t\t\t\t\t<h2 class=\"elementor-heading-title elementor-size-default\">Politique de confidentialit\u00e9<\/h2>\t\t\t\t<\/div>\n\t\t\t\t<\/div>\n\t\t\t\t<div class=\"elementor-element elementor-element-6edf4f0a elementor-widget elementor-widget-text-editor\" data-id=\"6edf4f0a\" data-element_type=\"widget\" data-e-type=\"widget\" data-widget_type=\"text-editor.default\">\n\t\t\t\t<div class=\"elementor-widget-container\">\n\t\t\t\t\t\t\t\t\t<p><\/p>\n<p style=\"text-align: center;\"><span data-preserver-spaces=\"true\">Nature&#039;s Gift for Life, LLC (\u00abNature&#039;s Gift for Life\u00bb ou \u00abnous\u00bb) respecte votre vie priv\u00e9e.<\/span><\/p>\n<p style=\"text-align: center;\"><span data-preserver-spaces=\"true\">Cette politique de confidentialit\u00e9 atteste de notre adh\u00e9sion aux normes les plus \u00e9lev\u00e9es de l&#039;industrie pour la protection de vos informations personnelles. En visitant ce site Web (\u00abSite\u00bb) ou en utilisant l&#039;un des services offerts sur le Site, vous reconnaissez que vous acceptez les pratiques et politiques d\u00e9crites dans la pr\u00e9sente Politique de confidentialit\u00e9. Cette politique de confidentialit\u00e9 entre en vigueur le 1er ao\u00fbt 2009, s&#039;applique aux informations collect\u00e9es via le site et couvre les domaines suivants:<\/span><\/p>\n<p><strong><span data-preserver-spaces=\"true\">\u2013Quelles informations personnellement identifiables sont collect\u00e9es par Nature&#039;s Gift for Life via le Site;<\/span><\/strong><\/p>\n<p><strong><span data-preserver-spaces=\"true\">-Comment Nature&#039;s Gift for Life utilise ces informations;<\/span><\/strong><\/p>\n<p><strong><span data-preserver-spaces=\"true\">-Avec qui Nature&#039;s Gift for Life peut partager ces informations;<\/span><\/strong><\/p>\n<p><strong><span data-preserver-spaces=\"true\">-Quels types de proc\u00e9dures de s\u00e9curit\u00e9 sont en place pour prot\u00e9ger la perte, l&#039;utilisation abusive ou l&#039;alt\u00e9ration des informations sous notre contr\u00f4le; et Comment vous pouvez corriger les inexactitudes dans les informations.<\/span><\/strong><\/p>\n<ol>\n<li><strong><span data-preserver-spaces=\"true\">Informations que nous collectons et utilisons<\/span><\/strong><\/li>\n<\/ol>\n<p><span data-preserver-spaces=\"true\">Nature&#039;s Gift for Life recueille des informations sur le site \u00e0 deux \u00e9tapes diff\u00e9rentes. Premi\u00e8rement, nous recueillons des informations anonymes et agr\u00e9g\u00e9es (telles que le nom de domaine ou l&#039;adresse IP) de tous les visiteurs du site. Ce type d&#039;informations n&#039;est jamais li\u00e9 \u00e0 des informations personnellement identifiables et n&#039;est utilis\u00e9 que dans l&#039;ensemble pour g\u00e9n\u00e9rer des rapports statistiques sur l&#039;utilisation du site.<\/span><\/p>\n<p><span data-preserver-spaces=\"true\">Deuxi\u00e8mement, nous exigeons la soumission de certaines informations personnellement identifiables lorsque vous utilisez les services disponibles sur le site. Par exemple, votre utilisation de votre nom d&#039;utilisateur et de votre mot de passe nous permet de vous identifier en tant que client ou distributeur des produits Nature&#039;s Gift for Life.<\/span><\/p>\n<p><strong><span data-preserver-spaces=\"true\">2. Informations personnelles des enfants de moins de 13 ans<\/span><\/strong><\/p>\n<p><span data-preserver-spaces=\"true\">Nature&#039;s Gift for Life est conforme aux exigences de la loi sur la protection de la vie priv\u00e9e des enfants en ligne. Ce site n&#039;est pas destin\u00e9 aux enfants et nous ne collectons sciemment aucune information personnellement identifiable d&#039;enfants de moins de 13 ans via ce site.<\/span><\/p>\n<p><strong><span data-preserver-spaces=\"true\">3. Utilisation de vos informations personnelles<\/span><\/strong><\/p>\n<p><span data-preserver-spaces=\"true\">Sauf disposition contraire de la pr\u00e9sente politique de confidentialit\u00e9, Nature&#039;s Gift for Life ne vend pas, ne loue pas et ne partage pas les informations utilisateur \u00e0 ou avec des tiers non affili\u00e9s ou appartenant \u00e0 Nature&#039;s Gift for Life, \u00e0 l&#039;exception des fournisseurs de services qui peuvent aider Nature&#039;s Gift for Life. dans des domaines tels que le stockage de donn\u00e9es. Nature&#039;s Gift for Life ne donnera ni ne vendra jamais vos informations personnelles pour \u00eatre utilis\u00e9es dans le but de vous envoyer des offres commerciales non sollicit\u00e9es (telles que le \u00abspam\u00bb) d&#039;un tiers. Nous n&#039;utiliserons pas vos informations personnelles pour vous envoyer des offres commerciales non sollicit\u00e9es. Cependant, nous pouvons avoir besoin de vous contacter \u00e0 des fins autres que marketing, par exemple concernant le statut du site, votre compte ou d&#039;autres questions li\u00e9es \u00e0 votre r\u00f4le de distributeur des produits Nature&#039;s Gift for Life\u00ae. Vous ne pouvez pas refuser ces types de communications.<\/span><\/p>\n<p><strong><span data-preserver-spaces=\"true\">4. Utilisation des informations agr\u00e9g\u00e9es<\/span><\/strong><\/p>\n<p><span data-preserver-spaces=\"true\">Nous stockons les informations que nous collectons via des fichiers journaux pour cr\u00e9er un profil de nos utilisateurs. Les fichiers journaux enregistrent les adresses de protocole Internet (IP), les types de navigateurs, le fournisseur de services Internet (FAI), les pages de renvoi \/ de sortie, le type de plate-forme, la date \/ heure et un certain nombre de clics pour analyser les tendances, administrer le site, suivre les mouvements d&#039;un utilisateur. dans l&#039;ensemble, et de recueillir des informations d\u00e9mographiques g\u00e9n\u00e9rales pour une utilisation globale. Les adresses IP, etc. ne sont pas li\u00e9es \u00e0 des informations personnellement identifiables. Un \u00abprofil\u00bb est une information stock\u00e9e d\u00e9taillant la fa\u00e7on dont les utilisateurs individuels utilisent le site. Il est utilis\u00e9 uniquement \u00e0 des fins internes, pour nous aider \u00e0 am\u00e9liorer l&#039;exp\u00e9rience de nos utilisateurs. Nous ne partageons pas votre profil avec des tiers.<\/span><\/p>\n<p><strong><span data-preserver-spaces=\"true\">5. Divulgation des renseignements personnels conform\u00e9ment \u00e0 la loi<\/span><\/strong><\/p>\n<p><span data-preserver-spaces=\"true\">Nous divulguerons des informations personnelles lorsque la loi l&#039;exige, ou si nous croyons de bonne foi qu&#039;une telle action est n\u00e9cessaire pour (a) nous conformer \u00e0 une proc\u00e9dure judiciaire en cours, \u00e0 une ordonnance d&#039;un tribunal ou \u00e0 une proc\u00e9dure judiciaire qui nous est signifi\u00e9e, (b) prot\u00e9ger et d\u00e9fendre nos droits, ou (c) prot\u00e9ger les droits, la propri\u00e9t\u00e9 et d&#039;autres int\u00e9r\u00eats de nos utilisateurs ou d&#039;autres.<\/span><\/p>\n<p><strong><span data-preserver-spaces=\"true\">6. Transferts d&#039;entreprise<\/span><\/strong><\/p>\n<p><span data-preserver-spaces=\"true\">Dans le cas o\u00f9 Nature&#039;s Gift for Life subit une transition commerciale ou un transfert, comme une fusion, une acquisition par une autre soci\u00e9t\u00e9, ou la vente d&#039;une partie de ses actifs, ou dans le cas peu probable o\u00f9 Nature&#039;s Gift for Life ferait faillite ou fait faillite, les informations personnelles de nos utilisateurs peuvent faire partie des actifs transf\u00e9r\u00e9s. Vous reconnaissez que le nouveau propri\u00e9taire l\u00e9gal des informations peut continuer \u00e0 utiliser vos informations personnelles comme indiqu\u00e9 dans la pr\u00e9sente politique de confidentialit\u00e9.<\/span><\/p>\n<p><strong><span data-preserver-spaces=\"true\">7. Liens<\/span><\/strong><\/p>\n<p><span data-preserver-spaces=\"true\">Le site contient des liens vers d&#039;autres sites Web. Nature&#039;s Gift for Life n&#039;est pas responsable des pratiques de confidentialit\u00e9 ou du contenu de ces autres sites. Nous vous encourageons \u00e0 \u00eatre conscient lorsque vous quittez notre site et \u00e0 lire les d\u00e9clarations de confidentialit\u00e9 de chaque site Web qui recueille des informations personnellement identifiables. Cette politique de confidentialit\u00e9 s&#039;applique uniquement aux informations collect\u00e9es par notre site.<\/span><\/p>\n<p><strong><span data-preserver-spaces=\"true\">8. S\u00e9curit\u00e9<\/span><\/strong><\/p>\n<p><span data-preserver-spaces=\"true\">Nature&#039;s Gift for Life prend des pr\u00e9cautions commercialement raisonnables pour prot\u00e9ger vos informations. Cependant, \u00e9tant donn\u00e9 la nature d&#039;Internet et le fait que les mesures de s\u00e9curit\u00e9 du r\u00e9seau ne sont pas infaillibles, nous ne pouvons garantir la s\u00e9curit\u00e9 de vos informations. Nous nous effor\u00e7ons \u00e9galement de prot\u00e9ger vos informations hors ligne. Toutes les informations de nos utilisateurs, et pas seulement les informations sensibles mentionn\u00e9es ci-dessus, sont limit\u00e9es dans nos bureaux. Seuls les employ\u00e9s qui ont besoin de ces informations pour effectuer un travail sp\u00e9cifique ont acc\u00e8s aux informations personnellement identifiables. Tous les employ\u00e9s sont tenus au courant de nos pratiques en mati\u00e8re de s\u00e9curit\u00e9 et de confidentialit\u00e9. Enfin, les serveurs qui stockent vos informations personnelles identifiables sont h\u00e9berg\u00e9s dans un environnement s\u00e9curis\u00e9.<\/span><\/p>\n<p><span data-preserver-spaces=\"true\">Lors de votre inscription pour acc\u00e9der \u00e0 une zone s\u00e9curis\u00e9e du Site, nous vous demanderons de s\u00e9lectionner un nom d&#039;utilisateur et un mot de passe. Nous vous recommandons de ne divulguer votre mot de passe \u00e0 personne. Nous ne vous demanderons jamais votre mot de passe lors d&#039;un appel t\u00e9l\u00e9phonique non sollicit\u00e9 ou d&#039;un e-mail non sollicit\u00e9. N&#039;oubliez pas non plus de vous d\u00e9connecter du site enregistr\u00e9 et de fermer la fen\u00eatre de votre navigateur lorsque vous avez termin\u00e9 votre travail. Cela permet d&#039;\u00e9viter que d&#039;autres personnes ne puissent acc\u00e9der \u00e0 vos informations personnelles et \u00e0 votre correspondance lors de l&#039;acc\u00e8s \u00e0 votre ordinateur.<\/span><\/p>\n<p><strong><span data-preserver-spaces=\"true\">9. Correction, mise \u00e0 jour, suppression et d\u00e9sactivation des informations personnelles<\/span><\/strong><\/p>\n<p><span data-preserver-spaces=\"true\">Si vos informations personnellement identifiables changent, vous pouvez nous contacter pour corriger, mettre \u00e0 jour ou supprimer et d\u00e9sactiver notre enregistrement de vos informations personnellement identifiables.<\/span><\/p>\n<p><strong><span data-preserver-spaces=\"true\">10. Notification des changements<\/span><\/strong><\/p>\n<p><span data-preserver-spaces=\"true\">Si nous d\u00e9cidons de modifier notre politique de confidentialit\u00e9, nous publierons un avis bien en vue sur la page principale et d&#039;autres pages pour vous alerter du changement. Si la politique de confidentialit\u00e9 change mat\u00e9riellement de sorte que vos informations personnellement identifiables soient utilis\u00e9es d&#039;une mani\u00e8re diff\u00e9rente de celle indiqu\u00e9e au moment de la collecte, nous essaierons de vous contacter par e-mail pour vous donner le choix de savoir si nous pouvons ou non utilisez vos informations de cette mani\u00e8re diff\u00e9rente. Cependant, il vous incombe de vous assurer que nous avons une adresse e-mail de travail \u00e0 jour pour vous. Si l&#039;adresse e-mail que vous nous avez fournie est incorrecte ou n&#039;est plus utilisable, nous n&#039;aurons plus aucune obligation de vous en informer en dehors de la publication de l&#039;avis sur notre site. En outre, si nous apportons des modifications importantes \u00e0 nos pratiques de confidentialit\u00e9 qui affectent les informations utilisateur d\u00e9j\u00e0 stock\u00e9es dans notre base de donn\u00e9es, nous publierons un avis bien en vue sur la page principale pour informer les utilisateurs du changement. Dans certains cas, lorsque nous publions un avis, nous enverrons \u00e9galement un e-mail aux utilisateurs, qui ont choisi de recevoir des communications de notre part, les informant des changements dans nos pratiques de confidentialit\u00e9.<\/span><\/p>\n<p><strong><span data-preserver-spaces=\"true\">11. Coordonn\u00e9es<\/span><\/strong><\/p>\n<p><span data-preserver-spaces=\"true\">Pour plus d&#039;informations sur ce site ou sur les produits Nature&#039;s Gift for Life, veuillez nous contacter. Le cadeau de la nature pour la vie \u2122\u00a0<\/span><a class=\"editor-rtfLink\" href=\"https:\/\/www.naturesgiftforlife.com\/fr\/contact-us\/\" target=\"_blank\" rel=\"noopener\"><span data-preserver-spaces=\"true\">contact<\/span><\/a><\/p>\n<p>\u00a0<\/p>\n<p>\u00a0<\/p>\n<p><\/p>\t\t\t\t\t\t\t\t<\/div>\n\t\t\t\t<\/div>\n\t\t\t\t\t<\/div>\n\t\t<\/div>\n\t\t\t\t\t<\/div>\n\t\t<\/section>\n\t\t\t\t<\/div>","protected":false},"excerpt":{"rendered":"<p>Privacy Policy Nature\u2019s Gift for Life, LLC (\u201cNature\u2019s Gift for Life\u201d or \u201cwe\u201d) respects your individual privacy. This Privacy Policy documents our adherence to the highest industry standards for the<\/p>","protected":false},"author":1,"featured_media":0,"parent":0,"menu_order":0,"comment_status":"closed","ping_status":"open","template":"elementor_header_footer","meta":{"nf_dc_page":"","_bbp_topic_count":0,"_bbp_reply_count":0,"_bbp_total_topic_count":0,"_bbp_total_reply_count":0,"_bbp_voice_count":0,"_bbp_anonymous_reply_count":0,"_bbp_topic_count_hidden":0,"_bbp_reply_count_hidden":0,"_bbp_forum_subforum_count":0,"footnotes":""},"class_list":["post-3","page","type-page","status-publish","hentry"],"_links":{"self":[{"href":"https:\/\/www.naturesgiftforlife.com\/fr\/wp-json\/wp\/v2\/pages\/3","targetHints":{"allow":["GET"]}}],"collection":[{"href":"https:\/\/www.naturesgiftforlife.com\/fr\/wp-json\/wp\/v2\/pages"}],"about":[{"href":"https:\/\/www.naturesgiftforlife.com\/fr\/wp-json\/wp\/v2\/types\/page"}],"author":[{"embeddable":true,"href":"https:\/\/www.naturesgiftforlife.com\/fr\/wp-json\/wp\/v2\/users\/1"}],"replies":[{"embeddable":true,"href":"https:\/\/www.naturesgiftforlife.com\/fr\/wp-json\/wp\/v2\/comments?post=3"}],"version-history":[{"count":0,"href":"https:\/\/www.naturesgiftforlife.com\/fr\/wp-json\/wp\/v2\/pages\/3\/revisions"}],"wp:attachment":[{"href":"https:\/\/www.naturesgiftforlife.com\/fr\/wp-json\/wp\/v2\/media?parent=3"}],"curies":[{"name":"wp","href":"https:\/\/api.w.org\/{rel}","templated":true}]}}