{"id":2720,"date":"2020-09-23T12:11:34","date_gmt":"2020-09-23T12:11:34","guid":{"rendered":"http:\/\/www.livehealthylivehappy.com\/new\/?page_id=2720"},"modified":"2021-11-26T14:42:17","modified_gmt":"2021-11-26T14:42:17","slug":"male-infertility","status":"publish","type":"page","link":"https:\/\/www.naturesgiftforlife.com\/fr\/male-infertility\/","title":{"rendered":"Infertilit\u00e9 masculine"},"content":{"rendered":"<div data-elementor-type=\"wp-page\" data-elementor-id=\"2720\" class=\"elementor elementor-2720\">\n\t\t\t\t\t\t<section class=\"elementor-section elementor-top-section elementor-element elementor-element-43892e3f elementor-section-full_width elementor-section-height-default elementor-section-height-default\" data-id=\"43892e3f\" data-element_type=\"section\" data-e-type=\"section\" data-settings=\"{&quot;shape_divider_bottom&quot;:&quot;mountains&quot;}\">\n\t\t\t\t\t<div class=\"elementor-shape elementor-shape-bottom\" aria-hidden=\"true\" data-negative=\"false\">\n\t\t\t<svg xmlns=\"http:\/\/www.w3.org\/2000\/svg\" viewbox=\"0 0 1000 100\" preserveaspectratio=\"none\">\n\t<path class=\"elementor-shape-fill\" opacity=\"0.33\" d=\"M473,67.3c-203.9,88.3-263.1-34-320.3,0C66,119.1,0,59.7,0,59.7V0h1000v59.7 c0,0-62.1,26.1-94.9,29.3c-32.8,3.3-62.8-12.3-75.8-22.1C806,49.6,745.3,8.7,694.9,4.7S492.4,59,473,67.3z\"\/>\n\t<path class=\"elementor-shape-fill\" opacity=\"0.66\" d=\"M734,67.3c-45.5,0-77.2-23.2-129.1-39.1c-28.6-8.7-150.3-10.1-254,39.1 s-91.7-34.4-149.2,0C115.7,118.3,0,39.8,0,39.8V0h1000v36.5c0,0-28.2-18.5-92.1-18.5C810.2,18.1,775.7,67.3,734,67.3z\"\/>\n\t<path class=\"elementor-shape-fill\" d=\"M766.1,28.9c-200-57.5-266,65.5-395.1,19.5C242,1.8,242,5.4,184.8,20.6C128,35.8,132.3,44.9,89.9,52.5C28.6,63.7,0,0,0,0 h1000c0,0-9.9,40.9-83.6,48.1S829.6,47,766.1,28.9z\"\/>\n<\/svg>\t\t<\/div>\n\t\t\t\t\t<div class=\"elementor-container elementor-column-gap-no\">\n\t\t\t\t\t<div class=\"elementor-column elementor-col-50 elementor-top-column elementor-element elementor-element-1dbc9abe\" data-id=\"1dbc9abe\" data-element_type=\"column\" data-e-type=\"column\">\n\t\t\t<div class=\"elementor-widget-wrap elementor-element-populated\">\n\t\t\t\t\t\t<div class=\"elementor-element elementor-element-d209be8 elementor-widget elementor-widget-heading\" data-id=\"d209be8\" data-element_type=\"widget\" data-e-type=\"widget\" data-widget_type=\"heading.default\">\n\t\t\t\t<div class=\"elementor-widget-container\">\n\t\t\t\t\t<h2 class=\"elementor-heading-title elementor-size-default\">PRODUITS RECOMMAND\u00c9S PAR LES M\u00c9DECINS <\/h2>\t\t\t\t<\/div>\n\t\t\t\t<\/div>\n\t\t\t\t<div class=\"elementor-element elementor-element-39d6a81b elementor-widget elementor-widget-text-editor\" data-id=\"39d6a81b\" data-element_type=\"widget\" data-e-type=\"widget\" data-widget_type=\"text-editor.default\">\n\t\t\t\t<div class=\"elementor-widget-container\">\n\t\t\t\t\t\t\t\t\t<div class=\"woocommerce columns-3\">\n<ul data-view=\"grid\" data-toggle=\"regular-products\" class=\"products products list-unstyled row g-0 row-cols-2 row-cols-md-3 row-cols-lg-3 row-cols-xl-3 row-cols-xxl-5\">\n<li class=\"product type-product post-3136 status-publish first instock product_cat-male-infertility has-post-thumbnail shipping-taxable purchasable product-type-bundle\">\n<div class=\"product-outer product-item__outer\">\n<div class=\"product-inner product-item__inner\">\n<div class=\"product-loop-header product-item__header\"><span class=\"loop-product-categories\"><a href=\"https:\/\/www.naturesgiftforlife.com\/fr\/categorie-produit\/male-infertility\/\" rel=\"tag\">Infertilit\u00e9 masculine<\/a><\/span><a href=\"https:\/\/www.naturesgiftforlife.com\/fr\/shop\/herbal-male-fertility-2\/\" class=\"woocommerce-LoopProduct-link woocommerce-loop-product__link\"><\/p>\n<h2 class=\"woocommerce-loop-product__title\" data-no-translation=\"\">Herbal Male Fertility 60Cap(Male Infertility)<\/h2>\n<div class=\"product-thumbnail product-item__thumbnail\"><img fetchpriority=\"high\" decoding=\"async\" width=\"264\" height=\"396\" src=\"https:\/\/www.naturesgiftforlife.com\/wp-content\/uploads\/2020\/09\/herbal-male-2-1-264x396.jpg\" class=\"attachment-woocommerce_thumbnail size-woocommerce_thumbnail\" alt=\"Herbal Male Fertility\" data-xoowscfly=\"fly\" title=\"\"><\/div>\n<p><\/a><\/div>\n<p><!-- \/.product-loop-header --><\/p>\n<div class=\"product-loop-body product-item__body\"><span class=\"loop-product-categories\"><a href=\"https:\/\/www.naturesgiftforlife.com\/fr\/categorie-produit\/male-infertility\/\" rel=\"tag\">Infertilit\u00e9 masculine<\/a><\/span><a href=\"https:\/\/www.naturesgiftforlife.com\/fr\/shop\/herbal-male-fertility-2\/\" class=\"woocommerce-LoopProduct-link woocommerce-loop-product__link\"><\/p>\n<h2 class=\"woocommerce-loop-product__title\" data-no-translation=\"\">Herbal Male Fertility 60Cap(Male Infertility)<\/h2>\n<div class=\"product-rating\">\n<div class=\"star-rating\" title=\"Not\u00e9 0 sur 5\"><span style=\"width:0%\"><strong class=\"rating\">0<\/strong> sur 5<\/span><\/div>\n<p> (0)\n\t\t<\/p><\/div>\n<div class=\"product-short-description\">\n<p><a name=\"buy\"><\/a><\/p>\n<p><span style=\"text-decoration: underline;color: #3366ff\"><strong>Avantages de ce produit pour (Infertilit\u00e9 masculine)<\/strong><\/span><\/p>\n<ul>\n<li>Fertilit\u00e9 masculine \u00e0 base de plantes<\/li>\n<li><strong><span style=\"font-family: go\"><span class=\"fontstyle0\">Soutient la fonction des organes sexuels masculins (prostate, v\u00e9sicules s\u00e9minales, testicules, p\u00e9nis)<br \/>\n<\/span><\/span><\/strong><\/li>\n<li><strong><span style=\"font-family: go\"><span class=\"fontstyle0\">Aide \u00e0 maintenir une production, une motilit\u00e9 et une sant\u00e9 saines du sperme <\/span><\/span><\/strong><strong><strong><span style=\"font-family: go\"><span class=\"fontstyle0\"><br \/>\n<\/span><\/span><\/strong><\/strong><\/li>\n<\/ul>\n<p><strong>\u00a0\u00a0\u00a0\u00a0\u00a0 &gt;&gt;&gt;<span style=\"font-family: go;font-size: 14pt\"><a href=\"#more\"><span style=\"color: #0000ff\">Lire la suite<\/span><\/a><\/span><\/strong><\/p>\n<\/p><\/div>\n<div class=\"product-sku\">UGS : n\/a<\/div>\n<p><\/a><\/div>\n<p><!-- \/.product-loop-body --><\/p>\n<div class=\"product-loop-footer product-item__footer\">\n<div class=\"price-add-to-cart\">\n\t<span class=\"price\"><span class=\"electro-price\"><span class=\"woocommerce-Price-amount amount\"><bdi>22,980<span class=\"woocommerce-Price-currencySymbol\">CFA<\/span><\/bdi><\/span><\/span><\/span><\/p>\n<div class=\"add-to-cart-wrap show-in-mobile\" data-toggle=\"tooltip\" data-title=\"Add To Cart\"><a href=\"\/fr\/wp-json\/wp\/v2\/pages\/2720?add-to-cart=3136\" aria-describedby=\"woocommerce_loop_add_to_cart_link_describedby_3136\" data-quantity=\"1\" class=\"button product_type_bundle add_to_cart_button ajax_add_to_cart\" data-product_id=\"3136\" data-product_sku=\"\" aria-label=\"En savoir plus sur \u201cHerbal Male Fertility 60Cap(Male Infertility)\u201d\" rel=\"nofollow\" role=\"button\" data-no-translation-aria-label=\"\">Ajouter au chariot<\/a><\/div>\n<p>\t<span id=\"woocommerce_loop_add_to_cart_link_describedby_3136\" class=\"screen-reader-text\"><br \/>\n\t\t\t<\/span>\n<\/div>\n<p><!-- \/.price-add-to-cart --><\/p>\n<div class=\"hover-area\">\n<div class=\"action-buttons\"><\/div>\n<\/div>\n<\/div>\n<p><!-- \/.product-loop-footer --><\/div>\n<p><!-- \/.product-inner --><\/div>\n<p><!-- \/.product-outer --><\/li>\n<li class=\"product type-product post-3124 status-publish instock product_cat-male-infertility has-post-thumbnail sold-individually shipping-taxable purchasable product-type-bundle\">\n<div class=\"product-outer product-item__outer\">\n<div class=\"product-inner product-item__inner\">\n<div class=\"product-loop-header product-item__header\"><span class=\"loop-product-categories\"><a href=\"https:\/\/www.naturesgiftforlife.com\/fr\/categorie-produit\/male-infertility\/\" rel=\"tag\">Infertilit\u00e9 masculine<\/a><\/span><a href=\"https:\/\/www.naturesgiftforlife.com\/fr\/shop\/fertiman-male-infertility-copy\/\" class=\"woocommerce-LoopProduct-link woocommerce-loop-product__link\"><\/p>\n<h2 class=\"woocommerce-loop-product__title\" data-no-translation=\"\">Male Sperm Booster (Male Infertility)<\/h2>\n<div class=\"product-thumbnail product-item__thumbnail\"><img decoding=\"async\" width=\"264\" height=\"396\" src=\"https:\/\/www.naturesgiftforlife.com\/wp-content\/uploads\/2020\/09\/male-sperm-1-264x396.jpg\" class=\"attachment-woocommerce_thumbnail size-woocommerce_thumbnail\" alt=\"Male Sperm Booster (Male Infertility)\" data-xoowscfly=\"fly\" title=\"\"><\/div>\n<p><\/a><\/div>\n<p><!-- \/.product-loop-header --><\/p>\n<div class=\"product-loop-body product-item__body\"><span class=\"loop-product-categories\"><a href=\"https:\/\/www.naturesgiftforlife.com\/fr\/categorie-produit\/male-infertility\/\" rel=\"tag\">Infertilit\u00e9 masculine<\/a><\/span><a href=\"https:\/\/www.naturesgiftforlife.com\/fr\/shop\/fertiman-male-infertility-copy\/\" class=\"woocommerce-LoopProduct-link woocommerce-loop-product__link\"><\/p>\n<h2 class=\"woocommerce-loop-product__title\" data-no-translation=\"\">Male Sperm Booster (Male Infertility)<\/h2>\n<div class=\"product-rating\">\n<div class=\"star-rating\" title=\"Not\u00e9 0 sur 5\"><span style=\"width:0%\"><strong class=\"rating\">0<\/strong> sur 5<\/span><\/div>\n<p> (0)\n\t\t<\/p><\/div>\n<div class=\"product-short-description\">\n<p><a name=\"buy\"><\/a><br \/>\n<span style=\"text-decoration: underline;color: #3366ff\"><strong>Avantages de ce produit pour (Infertilit\u00e9 masculine)<\/strong><\/span><\/p>\n<ul>\n<li><strong><span style=\"font-family: go\"><span class=\"fontstyle0\">Am\u00e9liore le nombre et la motilit\u00e9 des spermatozo\u00efdes, tout en augmentant le d\u00e9sir sexuel et l&#039;\u00e9jaculation\u00a0<\/span><\/span><\/strong><\/li>\n<li><strong><span style=\"font-family: go\"><span class=\"fontstyle0\">Contient des vitamines et des min\u00e9raux essentiels \u00e0 la production et au bon fonctionnement du sperme<\/span><\/span><\/strong> <strong><strong><span style=\"font-family: go\"><span class=\"fontstyle0\"><br \/>\n<\/span><\/span><\/strong><\/strong><\/li>\n<\/ul>\n<p><strong>\u00a0\u00a0\u00a0\u00a0\u00a0 &gt;&gt;&gt;<span style=\"font-family: go;font-size: 14pt\"><a href=\"#more\"><span style=\"color: #0000ff\">Lire la suite<\/span><\/a><\/span><\/strong><\/p>\n<\/p><\/div>\n<div class=\"product-sku\">UGS : n\/a<\/div>\n<p><\/a><\/div>\n<p><!-- \/.product-loop-body --><\/p>\n<div class=\"product-loop-footer product-item__footer\">\n<div class=\"price-add-to-cart\">\n\t<span class=\"price\"><span class=\"electro-price\"><span class=\"woocommerce-Price-amount amount\"><bdi>22,980<span class=\"woocommerce-Price-currencySymbol\">CFA<\/span><\/bdi><\/span><\/span><\/span><\/p>\n<div class=\"add-to-cart-wrap show-in-mobile\" data-toggle=\"tooltip\" data-title=\"Add To Cart\"><a href=\"\/fr\/wp-json\/wp\/v2\/pages\/2720?add-to-cart=3124\" aria-describedby=\"woocommerce_loop_add_to_cart_link_describedby_3124\" data-quantity=\"1\" class=\"button product_type_bundle add_to_cart_button ajax_add_to_cart\" data-product_id=\"3124\" data-product_sku=\"\" aria-label=\"En savoir plus sur \u201cMale Sperm Booster (Male Infertility)\u201d\" rel=\"nofollow\" role=\"button\" data-no-translation-aria-label=\"\">Ajouter au chariot<\/a><\/div>\n<p>\t<span id=\"woocommerce_loop_add_to_cart_link_describedby_3124\" class=\"screen-reader-text\"><br \/>\n\t\t\t<\/span>\n<\/div>\n<p><!-- \/.price-add-to-cart --><\/p>\n<div class=\"hover-area\">\n<div class=\"action-buttons\"><\/div>\n<\/div>\n<\/div>\n<p><!-- \/.product-loop-footer --><\/div>\n<p><!-- \/.product-inner --><\/div>\n<p><!-- \/.product-outer --><\/li>\n<\/ul>\n<\/div>\n\n<p>\u00a0<\/p>\n\t\t\t\t\t\t\t\t<\/div>\n\t\t\t\t<\/div>\n\t\t\t\t\t<\/div>\n\t\t<\/div>\n\t\t\t\t<div class=\"elementor-column elementor-col-50 elementor-top-column elementor-element elementor-element-42bfec1\" data-id=\"42bfec1\" data-element_type=\"column\" data-e-type=\"column\" data-settings=\"{&quot;background_background&quot;:&quot;classic&quot;}\">\n\t\t\t<div class=\"elementor-widget-wrap elementor-element-populated\">\n\t\t\t\t\t<div class=\"elementor-background-overlay\"><\/div>\n\t\t\t\t\t\t<div class=\"elementor-element elementor-element-8e7ce02 elementor-widget elementor-widget-accordion\" data-id=\"8e7ce02\" data-element_type=\"widget\" data-e-type=\"widget\" data-widget_type=\"accordion.default\">\n\t\t\t\t<div class=\"elementor-widget-container\">\n\t\t\t\t\t\t\t<div class=\"elementor-accordion\">\n\t\t\t\t\t\t\t<div class=\"elementor-accordion-item\">\n\t\t\t\t\t<h2 id=\"elementor-tab-title-1491\" class=\"elementor-tab-title\" data-tab=\"1\" role=\"button\" aria-controls=\"elementor-tab-content-1491\" aria-expanded=\"false\">\n\t\t\t\t\t\t\t\t\t\t\t\t<a class=\"elementor-accordion-title\" tabindex=\"0\">Infertilit\u00e9 masculine<\/a>\n\t\t\t\t\t<\/h2>\n\t\t\t\t\t<div id=\"elementor-tab-content-1491\" class=\"elementor-tab-content elementor-clearfix\" data-tab=\"1\" role=\"region\" aria-labelledby=\"elementor-tab-title-1491\"><p><a href=\"http:\/\/www.google.com\" target=\"_blank\" rel=\"noopener\">Infertilit\u00e9<\/a> est g\u00e9n\u00e9ralement diagnostiqu\u00e9 lorsqu&#039;un couple est incapable d&#039;obtenir une grossesse apr\u00e8s un an de rapports sexuels non prot\u00e9g\u00e9s (ou apr\u00e8s six mois si la femme a plus de 35 ans). L&#039;infertilit\u00e9 dans un couple peut \u00eatre due \u00e0 un probl\u00e8me m\u00e9dical chez l&#039;homme, la femme ou les deux. Lorsque la source du probl\u00e8me existe avec le partenaire masculin, on parle d&#039;infertilit\u00e9 masculine. <a href=\"https:\/\/www.naturesgiftforlife.com\/fr\/shop\/herbal-male-fertility\/\">Infertilit\u00e9 masculine<\/a> les probl\u00e8mes contribuent \u00e0 environ 50% de tous les cas d&#039;infertilit\u00e9. Les troubles du sperme repr\u00e9sentent les causes les plus courantes d&#039;infertilit\u00e9 masculine et sont souvent symptomatiques d&#039;autres maladies ou troubles.<\/p>\n<p><strong>Infertilit\u00e9 masculine<\/strong><\/p>\n<p><a href=\"https:\/\/www.naturesgiftforlife.com\/fr\/shop\/male-sperm-booster\/\">Sperme<\/a> doit \u00eatre correctement form\u00e9 et capable de se d\u00e9placer rapidement et avec pr\u00e9cision vers l&#039;\u0153uf pour <a href=\"https:\/\/www.naturesgiftforlife.com\/fr\/shop\/female-fertility-formula\/\">fertilisation<\/a> arriver. Si la forme et la structure (morphologie) des spermatozo\u00efdes sont anormales ou si le mouvement (motilit\u00e9) est alt\u00e9r\u00e9, les spermatozo\u00efdes peuvent ne pas \u00eatre en mesure d&#039;atteindre ou de p\u00e9n\u00e9trer dans l&#039;ovule. \u00c0 cette fin, un <a href=\"https:\/\/www.naturesgiftforlife.com\/fr\/shop\/evening-primrose-oil\/\">sperme<\/a> l&#039;analyse est souvent critique pour d\u00e9terminer la cause exacte de l&#039;infertilit\u00e9 masculine. L&#039;analyse porte sur plusieurs facteurs, notamment :<\/p><\/div>\n\t\t\t\t<\/div>\n\t\t\t\t\t\t\t<div class=\"elementor-accordion-item\">\n\t\t\t\t\t<h2 id=\"elementor-tab-title-1492\" class=\"elementor-tab-title\" data-tab=\"2\" role=\"button\" aria-controls=\"elementor-tab-content-1492\" aria-expanded=\"false\">\n\t\t\t\t\t\t\t\t\t\t\t\t<a class=\"elementor-accordion-title\" tabindex=\"0\">Lire la suite...<\/a>\n\t\t\t\t\t<\/h2>\n\t\t\t\t\t<div id=\"elementor-tab-content-1492\" class=\"elementor-tab-content elementor-clearfix\" data-tab=\"2\" role=\"region\" aria-labelledby=\"elementor-tab-title-1492\"><p>\u2022 Volume de sperme: le volume normal est de 1,0 \u00e0 6,5 millilitres (ml) par \u00e9jaculat. Dans de tr\u00e8s rares cas, il y a une absence de sperme, appel\u00e9e aspermie.<\/p>\n<p>\u2022 Nombre de spermatozo\u00efdes: le nombre normal de spermatozo\u00efdes est d\u00e9fini par l&#039;OMS comme sup\u00e9rieur \u00e0 20 millions de spermatozo\u00efdes par ml. Un d\u00e9compte inf\u00e9rieur \u00e0 20 millions \/ ml est appel\u00e9 oligospermie, tandis que l&#039;absence de spermatozo\u00efdes est appel\u00e9e azoospermie.<\/p>\n<p>\u2022 Motilit\u00e9 des spermatozo\u00efdes: capacit\u00e9 de mouvement vers l&#039;avant. La motilit\u00e9 normale est d&#039;environ 8 millions de spermatozo\u00efdes par ml montrant une bonne motilit\u00e9.<\/p>\n<p>\u2022 Morphologie des spermatozo\u00efdes: mesure du nombre de spermatozo\u00efdes de forme normale, dans laquelle 70% indique une bonne morphologie. Les spermatozo\u00efdes de forme anormale poss\u00e8dent des qualit\u00e9s aberrantes de la t\u00eate (deux t\u00eates, petites t\u00eates, t\u00eates rondes) ou de la queue (deux queues, courtes queues). Ces formes ont \u00e9galement tendance \u00e0 affecter leur motilit\u00e9.<\/p>\n<p>\u2022 Autres qualit\u00e9s du sperme: Les autres causes d&#039;infertilit\u00e9 masculine comprennent le temps de liqu\u00e9faction, les niveaux de pH et les niveaux de fructose. Un nombre hors moyenne dans n&#039;importe quel facteur peut indiquer l&#039;infertilit\u00e9.<\/p>\n<p><span style=\"text-decoration: underline;\">Causes de l&#039;infertilit\u00e9 masculine<\/span> Diminution de la production ou de la fonction du sperme. Comme mentionn\u00e9 pr\u00e9c\u00e9demment, la plupart des cas d&#039;infertilit\u00e9 masculine sont dus \u00e0 des probl\u00e8mes avec le sperme. Ces probl\u00e8mes peuvent \u00eatre li\u00e9s \u00e0 d&#039;autres conditions telles que: la varicoc\u00e8le (une varice dans le scrotum qui peut emp\u00eacher le refroidissement normal du testicule, entra\u00eenant une r\u00e9duction du nombre de spermatozo\u00efdes et de la motilit\u00e9); Testicule non descendu; D\u00e9ficit en testost\u00e9rone (hypogonadisme masculin); Des d\u00e9fauts g\u00e9n\u00e9tiques comme le syndrome de Klinefelter. Infections: l&#039;infection peut affecter temporairement la motilit\u00e9 des spermatozo\u00efdes. Des \u00e9pisodes r\u00e9p\u00e9t\u00e9s de maladies sexuellement transmissibles (MST), telles que la chlamydia et la gonorrh\u00e9e, sont le plus souvent associ\u00e9s \u00e0 l&#039;infertilit\u00e9 masculine. Ces infections peuvent provoquer des cicatrices et bloquer le passage des spermatozo\u00efdes. Si l&#039;homme avait des oreillons apr\u00e8s la pubert\u00e9, l&#039;inflammation des testicules \u00e0 ce moment-l\u00e0 pourrait nuire \u00e0 la production de spermatozo\u00efdes. L&#039;inflammation de la prostate (prostatite), de l&#039;ur\u00e8tre ou de l&#039;\u00e9pididyme peut \u00e9galement alt\u00e9rer la motilit\u00e9 des spermatozo\u00efdes. Difficult\u00e9 \u00e0 d\u00e9livrer du sperme. Les probl\u00e8mes de distribution de sperme du p\u00e9nis dans le vagin peuvent entra\u00eener une infertilit\u00e9. Ceux-ci peuvent inclure:<\/p>\n<p>\u2022 Probl\u00e8mes sexuels: les probl\u00e8mes li\u00e9s aux rapports sexuels ou \u00e0 la technique, notamment: la dysfonction \u00e9rectile, l&#039;\u00e9jaculation pr\u00e9matur\u00e9e, les rapports sexuels douloureux et les probl\u00e8mes psychologiques ou relationnels peuvent nuire \u00e0 la d\u00e9livrance du sperme. L&#039;utilisation de lubrifiants, tels que des huiles ou de la vaseline, peut \u00e9galement \u00eatre toxique pour les spermatozo\u00efdes.<\/p>\n<p>\u2022 \u00c9jaculation r\u00e9trograde: cela se produit lorsque le sperme p\u00e9n\u00e8tre dans la vessie pendant l&#039;orgasme plut\u00f4t que de sortir par le p\u00e9nis. Diverses conditions peuvent provoquer une \u00e9jaculation r\u00e9trograde, y compris le diab\u00e8te, la vessie, la chirurgie de la prostate ou de l&#039;ur\u00e8tre et l&#039;utilisation de certains m\u00e9dicaments.<\/p>\n<p>\u2022 Blocage de l&#039;\u00e9pididyme ou des canaux \u00e9jaculateurs: certains hommes naissent avec un blocage de la partie du testicule qui contient le sperme (\u00e9pididyme) ou les canaux \u00e9jaculateurs. Certains hommes n&#039;ont pas le tube qui transporte le sperme (canal d\u00e9f\u00e9rent) du testicule \u00e0 l&#039;ouverture du p\u00e9nis.<\/p>\n<p>\u2022 Pas de sperme (\u00e9jaculat): L&#039;absence d&#039;\u00e9jaculat peut survenir chez les hommes souffrant de l\u00e9sions ou de maladies de la moelle \u00e9pini\u00e8re. C&#039;est le liquide transportant le sperme du p\u00e9nis dans le vagin.<\/p>\n<p>\u2022 Ouverture urinaire mal plac\u00e9e (hypospadias): une anomalie cong\u00e9nitale peut entra\u00eener une anomalie de la position de l&#039;ouverture urinaire (ur\u00e9trale) sur la face inf\u00e9rieure du p\u00e9nis. Si elle n&#039;est pas corrig\u00e9e chirurgicalement, cette condition peut emp\u00eacher les spermatozo\u00efdes d&#039;atteindre le col de la femme.<\/p>\n<p>\u2022 Anticorps anti-spermatozo\u00efdes: les anticorps qui ciblent les spermatozo\u00efdes et les affaiblissent ou les d\u00e9sactivent se produisent g\u00e9n\u00e9ralement apr\u00e8s le blocage chirurgical d&#039;une partie du canal d\u00e9f\u00e9rent pour la st\u00e9rilisation masculine (vasectomie). La pr\u00e9sence de ces anticorps peut compliquer l&#039;inversion d&#039;une vasectomie.<\/p>\n<p>\u2022 Fibrose kystique: les hommes atteints de fibrose kystique ont souvent un canal d\u00e9f\u00e9rent obstru\u00e9 ou manquant<\/p>\n<p>Dans de nombreux cas, aucune cause de r\u00e9duction de la production de spermatozo\u00efdes n&#039;est trouv\u00e9e. Lorsque la concentration de spermatozo\u00efdes est inf\u00e9rieure \u00e0 5 millions par ml de sperme, des causes g\u00e9n\u00e9tiques peuvent \u00eatre impliqu\u00e9es. Un test sanguin peut r\u00e9v\u00e9ler s&#039;il y a des changements subtils dans le chromosome Y.<\/p>\n<p><span style=\"text-decoration: underline;\">Sant\u00e9 g\u00e9n\u00e9rale et mode de vie<\/span> La sant\u00e9 g\u00e9n\u00e9rale et le mode de vie d&#039;un homme peuvent affecter la fertilit\u00e9. Certaines causes courantes d&#039;infertilit\u00e9 li\u00e9es \u00e0 la sant\u00e9 et au mode de vie comprennent:<\/p>\n<p><span style=\"text-decoration: underline;\">Ob\u00e9sit\u00e9<\/span> Stress \u00e9motionnel<\/p>\n<p><span style=\"text-decoration: underline;\">Malnutrition<\/span> - Les carences en nutriments tels que la vitamine C, le s\u00e9l\u00e9nium, le zinc et le folate peuvent contribuer \u00e0 l&#039;infertilit\u00e9<\/p>\n<p><span style=\"text-decoration: underline;\">Cancer et son traitement<\/span> - La radioth\u00e9rapie et la chimioth\u00e9rapie du cancer peuvent alt\u00e9rer la production de spermatozo\u00efdes. Plus la radioth\u00e9rapie est proche des testicules, plus le risque d&#039;infertilit\u00e9 est \u00e9lev\u00e9. L&#039;ablation d&#039;un ou des deux testicules en raison d&#039;un cancer peut \u00e9galement affecter la fertilit\u00e9.<\/p>\n<p><span style=\"text-decoration: underline;\">Alcool et drogues -<\/span> La d\u00e9pendance \u00e0 l&#039;alcool ou aux drogues peut \u00eatre associ\u00e9e \u00e0 une mauvaise sant\u00e9 et \u00e0 une fertilit\u00e9 r\u00e9duite. L&#039;utilisation de certains m\u00e9dicaments peut \u00e9galement contribuer \u00e0 l&#039;infertilit\u00e9. Les st\u00e9ro\u00efdes anabolisants, par exemple, peuvent provoquer une contraction des testicules et une diminution de la production de spermatozo\u00efdes. La consommation de coca\u00efne ou de marijuana peut r\u00e9duire temporairement le nombre et la qualit\u00e9 de votre sperme.<\/p>\n<p><span style=\"text-decoration: underline;\">Fumer -<\/span> Les hommes qui fument des cigarettes peuvent avoir un nombre de spermatozo\u00efdes inf\u00e9rieur \u00e0 ceux qui ne fument pas.<\/p>\n<p><span style=\"text-decoration: underline;\">AUTRES CONDITIONS M\u00c9DICALES<\/span> Une blessure grave ou une intervention chirurgicale majeure peut affecter la fertilit\u00e9. Certaines maladies ou affections, telles que le diab\u00e8te, la thyro\u00efde, le syndrome de Cushing ou l&#039;an\u00e9mie, peuvent \u00eatre associ\u00e9es \u00e0 l&#039;infertilit\u00e9. \u00c2ge - Une baisse progressive de la fertilit\u00e9 est courante chez les hommes de plus de 35 ans.<\/p>\n<p><span style=\"text-decoration: underline;\"> Pr\u00e9occupations environnementales<\/span> La surexposition \u00e0 certains \u00e9l\u00e9ments environnementaux tels que la chaleur, les toxines et les produits chimiques peut r\u00e9duire le nombre de spermatozo\u00efdes soit directement en affectant la fonction testiculaire, soit indirectement en modifiant le syst\u00e8me hormonal masculin. Les causes sp\u00e9cifiques comprennent:<\/p>\n<p>\u2022 Pesticides et autres produits chimiques. Les herbicides et les insecticides peuvent provoquer des effets analogues aux hormones f\u00e9minines dans le corps masculin et peuvent \u00eatre associ\u00e9s \u00e0 une r\u00e9duction de la production de spermatozo\u00efdes et au cancer des testicules. L&#039;exposition au plomb peut \u00e9galement provoquer l&#039;infertilit\u00e9.<\/p>\n<p>\u2022 Surchauffe des testicules. L&#039;utilisation fr\u00e9quente de saunas ou de spas peut \u00e9lever votre temp\u00e9rature corporelle. Cela peut nuire \u00e0 votre production de spermatozo\u00efdes et r\u00e9duire votre nombre de spermatozo\u00efdes.<\/p>\n<p>Des tests appropri\u00e9s doivent \u00eatre effectu\u00e9s pour d\u00e9terminer la cause potentielle de l&#039;infertilit\u00e9 masculine. Parfois, aucune cause sp\u00e9cifique ne peut \u00eatre identifi\u00e9e. Dans de nombreux cas, l&#039;infertilit\u00e9 est un probl\u00e8me inoffensif et r\u00e9pond facilement au traitement.<\/p><\/div>\n\t\t\t\t<\/div>\n\t\t\t\t\t\t\t<div class=\"elementor-accordion-item\">\n\t\t\t\t\t<h2 id=\"elementor-tab-title-1493\" class=\"elementor-tab-title\" data-tab=\"3\" role=\"button\" aria-controls=\"elementor-tab-content-1493\" aria-expanded=\"false\">\n\t\t\t\t\t\t\t\t\t\t\t\t<a class=\"elementor-accordion-title\" tabindex=\"0\">proche<\/a>\n\t\t\t\t\t<\/h2>\n\t\t\t\t\t<div id=\"elementor-tab-content-1493\" class=\"elementor-tab-content elementor-clearfix\" data-tab=\"3\" role=\"region\" aria-labelledby=\"elementor-tab-title-1493\"><\/div>\n\t\t\t\t<\/div>\n\t\t\t\t\t\t\t\t<\/div>\n\t\t\t\t\t\t<\/div>\n\t\t\t\t<\/div>\n\t\t\t\t\t<\/div>\n\t\t<\/div>\n\t\t\t\t\t<\/div>\n\t\t<\/section>\n\t\t\t\t<\/div>","protected":false},"excerpt":{"rendered":"<p>PRODUITS RECOMMAND\u00c9S PAR LES M\u00c9DECINS Infertilit\u00e9 masculine L&#039;infertilit\u00e9 est g\u00e9n\u00e9ralement diagnostiqu\u00e9e lorsqu&#039;un couple est incapable d&#039;obtenir une grossesse apr\u00e8s un an de rapports sexuels non prot\u00e9g\u00e9s (ou apr\u00e8s six mois si le<\/p>","protected":false},"author":1,"featured_media":0,"parent":0,"menu_order":0,"comment_status":"closed","ping_status":"closed","template":"template-page-sidebar-left.php","meta":{"nf_dc_page":"","_bbp_topic_count":0,"_bbp_reply_count":0,"_bbp_total_topic_count":0,"_bbp_total_reply_count":0,"_bbp_voice_count":0,"_bbp_anonymous_reply_count":0,"_bbp_topic_count_hidden":0,"_bbp_reply_count_hidden":0,"_bbp_forum_subforum_count":0,"footnotes":""},"class_list":["post-2720","page","type-page","status-publish","hentry"],"_links":{"self":[{"href":"https:\/\/www.naturesgiftforlife.com\/fr\/wp-json\/wp\/v2\/pages\/2720","targetHints":{"allow":["GET"]}}],"collection":[{"href":"https:\/\/www.naturesgiftforlife.com\/fr\/wp-json\/wp\/v2\/pages"}],"about":[{"href":"https:\/\/www.naturesgiftforlife.com\/fr\/wp-json\/wp\/v2\/types\/page"}],"author":[{"embeddable":true,"href":"https:\/\/www.naturesgiftforlife.com\/fr\/wp-json\/wp\/v2\/users\/1"}],"replies":[{"embeddable":true,"href":"https:\/\/www.naturesgiftforlife.com\/fr\/wp-json\/wp\/v2\/comments?post=2720"}],"version-history":[{"count":0,"href":"https:\/\/www.naturesgiftforlife.com\/fr\/wp-json\/wp\/v2\/pages\/2720\/revisions"}],"wp:attachment":[{"href":"https:\/\/www.naturesgiftforlife.com\/fr\/wp-json\/wp\/v2\/media?parent=2720"}],"curies":[{"name":"wp","href":"https:\/\/api.w.org\/{rel}","templated":true}]}}