{"id":2697,"date":"2020-09-23T09:50:15","date_gmt":"2020-09-23T09:50:15","guid":{"rendered":"http:\/\/www.livehealthylivehappy.com\/new\/?page_id=2697"},"modified":"2021-08-24T10:57:17","modified_gmt":"2021-08-24T10:57:17","slug":"hiv-aids","status":"publish","type":"page","link":"https:\/\/www.naturesgiftforlife.com\/fr\/hiv-aids\/","title":{"rendered":"VIH-SIDA"},"content":{"rendered":"<div data-elementor-type=\"wp-page\" data-elementor-id=\"2697\" class=\"elementor elementor-2697\">\n\t\t\t\t\t\t<section class=\"elementor-section elementor-top-section elementor-element elementor-element-43892e3f elementor-section-full_width elementor-section-height-default elementor-section-height-default\" data-id=\"43892e3f\" data-element_type=\"section\" data-e-type=\"section\" data-settings=\"{&quot;shape_divider_bottom&quot;:&quot;mountains&quot;}\">\n\t\t\t\t\t<div class=\"elementor-shape elementor-shape-bottom\" aria-hidden=\"true\" data-negative=\"false\">\n\t\t\t<svg xmlns=\"http:\/\/www.w3.org\/2000\/svg\" viewbox=\"0 0 1000 100\" preserveaspectratio=\"none\">\n\t<path class=\"elementor-shape-fill\" opacity=\"0.33\" d=\"M473,67.3c-203.9,88.3-263.1-34-320.3,0C66,119.1,0,59.7,0,59.7V0h1000v59.7 c0,0-62.1,26.1-94.9,29.3c-32.8,3.3-62.8-12.3-75.8-22.1C806,49.6,745.3,8.7,694.9,4.7S492.4,59,473,67.3z\"\/>\n\t<path class=\"elementor-shape-fill\" opacity=\"0.66\" d=\"M734,67.3c-45.5,0-77.2-23.2-129.1-39.1c-28.6-8.7-150.3-10.1-254,39.1 s-91.7-34.4-149.2,0C115.7,118.3,0,39.8,0,39.8V0h1000v36.5c0,0-28.2-18.5-92.1-18.5C810.2,18.1,775.7,67.3,734,67.3z\"\/>\n\t<path class=\"elementor-shape-fill\" d=\"M766.1,28.9c-200-57.5-266,65.5-395.1,19.5C242,1.8,242,5.4,184.8,20.6C128,35.8,132.3,44.9,89.9,52.5C28.6,63.7,0,0,0,0 h1000c0,0-9.9,40.9-83.6,48.1S829.6,47,766.1,28.9z\"\/>\n<\/svg>\t\t<\/div>\n\t\t\t\t\t<div class=\"elementor-container elementor-column-gap-no\">\n\t\t\t\t\t<div class=\"elementor-column elementor-col-50 elementor-top-column elementor-element elementor-element-1dbc9abe\" data-id=\"1dbc9abe\" data-element_type=\"column\" data-e-type=\"column\">\n\t\t\t<div class=\"elementor-widget-wrap elementor-element-populated\">\n\t\t\t\t\t\t<div class=\"elementor-element elementor-element-d209be8 elementor-widget elementor-widget-heading\" data-id=\"d209be8\" data-element_type=\"widget\" data-e-type=\"widget\" data-widget_type=\"heading.default\">\n\t\t\t\t<div class=\"elementor-widget-container\">\n\t\t\t\t\t<h2 class=\"elementor-heading-title elementor-size-default\">PRODUITS RECOMMAND\u00c9S PAR LES M\u00c9DECINS <\/h2>\t\t\t\t<\/div>\n\t\t\t\t<\/div>\n\t\t\t\t<div class=\"elementor-element elementor-element-39d6a81b elementor-widget elementor-widget-text-editor\" data-id=\"39d6a81b\" data-element_type=\"widget\" data-e-type=\"widget\" data-widget_type=\"text-editor.default\">\n\t\t\t\t<div class=\"elementor-widget-container\">\n\t\t\t\t\t\t\t\t\t<p><\/p>\n<div class=\"woocommerce columns-3\">\n<ul data-view=\"grid\" data-toggle=\"regular-products\" class=\"products products list-unstyled row g-0 row-cols-2 row-cols-md-3 row-cols-lg-3 row-cols-xl-3 row-cols-xxl-5\">\n<li class=\"product type-product post-3053 status-publish first instock product_cat-hiv-aids has-post-thumbnail shipping-taxable purchasable product-type-bundle\">\n<div class=\"product-outer product-item__outer\">\n<div class=\"product-inner product-item__inner\">\n<div class=\"product-loop-header product-item__header\"><span class=\"loop-product-categories\"><a href=\"https:\/\/www.naturesgiftforlife.com\/fr\/categorie-produit\/hiv-aids\/\" rel=\"tag\">VIH-SIDA<\/a><\/span><a href=\"https:\/\/www.naturesgiftforlife.com\/fr\/shop\/natural-immune-force-hiv-aids\/\" class=\"woocommerce-LoopProduct-link woocommerce-loop-product__link\"><\/p>\n<h2 class=\"woocommerce-loop-product__title\" data-no-translation=\"\">Natural Immune Force (HIV \/ AIDS)<\/h2>\n<div class=\"product-thumbnail product-item__thumbnail\"><img fetchpriority=\"high\" decoding=\"async\" width=\"264\" height=\"396\" src=\"https:\/\/www.naturesgiftforlife.com\/wp-content\/uploads\/2020\/09\/natural-immune-force-264x396.jpeg\" class=\"attachment-woocommerce_thumbnail size-woocommerce_thumbnail\" alt=\"Natural Immune Force (HIV \/ AIDS)\" data-xoowscfly=\"fly\" title=\"\"><\/div>\n<p><\/a><\/div>\n<p><!-- \/.product-loop-header --><\/p>\n<div class=\"product-loop-body product-item__body\"><span class=\"loop-product-categories\"><a href=\"https:\/\/www.naturesgiftforlife.com\/fr\/categorie-produit\/hiv-aids\/\" rel=\"tag\">VIH-SIDA<\/a><\/span><a href=\"https:\/\/www.naturesgiftforlife.com\/fr\/shop\/natural-immune-force-hiv-aids\/\" class=\"woocommerce-LoopProduct-link woocommerce-loop-product__link\"><\/p>\n<h2 class=\"woocommerce-loop-product__title\" data-no-translation=\"\">Natural Immune Force (HIV \/ AIDS)<\/h2>\n<div class=\"product-rating\">\n<div class=\"star-rating\" title=\"Not\u00e9 0 sur 5\"><span style=\"width:0%\"><strong class=\"rating\">0<\/strong> sur 5<\/span><\/div>\n<p> (0)\n\t\t<\/p><\/div>\n<div class=\"product-short-description\">\n<p><a name=\"buy\"><\/a><br \/>\n<span style=\"text-decoration: underline;color: #3366ff\"><strong>Avantages de ce produit pour (VIH \/ SIDA)<\/strong><\/span><\/p>\n<ul>\n<li><strong><span style=\"font-family: go\"><span class=\"fontstyle0\">Un puissant activateur du syst\u00e8me immunitaire <\/span><\/span><\/strong><\/li>\n<li><strong><span style=\"font-family: go\"><span class=\"fontstyle0\">Emp\u00eache l&#039;activit\u00e9 antivirale en inhibant fortement la r\u00e9plication du virus VIH. <\/span><\/span><\/strong><\/li>\n<\/ul>\n<p><strong>\u00a0\u00a0\u00a0\u00a0\u00a0 &gt;&gt;&gt;<span style=\"font-family: go;font-size: 14pt\"><a href=\"#more\"><span style=\"color: #0000ff\">Lire la suite<\/span><\/a><\/span><\/strong><\/p>\n<\/p><\/div>\n<div class=\"product-sku\">UGS : n\/a<\/div>\n<p><\/a><\/div>\n<p><!-- \/.product-loop-body --><\/p>\n<div class=\"product-loop-footer product-item__footer\">\n<div class=\"price-add-to-cart\">\n\t<span class=\"price\"><span class=\"electro-price\"><span class=\"woocommerce-Price-amount amount\"><bdi>44,740<span class=\"woocommerce-Price-currencySymbol\">CFA<\/span><\/bdi><\/span><\/span><\/p>\n<div class=\"items-sold\" ><span class=\"items-sold-texts\" >2 items sold<\/span><\/div>\n<p><\/span><\/p>\n<div class=\"add-to-cart-wrap show-in-mobile\" data-toggle=\"tooltip\" data-title=\"Add To Cart\"><a href=\"\/fr\/wp-json\/wp\/v2\/pages\/2697?add-to-cart=3053\" aria-describedby=\"woocommerce_loop_add_to_cart_link_describedby_3053\" data-quantity=\"1\" class=\"button product_type_bundle add_to_cart_button ajax_add_to_cart\" data-product_id=\"3053\" data-product_sku=\"\" aria-label=\"En savoir plus sur \u201cNatural Immune Force (HIV \/ AIDS)\u201d\" rel=\"nofollow\" role=\"button\" data-no-translation-aria-label=\"\">Ajouter au chariot<\/a><\/div>\n<p>\t<span id=\"woocommerce_loop_add_to_cart_link_describedby_3053\" class=\"screen-reader-text\"><br \/>\n\t\t\t<\/span>\n<\/div>\n<p><!-- \/.price-add-to-cart --><\/p>\n<div class=\"hover-area\">\n<div class=\"action-buttons\"><\/div>\n<\/div>\n<\/div>\n<p><!-- \/.product-loop-footer --><\/div>\n<p><!-- \/.product-inner --><\/div>\n<p><!-- \/.product-outer --><\/li>\n<li class=\"product type-product post-3068 status-publish instock product_cat-hiv-aids has-post-thumbnail shipping-taxable purchasable product-type-bundle\">\n<div class=\"product-outer product-item__outer\">\n<div class=\"product-inner product-item__inner\">\n<div class=\"product-loop-header product-item__header\"><span class=\"loop-product-categories\"><a href=\"https:\/\/www.naturesgiftforlife.com\/fr\/categorie-produit\/hiv-aids\/\" rel=\"tag\">VIH-SIDA<\/a><\/span><a href=\"https:\/\/www.naturesgiftforlife.com\/fr\/shop\/qina-immune-booster-hiv-aids-copy\/\" class=\"woocommerce-LoopProduct-link woocommerce-loop-product__link\"><\/p>\n<h2 class=\"woocommerce-loop-product__title\" data-no-translation=\"\">Selenium (HIV \/ AIDS)<\/h2>\n<div class=\"product-thumbnail product-item__thumbnail\"><img decoding=\"async\" width=\"264\" height=\"396\" src=\"https:\/\/www.naturesgiftforlife.com\/wp-content\/uploads\/2020\/08\/Selenium-264x396.jpeg\" class=\"attachment-woocommerce_thumbnail size-woocommerce_thumbnail\" alt=\"Selenium (HIV \/ AIDS)\" data-xoowscfly=\"fly\" title=\"\"><\/div>\n<p><\/a><\/div>\n<p><!-- \/.product-loop-header --><\/p>\n<div class=\"product-loop-body product-item__body\"><span class=\"loop-product-categories\"><a href=\"https:\/\/www.naturesgiftforlife.com\/fr\/categorie-produit\/hiv-aids\/\" rel=\"tag\">VIH-SIDA<\/a><\/span><a href=\"https:\/\/www.naturesgiftforlife.com\/fr\/shop\/qina-immune-booster-hiv-aids-copy\/\" class=\"woocommerce-LoopProduct-link woocommerce-loop-product__link\"><\/p>\n<h2 class=\"woocommerce-loop-product__title\" data-no-translation=\"\">Selenium (HIV \/ AIDS)<\/h2>\n<div class=\"product-rating\">\n<div class=\"star-rating\" title=\"Not\u00e9 0 sur 5\"><span style=\"width:0%\"><strong class=\"rating\">0<\/strong> sur 5<\/span><\/div>\n<p> (0)\n\t\t<\/p><\/div>\n<div class=\"product-short-description\">\n<p><a name=\"buy\"><\/a><br \/>\n<span style=\"text-decoration: underline;color: #3366ff\"><strong>Avantages de ce produit pour (VIH \/ SIDA)<\/strong><\/span><\/p>\n<ul>\n<li><strong><span style=\"font-family: go\"><span class=\"fontstyle0\">Puissant pi\u00e9geur de radicaux libres, le s\u00e9l\u00e9nium supprime la charge virale et stimule les cellules du syst\u00e8me immunitaire en aidant le corps \u00e0 lutter contre le VIH <\/span><\/span><\/strong><\/li>\n<\/ul>\n<p><strong>\u00a0\u00a0\u00a0\u00a0\u00a0 &gt;&gt;&gt;<span style=\"font-family: go;font-size: 14pt\"><a href=\"#more\"><span style=\"color: #0000ff\">Lire la suite<\/span><\/a><\/span><\/strong><\/p>\n<\/p><\/div>\n<div class=\"product-sku\">UGS : n\/a<\/div>\n<p><\/a><\/div>\n<p><!-- \/.product-loop-body --><\/p>\n<div class=\"product-loop-footer product-item__footer\">\n<div class=\"price-add-to-cart\">\n\t<span class=\"price\"><span class=\"electro-price\"><span class=\"woocommerce-Price-amount amount\"><bdi>9,025<span class=\"woocommerce-Price-currencySymbol\">CFA<\/span><\/bdi><\/span><\/span><\/p>\n<div class=\"items-sold\" ><span class=\"items-sold-texts\" >1 article vendu<\/span><\/div>\n<p><\/span><\/p>\n<div class=\"add-to-cart-wrap show-in-mobile\" data-toggle=\"tooltip\" data-title=\"Add To Cart\"><a href=\"\/fr\/wp-json\/wp\/v2\/pages\/2697?add-to-cart=3068\" aria-describedby=\"woocommerce_loop_add_to_cart_link_describedby_3068\" data-quantity=\"1\" class=\"button product_type_bundle add_to_cart_button ajax_add_to_cart\" data-product_id=\"3068\" data-product_sku=\"\" aria-label=\"En savoir plus sur \u201cSelenium (HIV \/ AIDS)\u201d\" rel=\"nofollow\" role=\"button\" data-no-translation-aria-label=\"\">Ajouter au chariot<\/a><\/div>\n<p>\t<span id=\"woocommerce_loop_add_to_cart_link_describedby_3068\" class=\"screen-reader-text\"><br \/>\n\t\t\t<\/span>\n<\/div>\n<p><!-- \/.price-add-to-cart --><\/p>\n<div class=\"hover-area\">\n<div class=\"action-buttons\"><\/div>\n<\/div>\n<\/div>\n<p><!-- \/.product-loop-footer --><\/div>\n<p><!-- \/.product-inner --><\/div>\n<p><!-- \/.product-outer --><\/li>\n<li class=\"product type-product post-3060 status-publish last instock product_cat-hiv-aids has-post-thumbnail shipping-taxable purchasable product-type-bundle\">\n<div class=\"product-outer product-item__outer\">\n<div class=\"product-inner product-item__inner\">\n<div class=\"product-loop-header product-item__header\"><span class=\"loop-product-categories\"><a href=\"https:\/\/www.naturesgiftforlife.com\/fr\/categorie-produit\/hiv-aids\/\" rel=\"tag\">VIH-SIDA<\/a><\/span><a href=\"https:\/\/www.naturesgiftforlife.com\/fr\/shop\/qina-immune-booster-2\/\" class=\"woocommerce-LoopProduct-link woocommerce-loop-product__link\"><\/p>\n<h2 class=\"woocommerce-loop-product__title\" data-no-translation=\"\">Qina Immune Booster (HIV \/ AIDS)<\/h2>\n<div class=\"product-thumbnail product-item__thumbnail\"><img decoding=\"async\" width=\"264\" height=\"396\" src=\"https:\/\/www.naturesgiftforlife.com\/wp-content\/uploads\/2020\/09\/qina-264x396.jpg\" class=\"attachment-woocommerce_thumbnail size-woocommerce_thumbnail\" alt=\"QINA IMMUNE BOOSTER\" data-xoowscfly=\"fly\" title=\"\"><\/div>\n<p><\/a><\/div>\n<p><!-- \/.product-loop-header --><\/p>\n<div class=\"product-loop-body product-item__body\"><span class=\"loop-product-categories\"><a href=\"https:\/\/www.naturesgiftforlife.com\/fr\/categorie-produit\/hiv-aids\/\" rel=\"tag\">VIH-SIDA<\/a><\/span><a href=\"https:\/\/www.naturesgiftforlife.com\/fr\/shop\/qina-immune-booster-2\/\" class=\"woocommerce-LoopProduct-link woocommerce-loop-product__link\"><\/p>\n<h2 class=\"woocommerce-loop-product__title\" data-no-translation=\"\">Qina Immune Booster (HIV \/ AIDS)<\/h2>\n<div class=\"product-rating\">\n<div class=\"star-rating\" title=\"Not\u00e9 0 sur 5\"><span style=\"width:0%\"><strong class=\"rating\">0<\/strong> sur 5<\/span><\/div>\n<p> (0)\n\t\t<\/p><\/div>\n<div class=\"product-short-description\">\n<p><a name=\"buy\"><\/a><\/p>\n<p><span style=\"text-decoration: underline;color: #3366ff\"><strong>Avantages de ce produit pour (VIH \/ SIDA)<\/strong><\/span><\/p>\n<ul>\n<li>Booster immunitaire Qina<\/li>\n<li><strong><span style=\"font-family: go\"><span class=\"fontstyle0\">Un puissant modulateur \u00e9lectro-immun<br \/>\n<\/span><\/span><\/strong><\/li>\n<li><strong><strong><span style=\"font-family: go\"><span class=\"fontstyle0\">Facilite la r\u00e9ponse du corps aux d\u00e9s\u00e9quilibres survenus et, \u00e0 son tour, offre une sant\u00e9 et une qualit\u00e9 de vie optimales<\/span><\/span><\/strong><\/strong><span style=\"font-family: go\"><strong><span class=\"fontstyle0\">\u00a0<\/span><\/strong><\/span><\/li>\n<\/ul>\n<p><strong>\u00a0\u00a0\u00a0\u00a0\u00a0 &gt;&gt;&gt;<span style=\"font-family: go;font-size: 14pt\"><a href=\"#more\"><span style=\"color: #0000ff\">Lire la suite<\/span><\/a><\/span><\/strong><\/p>\n<\/p><\/div>\n<div class=\"product-sku\">UGS : n\/a<\/div>\n<p><\/a><\/div>\n<p><!-- \/.product-loop-body --><\/p>\n<div class=\"product-loop-footer product-item__footer\">\n<div class=\"price-add-to-cart\">\n\t<span class=\"price\"><span class=\"electro-price\"><span class=\"woocommerce-Price-amount amount\"><bdi>37,920<span class=\"woocommerce-Price-currencySymbol\">CFA<\/span><\/bdi><\/span><\/span><\/p>\n<div class=\"items-sold\" ><span class=\"items-sold-texts\" >1 article vendu<\/span><\/div>\n<p><\/span><\/p>\n<div class=\"add-to-cart-wrap show-in-mobile\" data-toggle=\"tooltip\" data-title=\"Add To Cart\"><a href=\"\/fr\/wp-json\/wp\/v2\/pages\/2697?add-to-cart=3060\" aria-describedby=\"woocommerce_loop_add_to_cart_link_describedby_3060\" data-quantity=\"1\" class=\"button product_type_bundle add_to_cart_button ajax_add_to_cart\" data-product_id=\"3060\" data-product_sku=\"\" aria-label=\"En savoir plus sur \u201cQina Immune Booster (HIV \/ AIDS)\u201d\" rel=\"nofollow\" role=\"button\" data-no-translation-aria-label=\"\">Ajouter au chariot<\/a><\/div>\n<p>\t<span id=\"woocommerce_loop_add_to_cart_link_describedby_3060\" class=\"screen-reader-text\"><br \/>\n\t\t\t<\/span>\n<\/div>\n<p><!-- \/.price-add-to-cart --><\/p>\n<div class=\"hover-area\">\n<div class=\"action-buttons\"><\/div>\n<\/div>\n<\/div>\n<p><!-- \/.product-loop-footer --><\/div>\n<p><!-- \/.product-inner --><\/div>\n<p><!-- \/.product-outer --><\/li>\n<\/ul>\n<\/div>\n<p>\n<\/p>\n<p><\/p>\t\t\t\t\t\t\t\t<\/div>\n\t\t\t\t<\/div>\n\t\t\t\t\t<\/div>\n\t\t<\/div>\n\t\t\t\t<div class=\"elementor-column elementor-col-50 elementor-top-column elementor-element elementor-element-42bfec1\" data-id=\"42bfec1\" data-element_type=\"column\" data-e-type=\"column\" data-settings=\"{&quot;background_background&quot;:&quot;classic&quot;}\">\n\t\t\t<div class=\"elementor-widget-wrap elementor-element-populated\">\n\t\t\t\t\t<div class=\"elementor-background-overlay\"><\/div>\n\t\t\t\t\t\t<div class=\"elementor-element elementor-element-a47add5 elementor-widget elementor-widget-accordion\" data-id=\"a47add5\" data-element_type=\"widget\" data-e-type=\"widget\" data-widget_type=\"accordion.default\">\n\t\t\t\t<div class=\"elementor-widget-container\">\n\t\t\t\t\t\t\t<div class=\"elementor-accordion\">\n\t\t\t\t\t\t\t<div class=\"elementor-accordion-item\">\n\t\t\t\t\t<div id=\"elementor-tab-title-1721\" class=\"elementor-tab-title\" data-tab=\"1\" role=\"button\" aria-controls=\"elementor-tab-content-1721\" aria-expanded=\"false\">\n\t\t\t\t\t\t\t\t\t\t\t\t<a class=\"elementor-accordion-title\" tabindex=\"0\">VIH-SIDA<\/a>\n\t\t\t\t\t<\/div>\n\t\t\t\t\t<div id=\"elementor-tab-content-1721\" class=\"elementor-tab-content elementor-clearfix\" data-tab=\"1\" role=\"region\" aria-labelledby=\"elementor-tab-title-1721\"><p>\u00a0<span class=\"fontstyle0\">UNE<\/span><span class=\"fontstyle1\">Le syndrome d&#039;immunod\u00e9ficience acquise (SIDA) est une condition dans laquelle le syst\u00e8me immunitaire est gravement affaibli et perd sa capacit\u00e9 \u00e0 combattre les infections. Il r\u00e9sulte de la contraction du virus de l&#039;immunod\u00e9ficience humaine (VIH).<br \/>L&#039;infection par le VIH est d\u00e9tect\u00e9e par un test sanguin. Un r\u00e9sultat de test \u00abVIH positif\u00bb indique une infection par le VIH. La plupart des personnes qui contractent le VIH voient une progression des sympt\u00f4mes du SIDA dans les 10 \u00e0 15 ans suivant l&#039;infection initiale, bien que les sympt\u00f4mes puissent appara\u00eetre plus t\u00f4t pour certains.<br \/>Le SIDA est un trouble extr\u00eamement complexe et, bien qu&#039;aucun rem\u00e8de ne soit actuellement disponible, certains m\u00e9dicaments semblent ralentir la progression de la maladie. De plus, divers facteurs nutritionnels peuvent \u00eatre utiles pour soutenir le syst\u00e8me immunitaire. En raison de la nature compliqu\u00e9e de ce trouble, une surveillance m\u00e9dicale est fortement recommand\u00e9e en ce qui concerne les changements alimentaires et les compl\u00e9ments nutritionnels.<br \/><\/span><\/p><\/div>\n\t\t\t\t<\/div>\n\t\t\t\t\t\t\t<div class=\"elementor-accordion-item\">\n\t\t\t\t\t<div id=\"elementor-tab-title-1722\" class=\"elementor-tab-title\" data-tab=\"2\" role=\"button\" aria-controls=\"elementor-tab-content-1722\" aria-expanded=\"false\">\n\t\t\t\t\t\t\t\t\t\t\t\t<a class=\"elementor-accordion-title\" tabindex=\"0\">Lire la suite...<\/a>\n\t\t\t\t\t<\/div>\n\t\t\t\t\t<div id=\"elementor-tab-content-1722\" class=\"elementor-tab-content elementor-clearfix\" data-tab=\"2\" role=\"region\" aria-labelledby=\"elementor-tab-title-1722\"><p style=\"text-align: left;\"><span class=\"fontstyle1\">Le VIH provoque un large \u00e9ventail de probl\u00e8mes cliniques, qui imitent souvent d&#039;autres maladies. Quelques semaines apr\u00e8s l&#039;infection, certaines personnes peuvent pr\u00e9senter des sympt\u00f4mes pseudo-grippaux, notamment de la fi\u00e8vre, une maladie g\u00e9n\u00e9rale et un manque d&#039;\u00e9nergie, une \u00e9ruption cutan\u00e9e, des douleurs articulaires et un gonflement des ganglions lymphatiques. Ces manifestations aigu\u00ebs disparaissent g\u00e9n\u00e9ralement et de nombreuses personnes restent asymptomatiques pendant de longues p\u00e9riodes.<\/span><\/p>\n<p>L&#039;apparition du SIDA lui-m\u00eame survient lorsqu&#039;un patient s\u00e9ropositif d\u00e9veloppe des infections opportunistes et a un nombre de lymphocytes CD4 de 200 ou moins. Le syst\u00e8me immunitaire est gravement endommag\u00e9 \u00e0 ce stade. Les signes et sympt\u00f4mes de certaines de ces infections peuvent inclure: des sueurs nocturnes tremp\u00e9es; tremblements, frissons ou fi\u00e8vre \u00e0 plus de 100 F (38 C) pendant plusieurs semaines; toux s\u00e8che et essoufflement; diarrh\u00e9e chronique; taches blanches persistantes ou l\u00e9sions inhabituelles sur la langue ou dans la bouche; maux de t\u00eate; vision floue et d\u00e9form\u00e9e; perte de poids; fatigue persistante; gonflement des ganglions lymphatiques pendant plus de trois mois; zona; Pneumonie \u00e0 Pneumocystis carinii; tuberculose; et les infections cutan\u00e9es. Une note importante sur la pr\u00e9vention; le seul moyen de pr\u00e9venir le SIDA est d&#039;\u00e9viter d&#039;\u00eatre infect\u00e9 par le VIH.<\/p>\n<p>Le VIH se propage le plus souvent par des relations sexuelles non prot\u00e9g\u00e9es avec un partenaire infect\u00e9. Le virus p\u00e9n\u00e8tre dans le corps par le vagin, la vulve, le p\u00e9nis, le rectum ou la bouche pendant les rapports sexuels. Le VIH se propage \u00e9galement par contact avec du sang infect\u00e9. Cela peut se produire lors du partage d&#039;aiguilles pendant la consommation de drogues intraveineuses et par d&#039;autres contacts directs de sang \u00e0 sang. Il est possible de contracter le VIH en recevant du sang infect\u00e9 lors d&#039;une transfusion sanguine, bien que cela soit hautement improbable dans de nombreux pays maintenant en raison du d\u00e9pistage approfondi du sang donn\u00e9. Les m\u00e8res peuvent \u00e9galement transmettre le virus \u00e0 leur b\u00e9b\u00e9 pendant la grossesse, l&#039;accouchement ou l&#039;allaitement. \u00catre conscient de la fa\u00e7on dont la maladie se propage et adopter des habitudes sexuelles \u00abs\u00fbres\u00bb sont les meilleurs moyens d&#039;\u00e9viter l&#039;infection. Si votre test de d\u00e9pistage du VIH est positif, pr\u00e9voyez de r\u00e9p\u00e9ter le test d\u00e8s que possible pour \u00e9carter la possibilit\u00e9 d&#039;un r\u00e9sultat faux positif. Si le r\u00e9sultat initial est confirm\u00e9, commencez IMM\u00c9DIATEMENT \u00e0 renforcer votre syst\u00e8me immunitaire. C&#039;est le facteur le plus important pour pr\u00e9venir les complications et c&#039;est la meilleure d\u00e9fense pour la personne s\u00e9ropositive!<\/p>\n<p><span style=\"text-decoration: underline;\">Choses saines que vous pouvez faire<\/span>&nbsp;<\/p>\n<p><span class=\"fontstyle0\">Une bonne nutrition est vitale pour les personnes vivant avec le VIH. <\/span><span class=\"fontstyle2\">Augmentez la quantit\u00e9 de nourriture que vous mangez et maintenez votre poids corporel maigre. Assurez-vous d&#039;avoir une alimentation \u00e9quilibr\u00e9e, comprenant beaucoup de prot\u00e9ines et d&#039;aliments \u00e0 grains entiers, avec du sucre et des graisses. Augmentez votre consommation de fruits frais et de l\u00e9gumes crus.<\/span><\/p>\n<p><span class=\"fontstyle2\"><br><\/span><span class=\"fontstyle3\">\u2022 <\/span><span class=\"fontstyle2\">Ajoutez des champignons shiitake, reishi et maitake ou des suppl\u00e9ments \u00e0 votre alimentation.<br><\/span><span class=\"fontstyle3\">\u2022 <\/span><span class=\"fontstyle2\">Consommez beaucoup de jus de fruits frais et de boissons vertes \u00e0 partir de l\u00e9gumes-feuilles avec de l&#039;ail et des oignons ajout\u00e9s.<br><\/span><span class=\"fontstyle3\">\u2022 <\/span><span class=\"fontstyle2\">Prenez des compl\u00e9ments alimentaires appropri\u00e9s et des fibres suppl\u00e9mentaires.<br><\/span><span class=\"fontstyle3\">\u2022 <\/span><span class=\"fontstyle2\">Faites de l&#039;exercice et r\u00e9duisez le stress li\u00e9 au mode de vie.<br><\/span><span class=\"fontstyle3\">\u2022 <\/span><span class=\"fontstyle2\">Buvez beaucoup de liquides pour aider votre corps \u00e0 g\u00e9rer les m\u00e9dicaments que vous prenez. <\/span><span class=\"fontstyle0\">Buvez au moins deux litres d&#039;eau distill\u00e9e \u00e0 la vapeur par jour.<br><\/span><span class=\"fontstyle3\">\u2022 <\/span><span class=\"fontstyle2\">\u00c9liminez la malbouffe et \u00e9vitez l&#039;alcool et les cigarettes.<br><\/span><span class=\"fontstyle3\">\u2022 <\/span><span class=\"fontstyle2\">Limitez votre consommation de soja et de produits \u00e0 base de soja, qui contiennent des inhibiteurs enzymatiques.<br><\/span><span class=\"fontstyle3\">\u2022 <\/span><span class=\"fontstyle2\">\u00c9vitez l&#039;\u00e9chinac\u00e9e; il stimule la r\u00e9plication des lymphocytes T, qui \u00e0 son tour am\u00e9liore<br>r\u00e9plication du virus.<br><\/span><span class=\"fontstyle3\">\u2022 <\/span><span class=\"fontstyle2\">Utilisez toujours un pr\u00e9servatif.<br><\/span><span class=\"fontstyle3\">\u2022 <\/span><span class=\"fontstyle2\">Pratiquez la s\u00e9curit\u00e9 alimentaire. Gardez votre cuisine propre, lavez les aliments et faites attention \u00e0 la pr\u00e9paration et au stockage des aliments. Si votre eau du robinet n&#039;est pas pure, buvez de l&#039;eau en bouteille. Soyez prudent lorsque vous choisissez les aliments que vous mangez pour \u00e9viter les maladies d&#039;origine alimentaire.<br><\/span><span class=\"fontstyle4\">Lorsque vous ajoutez des suppl\u00e9ments nutritionnels \u00e0 votre routine de sant\u00e9, demandez d&#039;abord l&#039;avis d&#039;un expert et les conseils de votre professionnel de la sant\u00e9.<\/span><\/p><\/div>\n\t\t\t\t<\/div>\n\t\t\t\t\t\t\t<div class=\"elementor-accordion-item\">\n\t\t\t\t\t<div id=\"elementor-tab-title-1723\" class=\"elementor-tab-title\" data-tab=\"3\" role=\"button\" aria-controls=\"elementor-tab-content-1723\" aria-expanded=\"false\">\n\t\t\t\t\t\t\t\t\t\t\t\t<a class=\"elementor-accordion-title\" tabindex=\"0\">proche<\/a>\n\t\t\t\t\t<\/div>\n\t\t\t\t\t<div id=\"elementor-tab-content-1723\" class=\"elementor-tab-content elementor-clearfix\" data-tab=\"3\" role=\"region\" aria-labelledby=\"elementor-tab-title-1723\"><\/div>\n\t\t\t\t<\/div>\n\t\t\t\t\t\t\t\t<\/div>\n\t\t\t\t\t\t<\/div>\n\t\t\t\t<\/div>\n\t\t\t\t\t<\/div>\n\t\t<\/div>\n\t\t\t\t\t<\/div>\n\t\t<\/section>\n\t\t\t\t<\/div>","protected":false},"excerpt":{"rendered":"<p>PRODUITS RECOMMAND\u00c9S PAR LES M\u00c9DECINS VIH-SIDA Le syndrome d&#039;immunod\u00e9ficience acquise (SIDA) est une condition dans laquelle le syst\u00e8me immunitaire s&#039;affaiblit gravement et perd sa capacit\u00e9 \u00e0 combattre les infections. Il r\u00e9sulte de la passation de march\u00e9s<\/p>","protected":false},"author":1,"featured_media":0,"parent":0,"menu_order":0,"comment_status":"closed","ping_status":"closed","template":"template-page-sidebar-left.php","meta":{"nf_dc_page":"","_bbp_topic_count":0,"_bbp_reply_count":0,"_bbp_total_topic_count":0,"_bbp_total_reply_count":0,"_bbp_voice_count":0,"_bbp_anonymous_reply_count":0,"_bbp_topic_count_hidden":0,"_bbp_reply_count_hidden":0,"_bbp_forum_subforum_count":0,"footnotes":""},"class_list":["post-2697","page","type-page","status-publish","hentry"],"_links":{"self":[{"href":"https:\/\/www.naturesgiftforlife.com\/fr\/wp-json\/wp\/v2\/pages\/2697","targetHints":{"allow":["GET"]}}],"collection":[{"href":"https:\/\/www.naturesgiftforlife.com\/fr\/wp-json\/wp\/v2\/pages"}],"about":[{"href":"https:\/\/www.naturesgiftforlife.com\/fr\/wp-json\/wp\/v2\/types\/page"}],"author":[{"embeddable":true,"href":"https:\/\/www.naturesgiftforlife.com\/fr\/wp-json\/wp\/v2\/users\/1"}],"replies":[{"embeddable":true,"href":"https:\/\/www.naturesgiftforlife.com\/fr\/wp-json\/wp\/v2\/comments?post=2697"}],"version-history":[{"count":0,"href":"https:\/\/www.naturesgiftforlife.com\/fr\/wp-json\/wp\/v2\/pages\/2697\/revisions"}],"wp:attachment":[{"href":"https:\/\/www.naturesgiftforlife.com\/fr\/wp-json\/wp\/v2\/media?parent=2697"}],"curies":[{"name":"wp","href":"https:\/\/api.w.org\/{rel}","templated":true}]}}