{"id":2656,"date":"2020-09-23T07:24:29","date_gmt":"2020-09-23T07:24:29","guid":{"rendered":"http:\/\/www.livehealthylivehappy.com\/new\/?page_id=2656"},"modified":"2021-08-16T15:08:41","modified_gmt":"2021-08-16T15:08:41","slug":"eye-health","status":"publish","type":"page","link":"https:\/\/www.naturesgiftforlife.com\/fr\/eye-health\/","title":{"rendered":"Sant\u00e9 oculaire"},"content":{"rendered":"<div data-elementor-type=\"wp-page\" data-elementor-id=\"2656\" class=\"elementor elementor-2656\">\n\t\t\t\t\t\t<section class=\"elementor-section elementor-top-section elementor-element elementor-element-43892e3f elementor-section-full_width elementor-section-height-default elementor-section-height-default\" data-id=\"43892e3f\" data-element_type=\"section\" data-e-type=\"section\" data-settings=\"{&quot;shape_divider_bottom&quot;:&quot;mountains&quot;}\">\n\t\t\t\t\t<div class=\"elementor-shape elementor-shape-bottom\" aria-hidden=\"true\" data-negative=\"false\">\n\t\t\t<svg xmlns=\"http:\/\/www.w3.org\/2000\/svg\" viewbox=\"0 0 1000 100\" preserveaspectratio=\"none\">\n\t<path class=\"elementor-shape-fill\" opacity=\"0.33\" d=\"M473,67.3c-203.9,88.3-263.1-34-320.3,0C66,119.1,0,59.7,0,59.7V0h1000v59.7 c0,0-62.1,26.1-94.9,29.3c-32.8,3.3-62.8-12.3-75.8-22.1C806,49.6,745.3,8.7,694.9,4.7S492.4,59,473,67.3z\"\/>\n\t<path class=\"elementor-shape-fill\" opacity=\"0.66\" d=\"M734,67.3c-45.5,0-77.2-23.2-129.1-39.1c-28.6-8.7-150.3-10.1-254,39.1 s-91.7-34.4-149.2,0C115.7,118.3,0,39.8,0,39.8V0h1000v36.5c0,0-28.2-18.5-92.1-18.5C810.2,18.1,775.7,67.3,734,67.3z\"\/>\n\t<path class=\"elementor-shape-fill\" d=\"M766.1,28.9c-200-57.5-266,65.5-395.1,19.5C242,1.8,242,5.4,184.8,20.6C128,35.8,132.3,44.9,89.9,52.5C28.6,63.7,0,0,0,0 h1000c0,0-9.9,40.9-83.6,48.1S829.6,47,766.1,28.9z\"\/>\n<\/svg>\t\t<\/div>\n\t\t\t\t\t<div class=\"elementor-container elementor-column-gap-no\">\n\t\t\t\t\t<div class=\"elementor-column elementor-col-50 elementor-top-column elementor-element elementor-element-1dbc9abe\" data-id=\"1dbc9abe\" data-element_type=\"column\" data-e-type=\"column\">\n\t\t\t<div class=\"elementor-widget-wrap elementor-element-populated\">\n\t\t\t\t\t\t<div class=\"elementor-element elementor-element-d209be8 elementor-widget elementor-widget-heading\" data-id=\"d209be8\" data-element_type=\"widget\" data-e-type=\"widget\" data-widget_type=\"heading.default\">\n\t\t\t\t<div class=\"elementor-widget-container\">\n\t\t\t\t\t<h2 class=\"elementor-heading-title elementor-size-default\">PRODUITS RECOMMAND\u00c9S PAR LES M\u00c9DECINS <\/h2>\t\t\t\t<\/div>\n\t\t\t\t<\/div>\n\t\t\t\t<div class=\"elementor-element elementor-element-39d6a81b elementor-widget elementor-widget-text-editor\" data-id=\"39d6a81b\" data-element_type=\"widget\" data-e-type=\"widget\" data-widget_type=\"text-editor.default\">\n\t\t\t\t<div class=\"elementor-widget-container\">\n\t\t\t\t\t\t\t\t\t<div class=\"woocommerce columns-3\">\n<ul data-view=\"grid\" data-toggle=\"regular-products\" class=\"products products list-unstyled row g-0 row-cols-2 row-cols-md-3 row-cols-lg-3 row-cols-xl-3 row-cols-xxl-5\">\n<li class=\"product type-product post-3266 status-publish first instock product_cat-eye-health has-post-thumbnail shipping-taxable purchasable product-type-bundle\">\n<div class=\"product-outer product-item__outer\">\n<div class=\"product-inner product-item__inner\">\n<div class=\"product-loop-header product-item__header\"><span class=\"loop-product-categories\"><a href=\"https:\/\/www.naturesgiftforlife.com\/fr\/categorie-produit\/eye-health\/\" rel=\"tag\">Sant\u00e9 oculaire<\/a><\/span><a href=\"https:\/\/www.naturesgiftforlife.com\/fr\/shop\/bilberry-leaf-eye-heath\/\" class=\"woocommerce-LoopProduct-link woocommerce-loop-product__link\"><\/p>\n<h2 class=\"woocommerce-loop-product__title\" data-no-translation=\"\">Bilberry Leaf (Eye Heath)<\/h2>\n<div class=\"product-thumbnail product-item__thumbnail\"><img fetchpriority=\"high\" decoding=\"async\" width=\"264\" height=\"396\" src=\"https:\/\/www.naturesgiftforlife.com\/wp-content\/uploads\/2020\/08\/bilbery-leaf-scaled-264x396.jpg\" class=\"attachment-woocommerce_thumbnail size-woocommerce_thumbnail\" alt=\"Bilberry Leaf\" data-xoowscfly=\"fly\" title=\"\"><\/div>\n<p><\/a><\/div>\n<p><!-- \/.product-loop-header --><\/p>\n<div class=\"product-loop-body product-item__body\"><span class=\"loop-product-categories\"><a href=\"https:\/\/www.naturesgiftforlife.com\/fr\/categorie-produit\/eye-health\/\" rel=\"tag\">Sant\u00e9 oculaire<\/a><\/span><a href=\"https:\/\/www.naturesgiftforlife.com\/fr\/shop\/bilberry-leaf-eye-heath\/\" class=\"woocommerce-LoopProduct-link woocommerce-loop-product__link\"><\/p>\n<h2 class=\"woocommerce-loop-product__title\" data-no-translation=\"\">Bilberry Leaf (Eye Heath)<\/h2>\n<div class=\"product-rating\">\n<div class=\"star-rating\" title=\"Not\u00e9 0 sur 5\"><span style=\"width:0%\"><strong class=\"rating\">0<\/strong> sur 5<\/span><\/div>\n<p> (0)\n\t\t<\/p><\/div>\n<div class=\"product-short-description\">\n<p><a name=\"buy\"><\/a><br \/>\n<span style=\"text-decoration: underline;color: #3366ff\"><strong>Avantages de ce produit pour\u00a0<\/strong><\/span><span style=\"color: #3366ff\"><b><u>Sant\u00e9 oculaire<\/u><\/b><\/span><\/p>\n<ul>\n<li><strong><strong><span style=\"font-family: go\"><span class=\"fontstyle0\">Am\u00e9liore la vision nocturne et peut \u00e9galement ralentir la progression de l&#039;\u0153il <span class=\"fontstyle2\">probl\u00e8mes<\/span> <\/span><\/span><\/strong><\/strong><\/li>\n<li><strong><strong><strong><strong><span style=\"font-family: go\"><span class=\"fontstyle0\">Efficace dans les troubles vasculaires<\/span><\/span><\/strong><\/strong><\/strong><\/strong><\/li>\n<li><strong><strong><strong><strong><span style=\"font-family: go\"><span class=\"fontstyle0\">Une premi\u00e8re ligne de d\u00e9fense possible pour ceux qui ont une mauvaise vision nocturne <\/span><\/span><\/strong><\/strong><\/strong><\/strong><\/li>\n<\/ul>\n<p><strong>\u00a0\u00a0\u00a0\u00a0\u00a0 &gt;&gt;&gt;<span style=\"font-family: go;font-size: 14pt\"><a href=\"#more\"><span style=\"color: #0000ff\">Lire la suite<\/span><\/a><\/span><\/strong><\/p>\n<\/p><\/div>\n<div class=\"product-sku\">UGS : n\/a<\/div>\n<p><\/a><\/div>\n<p><!-- \/.product-loop-body --><\/p>\n<div class=\"product-loop-footer product-item__footer\">\n<div class=\"price-add-to-cart\">\n\t<span class=\"price\"><span class=\"electro-price\"><span class=\"woocommerce-Price-amount amount\"><bdi>13,195<span class=\"woocommerce-Price-currencySymbol\">CFA<\/span><\/bdi><\/span><\/span><\/span><\/p>\n<div class=\"add-to-cart-wrap show-in-mobile\" data-toggle=\"tooltip\" data-title=\"Add To Cart\"><a href=\"\/fr\/wp-json\/wp\/v2\/pages\/2656?add-to-cart=3266\" aria-describedby=\"woocommerce_loop_add_to_cart_link_describedby_3266\" data-quantity=\"1\" class=\"button product_type_bundle add_to_cart_button ajax_add_to_cart\" data-product_id=\"3266\" data-product_sku=\"\" aria-label=\"En savoir plus sur \u201cBilberry Leaf (Eye Heath)\u201d\" rel=\"nofollow\" role=\"button\" data-no-translation-aria-label=\"\">Ajouter au chariot<\/a><\/div>\n<p>\t<span id=\"woocommerce_loop_add_to_cart_link_describedby_3266\" class=\"screen-reader-text\"><br \/>\n\t\t\t<\/span>\n<\/div>\n<p><!-- \/.price-add-to-cart --><\/p>\n<div class=\"hover-area\">\n<div class=\"action-buttons\"><\/div>\n<\/div>\n<\/div>\n<p><!-- \/.product-loop-footer --><\/div>\n<p><!-- \/.product-inner --><\/div>\n<p><!-- \/.product-outer --><\/li>\n<li class=\"product type-product post-3272 status-publish instock product_cat-eye-health has-post-thumbnail shipping-taxable purchasable product-type-bundle\">\n<div class=\"product-outer product-item__outer\">\n<div class=\"product-inner product-item__inner\">\n<div class=\"product-loop-header product-item__header\"><span class=\"loop-product-categories\"><a href=\"https:\/\/www.naturesgiftforlife.com\/fr\/categorie-produit\/eye-health\/\" rel=\"tag\">Sant\u00e9 oculaire<\/a><\/span><a href=\"https:\/\/www.naturesgiftforlife.com\/fr\/shop\/cataract-clear-eye-heath\/\" class=\"woocommerce-LoopProduct-link woocommerce-loop-product__link\"><\/p>\n<h2 class=\"woocommerce-loop-product__title\" data-no-translation=\"\">Cataract Clear (Eye Heath)<\/h2>\n<div class=\"product-thumbnail product-item__thumbnail\"><img decoding=\"async\" width=\"264\" height=\"264\" src=\"https:\/\/www.naturesgiftforlife.com\/wp-content\/uploads\/2020\/09\/cataract-264x264.jpg\" class=\"attachment-woocommerce_thumbnail size-woocommerce_thumbnail\" alt=\"Cataract Clear\" data-xoowscfly=\"fly\" title=\"\"><\/div>\n<p><\/a><\/div>\n<p><!-- \/.product-loop-header --><\/p>\n<div class=\"product-loop-body product-item__body\"><span class=\"loop-product-categories\"><a href=\"https:\/\/www.naturesgiftforlife.com\/fr\/categorie-produit\/eye-health\/\" rel=\"tag\">Sant\u00e9 oculaire<\/a><\/span><a href=\"https:\/\/www.naturesgiftforlife.com\/fr\/shop\/cataract-clear-eye-heath\/\" class=\"woocommerce-LoopProduct-link woocommerce-loop-product__link\"><\/p>\n<h2 class=\"woocommerce-loop-product__title\" data-no-translation=\"\">Cataract Clear (Eye Heath)<\/h2>\n<div class=\"product-rating\">\n<div class=\"star-rating\" title=\"Not\u00e9 0 sur 5\"><span style=\"width:0%\"><strong class=\"rating\">0<\/strong> sur 5<\/span><\/div>\n<p> (0)\n\t\t<\/p><\/div>\n<div class=\"product-short-description\">\n<p><a name=\"buy\"><\/a><br \/>\n<span style=\"text-decoration: underline;color: #3366ff\"><strong>Avantages de ce produit pour\u00a0<\/strong><\/span><span style=\"color: #3366ff\"><b><u>Sant\u00e9 oculaire<\/u><\/b><\/span><\/p>\n<ul>\n<li><strong><strong><span style=\"font-family: go\"><span class=\"fontstyle0\">Pr\u00e9venir et inverser les cataractes s\u00e9niles et aider \u00e0 pr\u00e9venir d&#039;autres troubles du vieillissement oculaire<\/span><\/span><\/strong><\/strong><\/li>\n<li><strong><strong><strong><strong><span style=\"font-family: go\"><span class=\"fontstyle0\"><span class=\"fontstyle1\">Efficace pour traiter une vari\u00e9t\u00e9 d&#039;ophtalmologie<span class=\"fontstyle2\">conditions de mic, y compris les maladies de la corn\u00e9e, la presbytie, la vision trouble, le syndrome de l&#039;\u0153il sec, les complications<\/span>\u00a0<\/span><br \/>\n<\/span><\/span><\/strong><\/strong><\/strong><\/strong><\/li>\n<\/ul>\n<p><strong>\u00a0\u00a0\u00a0\u00a0\u00a0 &gt;&gt;&gt;<span style=\"font-family: go;font-size: 14pt\"><a href=\"#more\"><span style=\"color: #0000ff\">Lire la suite<\/span><\/a><\/span><\/strong><\/p>\n<\/p><\/div>\n<div class=\"product-sku\">UGS : n\/a<\/div>\n<p><\/a><\/div>\n<p><!-- \/.product-loop-body --><\/p>\n<div class=\"product-loop-footer product-item__footer\">\n<div class=\"price-add-to-cart\">\n\t<span class=\"price\"><span class=\"electro-price\"><span class=\"woocommerce-Price-amount amount\"><bdi>81,900<span class=\"woocommerce-Price-currencySymbol\">CFA<\/span><\/bdi><\/span><\/span><\/span><\/p>\n<div class=\"add-to-cart-wrap show-in-mobile\" data-toggle=\"tooltip\" data-title=\"Add To Cart\"><a href=\"\/fr\/wp-json\/wp\/v2\/pages\/2656?add-to-cart=3272\" aria-describedby=\"woocommerce_loop_add_to_cart_link_describedby_3272\" data-quantity=\"1\" class=\"button product_type_bundle add_to_cart_button ajax_add_to_cart\" data-product_id=\"3272\" data-product_sku=\"\" aria-label=\"En savoir plus sur \u201cCataract Clear (Eye Heath)\u201d\" rel=\"nofollow\" role=\"button\" data-no-translation-aria-label=\"\">Ajouter au chariot<\/a><\/div>\n<p>\t<span id=\"woocommerce_loop_add_to_cart_link_describedby_3272\" class=\"screen-reader-text\"><br \/>\n\t\t\t<\/span>\n<\/div>\n<p><!-- \/.price-add-to-cart --><\/p>\n<div class=\"hover-area\">\n<div class=\"action-buttons\"><\/div>\n<\/div>\n<\/div>\n<p><!-- \/.product-loop-footer --><\/div>\n<p><!-- \/.product-inner --><\/div>\n<p><!-- \/.product-outer --><\/li>\n<\/ul>\n<\/div>\n\n<p>\u00a0<\/p>\n\t\t\t\t\t\t\t\t<\/div>\n\t\t\t\t<\/div>\n\t\t\t\t\t<\/div>\n\t\t<\/div>\n\t\t\t\t<div class=\"elementor-column elementor-col-50 elementor-top-column elementor-element elementor-element-42bfec1\" data-id=\"42bfec1\" data-element_type=\"column\" data-e-type=\"column\" data-settings=\"{&quot;background_background&quot;:&quot;classic&quot;}\">\n\t\t\t<div class=\"elementor-widget-wrap elementor-element-populated\">\n\t\t\t\t\t<div class=\"elementor-background-overlay\"><\/div>\n\t\t\t\t\t\t<div class=\"elementor-element elementor-element-8e7ce02 elementor-widget elementor-widget-accordion\" data-id=\"8e7ce02\" data-element_type=\"widget\" data-e-type=\"widget\" data-widget_type=\"accordion.default\">\n\t\t\t\t<div class=\"elementor-widget-container\">\n\t\t\t\t\t\t\t<div class=\"elementor-accordion\">\n\t\t\t\t\t\t\t<div class=\"elementor-accordion-item\">\n\t\t\t\t\t<div id=\"elementor-tab-title-1491\" class=\"elementor-tab-title\" data-tab=\"1\" role=\"button\" aria-controls=\"elementor-tab-content-1491\" aria-expanded=\"false\">\n\t\t\t\t\t\t\t\t\t\t\t\t<a class=\"elementor-accordion-title\" tabindex=\"0\">Sant\u00e9 oculaire<\/a>\n\t\t\t\t\t<\/div>\n\t\t\t\t\t<div id=\"elementor-tab-content-1491\" class=\"elementor-tab-content elementor-clearfix\" data-tab=\"1\" role=\"region\" aria-labelledby=\"elementor-tab-title-1491\"><p>\u00a0<span class=\"fontstyle0\">N<\/span><span class=\"fontstyle1\">t\u00f4t, tout le monde \u00e9prouve une forme de probl\u00e8me oculaire dans sa vie allant de contractions oculaires inoffensives, flou, fatigue et d\u00e9mangeaisons oculaires \u00e0 des troubles plus graves, tels que la cataracte. Les troubles oculaires peuvent \u00eatre localis\u00e9s ou \u00eatre des sympt\u00f4mes de maladie, soit dans l&#039;\u0153il lui-m\u00eame, soit ailleurs dans le corps. Parce que l&#039;\u0153il est l&#039;un des organes les plus complexes du corps, de nombreux facteurs peuvent l&#039;affecter n\u00e9gativement.<\/span><\/p>\n<p><span class=\"fontstyle1\"><br \/>La plupart de ces probl\u00e8mes oculaires sont de courte dur\u00e9e et dispara\u00eetront probablement d&#039;eux-m\u00eames sans complications. Cependant, les probl\u00e8mes oculaires soudains et ceux qui durent plus de quelques jours doivent \u00eatre examin\u00e9s par un ophtalmologiste. Les sympt\u00f4mes de troubles oculaires et visuels peuvent varier consid\u00e9rablement en fonction du trouble et de la cause r\u00e9elle du sympt\u00f4me. Voici une liste des probl\u00e8mes oculaires courants et de leurs causes possibles.<\/span> <\/p><\/div>\n\t\t\t\t<\/div>\n\t\t\t\t\t\t\t<div class=\"elementor-accordion-item\">\n\t\t\t\t\t<div id=\"elementor-tab-title-1492\" class=\"elementor-tab-title\" data-tab=\"2\" role=\"button\" aria-controls=\"elementor-tab-content-1492\" aria-expanded=\"false\">\n\t\t\t\t\t\t\t\t\t\t\t\t<a class=\"elementor-accordion-title\" tabindex=\"0\">Lire la suite...<\/a>\n\t\t\t\t\t<\/div>\n\t\t\t\t\t<div id=\"elementor-tab-content-1492\" class=\"elementor-tab-content elementor-clearfix\" data-tab=\"2\" role=\"region\" aria-labelledby=\"elementor-tab-title-1492\"><p><span style=\"letter-spacing: -0.01em;\"> <span class=\"fontstyle0\">\u2022 Les contractions oculaires sont g\u00e9n\u00e9ralement inoffensives, mais peuvent <\/span><span class=\"fontstyle2\">\u00eatre tr\u00e8s ennuyeux. Les secousses peuvent \u00eatre associ\u00e9es aux \u00e9l\u00e9ments suivants: stress, caf\u00e9ine, fatigue, \u0153il rose, trouble panique<br \/>et le syndrome de Tourette.<br \/><\/span><span class=\"fontstyle0\">\u2022 Des d\u00e9mangeaisons oculaires peuvent \u00eatre caus\u00e9es par: des yeux roses, <\/span><span class=\"fontstyle2\">bl\u00e9pharite, syndrome de l&#039;\u0153il sec ou allergies.<br \/><\/span><span class=\"fontstyle0\">\u2022 Les yeux fatigu\u00e9s peuvent \u00eatre une cons\u00e9quence <\/span><span class=\"fontstyle2\">syndrome de l&#039;\u0153il sec, syndrome de vision artificielle, hyperm\u00e9tropie ou astigmatisme.<br \/><\/span><span class=\"fontstyle0\">\u2022 Voir des \u00abcorps flottants\u00bb peut \u00eatre caus\u00e9 par la r\u00e9tine <\/span><span class=\"fontstyle2\">d\u00e9collement, r\u00e9tinopathie diab\u00e9tique, d\u00e9collement post\u00e9rieur du vitr\u00e9 ou accident vasculaire c\u00e9r\u00e9bral.<br \/><\/span><span class=\"fontstyle0\">\u2022 Vision floue ou incapacit\u00e9 \u00e0 apporter <\/span><span class=\"fontstyle2\">objets nets, peuvent \u00eatre caus\u00e9s par un certain nombre de conditions. Parfois, la fatigue ou la maladie peuvent rendre la vision temporairement trouble. Les probl\u00e8mes oculaires suivants peuvent \u00e9galement provoquer une vision floue: myopie, hyperm\u00e9tropie, astigmatisme, cataracte, d\u00e9g\u00e9n\u00e9rescence maculaire, glaucome, uv\u00e9ite, syndrome de l&#039;\u0153il sec ou migraine.<br \/><\/span><span class=\"fontstyle0\">\u2022 Les yeux larmoyants peuvent \u00eatre caus\u00e9s par <\/span><span class=\"fontstyle2\">du froid.<br \/><\/span><span class=\"fontstyle0\">\u2022 Les yeux exorbit\u00e9s sont le signe d&#039;une thyro\u00efde <\/span><span class=\"fontstyle2\">\u00e9tat.<br \/><\/span><span class=\"fontstyle0\">\u2022 Une teinte jaune dans les yeux peut \u00eatre li\u00e9e \u00e0 <\/span><span class=\"fontstyle2\">h\u00e9patite ou probl\u00e8mes de calculs biliaires.<br \/><\/span><span class=\"fontstyle0\">\u2022 Les yeux inject\u00e9s de sang sont un signe certain de fatigue <\/span><span class=\"fontstyle2\">ou fatigue oculaire. Certains maux de t\u00eate sont li\u00e9s \u00e0 la fatigue oculaire.<\/span><\/span><\/p>\n<p><span style=\"letter-spacing: -0.01em;\"><span class=\"fontstyle2\"><br \/>Certains probl\u00e8mes oculaires sont associ\u00e9s \u00e0 l&#039;\u00e2ge. <\/span><span class=\"fontstyle0\">Les probl\u00e8mes oculaires li\u00e9s \u00e0 l&#039;\u00e2ge surviennent \u00e0 mesure que nous <\/span><span class=\"fontstyle2\">plus \u00e2g\u00e9s et comprennent la d\u00e9g\u00e9n\u00e9rescence maculaire li\u00e9e \u00e0 l&#039;\u00e2ge, la presbytie (difficult\u00e9 \u00e0 voir les objets \u00e0 proximit\u00e9), la cataracte, le glaucome et le vitr\u00e9 post\u00e9rieur<\/span><span class=\"fontstyle0\">d\u00e9tachement. Les parents sont g\u00e9n\u00e9ralement les premiers \u00e0 <\/span><span class=\"fontstyle2\">remarquez les probl\u00e8mes oculaires des enfants, notamment: \u0153il paresseux, strabisme, daltonisme, \u0153il rose et hyperm\u00e9tropie. <\/span><\/span><span style=\"letter-spacing: -0.01em;\"><span class=\"fontstyle0\">Bien qu&#039;il soit pr\u00e9f\u00e9rable de traiter chaque probl\u00e8me oculaire <\/span><span class=\"fontstyle2\">en particulier, vous pouvez prendre certaines mesures g\u00e9n\u00e9rales pour am\u00e9liorer la sant\u00e9 oculaire globale.<\/span> <\/span><\/p>\n<p><span style=\"letter-spacing: -0.01em;\"> <span class=\"fontstyle0\"><span style=\"text-decoration: underline;\">Choses saines que vous pouvez faire<\/span><br \/><\/span><span class=\"fontstyle2\">\u2022 Maintenez une alimentation saine et ad\u00e9quate <\/span><span class=\"fontstyle3\">apport nutritionnel. Vos yeux d\u00e9pendent des nutriments que vous consommez. Adoptez une alimentation riche en prot\u00e9ines, fruits et l\u00e9gumes. Incluez en particulier: le brocoli, le chou cru, les carottes, <\/span><span class=\"fontstyle2\">chou-fleur, l\u00e9gumes verts, courge, cresson et graines de tournesol. C&#039;est tr\u00e8s\u00a0<\/span><span class=\"fontstyle3\">important que toutes les personnes vieillissantes maintiennent\u00a0<\/span><span class=\"fontstyle2\">approvisionnement ad\u00e9quat en antioxydants pour prot\u00e9ger <\/span><span class=\"fontstyle3\">leurs yeux.<\/span><\/span><\/p>\n<p><span style=\"letter-spacing: -0.01em;\"><span class=\"fontstyle3\"><br \/><\/span><span class=\"fontstyle2\">\u2022 \u00c9limine le sucre et la farine blanche <\/span><span class=\"fontstyle3\">votre r\u00e9gime.<br \/><\/span><span class=\"fontstyle2\">\u2022 Prot\u00e9gez vos yeux de la surexposition au soleil et au vent. Portez un chapeau et <\/span><span class=\"fontstyle3\">lunettes de soleil avec protection contre les ultraviolets (UV) lorsque vous \u00eates \u00e0 l&#039;ext\u00e9rieur. Les rayons UV du soleil peuvent augmenter le risque de d\u00e9velopper un cancer de la peau, des cataractes et une d\u00e9g\u00e9n\u00e9rescence maculaire.<br \/><\/span><span class=\"fontstyle2\">\u2022 Boire beaucoup d&#039;eau (pour garder les yeux <\/span><span class=\"fontstyle3\">hydrat\u00e9).<br \/><\/span><span class=\"fontstyle2\">\u2022 Arr\u00eatez de fumer, \u00e9vitez la fum\u00e9e de tabac et <\/span><span class=\"fontstyle3\">autres irritants a\u00e9roport\u00e9s. Le tabagisme peut augmenter le risque de d\u00e9velopper des cataractes, une d\u00e9g\u00e9n\u00e9rescence maculaire et bien d&#039;autres<br \/>maladies en augmentant le stress oxydatif, <span class=\"fontstyle0\">r\u00e9tr\u00e9cissement des vaisseaux sanguins et r\u00e9duction\u00a0<\/span><span class=\"fontstyle2\">flux sanguin vers les yeux.<br \/>\u2022 Prenez beaucoup de repos. Aussi, prenez fr\u00e9quemment <\/span><span class=\"fontstyle0\">des pauses lors de la lecture ou du travail devant un ordinateur pour aider \u00e0 r\u00e9duire la fatigue oculaire.<br \/><\/span><span class=\"fontstyle2\">\u2022 Obtenez un \u0153il r\u00e9gulier et complet <\/span><span class=\"fontstyle0\">examens. De nombreuses maladies oculaires ne pr\u00e9sentent aucun sympt\u00f4me jusqu&#039;\u00e0 leurs derniers stades<br \/><\/span><span class=\"fontstyle2\">\u2022 \u00c0 partir de 40 ans, obtenez une <\/span><span class=\"fontstyle0\">examens oculaires complets pour la d\u00e9tection pr\u00e9coce des affections oculaires li\u00e9es \u00e0 l&#039;\u00e2ge.<\/span>\u00a0<\/span><br \/><\/span><\/p><\/div>\n\t\t\t\t<\/div>\n\t\t\t\t\t\t\t<div class=\"elementor-accordion-item\">\n\t\t\t\t\t<div id=\"elementor-tab-title-1493\" class=\"elementor-tab-title\" data-tab=\"3\" role=\"button\" aria-controls=\"elementor-tab-content-1493\" aria-expanded=\"false\">\n\t\t\t\t\t\t\t\t\t\t\t\t<a class=\"elementor-accordion-title\" tabindex=\"0\">proche<\/a>\n\t\t\t\t\t<\/div>\n\t\t\t\t\t<div id=\"elementor-tab-content-1493\" class=\"elementor-tab-content elementor-clearfix\" data-tab=\"3\" role=\"region\" aria-labelledby=\"elementor-tab-title-1493\"><p><span style=\"letter-spacing: -0.01em;\">\u00a0<\/span><\/p><\/div>\n\t\t\t\t<\/div>\n\t\t\t\t\t\t\t\t<\/div>\n\t\t\t\t\t\t<\/div>\n\t\t\t\t<\/div>\n\t\t\t\t\t<\/div>\n\t\t<\/div>\n\t\t\t\t\t<\/div>\n\t\t<\/section>\n\t\t\t\t<\/div>","protected":false},"excerpt":{"rendered":"<p>PRODUITS RECOMMAND\u00c9S PAR LES M\u00c9DECINS Sant\u00e9 oculaire Presque tout le monde conna\u00eet une forme de probl\u00e8me oculaire au cours de sa vie, allant de contractions oculaires inoffensives, de flou, de fatigue et de d\u00e9mangeaisons oculaires \u00e0 des yeux plus graves.<\/p>","protected":false},"author":1,"featured_media":0,"parent":0,"menu_order":0,"comment_status":"closed","ping_status":"closed","template":"template-page-sidebar-left.php","meta":{"nf_dc_page":"","_bbp_topic_count":0,"_bbp_reply_count":0,"_bbp_total_topic_count":0,"_bbp_total_reply_count":0,"_bbp_voice_count":0,"_bbp_anonymous_reply_count":0,"_bbp_topic_count_hidden":0,"_bbp_reply_count_hidden":0,"_bbp_forum_subforum_count":0,"footnotes":""},"class_list":["post-2656","page","type-page","status-publish","hentry"],"_links":{"self":[{"href":"https:\/\/www.naturesgiftforlife.com\/fr\/wp-json\/wp\/v2\/pages\/2656","targetHints":{"allow":["GET"]}}],"collection":[{"href":"https:\/\/www.naturesgiftforlife.com\/fr\/wp-json\/wp\/v2\/pages"}],"about":[{"href":"https:\/\/www.naturesgiftforlife.com\/fr\/wp-json\/wp\/v2\/types\/page"}],"author":[{"embeddable":true,"href":"https:\/\/www.naturesgiftforlife.com\/fr\/wp-json\/wp\/v2\/users\/1"}],"replies":[{"embeddable":true,"href":"https:\/\/www.naturesgiftforlife.com\/fr\/wp-json\/wp\/v2\/comments?post=2656"}],"version-history":[{"count":0,"href":"https:\/\/www.naturesgiftforlife.com\/fr\/wp-json\/wp\/v2\/pages\/2656\/revisions"}],"wp:attachment":[{"href":"https:\/\/www.naturesgiftforlife.com\/fr\/wp-json\/wp\/v2\/media?parent=2656"}],"curies":[{"name":"wp","href":"https:\/\/api.w.org\/{rel}","templated":true}]}}