{"id":25,"date":"2020-08-13T08:14:11","date_gmt":"2020-08-13T08:14:11","guid":{"rendered":"https:\/\/test.projectilecm.com\/?page_id=25"},"modified":"2021-08-24T09:56:48","modified_gmt":"2021-08-24T09:56:48","slug":"retail-stores","status":"publish","type":"page","link":"https:\/\/www.naturesgiftforlife.com\/fr\/retail-stores\/","title":{"rendered":"Trouver un magasin pr\u00e8s de chez moi"},"content":{"rendered":"<div data-elementor-type=\"wp-page\" data-elementor-id=\"25\" class=\"elementor elementor-25\">\n\t\t\t\t\t\t<section class=\"elementor-section elementor-top-section elementor-element elementor-element-fc23357 elementor-section-boxed elementor-section-height-default elementor-section-height-default\" data-id=\"fc23357\" data-element_type=\"section\" data-e-type=\"section\">\n\t\t\t\t\t\t<div class=\"elementor-container elementor-column-gap-default\">\n\t\t\t\t\t<div class=\"elementor-column elementor-col-100 elementor-top-column elementor-element elementor-element-c1a585c\" data-id=\"c1a585c\" data-element_type=\"column\" data-e-type=\"column\">\n\t\t\t<div class=\"elementor-widget-wrap elementor-element-populated\">\n\t\t\t\t\t\t<div class=\"elementor-element elementor-element-854b069 elementor-widget elementor-widget-heading\" data-id=\"854b069\" data-element_type=\"widget\" data-e-type=\"widget\" data-widget_type=\"heading.default\">\n\t\t\t\t<div class=\"elementor-widget-container\">\n\t\t\t\t\t<h2 class=\"elementor-heading-title elementor-size-default\">\u00a0 \u00a0CAMEROUN<\/h2>\t\t\t\t<\/div>\n\t\t\t\t<\/div>\n\t\t\t\t\t<\/div>\n\t\t<\/div>\n\t\t\t\t\t<\/div>\n\t\t<\/section>\n\t\t\t\t<section class=\"elementor-section elementor-top-section elementor-element elementor-element-8f462d7 elementor-section-boxed elementor-section-height-default elementor-section-height-default\" data-id=\"8f462d7\" data-element_type=\"section\" data-e-type=\"section\">\n\t\t\t\t\t\t<div class=\"elementor-container elementor-column-gap-default\">\n\t\t\t\t\t<div class=\"elementor-column elementor-col-50 elementor-top-column elementor-element elementor-element-5d10be3\" data-id=\"5d10be3\" data-element_type=\"column\" data-e-type=\"column\">\n\t\t\t<div class=\"elementor-widget-wrap elementor-element-populated\">\n\t\t\t\t\t\t<div class=\"elementor-element elementor-element-49364bd elementor-widget elementor-widget-text-editor\" data-id=\"49364bd\" data-element_type=\"widget\" data-e-type=\"widget\" data-widget_type=\"text-editor.default\">\n\t\t\t\t<div class=\"elementor-widget-container\">\n\t\t\t\t\t\t\t\t\t<table><tbody><tr><td><p><strong>BONAPRISO<\/strong><br \/>Maison Immeuble Bonadouma,<br \/>Rue des Palmiers Bonapriso,<br \/>Littoral<br \/><strong>T\u00e9l\u00e9phone:<\/strong>\u00a0653054422,<br \/><strong>Fax:<\/strong>\u00a0Indisponible,<\/p><\/td><\/tr><\/tbody><\/table><table style=\"height: 138px;\" width=\"240\"><tbody><tr><td><p><strong>AKWA<\/strong><br \/>Carrefour Id\u00e9al Akwa, Littoral,<br \/><strong>T\u00e9l\u00e9phone:\u00a0<\/strong>679535651,<br \/><strong>Fax:<\/strong>\u00a0Indisponible<\/p><\/td><\/tr><\/tbody><\/table><table style=\"height: 167px;\" width=\"244\"><tbody><tr><td><p><strong>YAOUDE I<\/strong><br \/>En face du Foyer Banjoun.<br \/>Etoa Meki, centre, Cameroun<br \/><strong>T\u00e9l\u00e9phone:<\/strong>\u00a0677440828,<br \/><strong>Fax<\/strong>\u00a0Indisponible,<\/p><\/td><\/tr><\/tbody><\/table><table style=\"height: 146px;\" width=\"248\"><tbody><tr><td><p><strong>LIMBE I<\/strong><br \/>En face de la pharmacie standard,<br \/>Saker Junction Sud-Ouest\u00a0<strong>T\u00e9l\u00e9phone:<\/strong>\u00a0676 49 23 65<br \/><strong>Fax<\/strong>\u00a0Indisponible,<\/p><\/td><\/tr><\/tbody><\/table><table style=\"height: 139px;\" width=\"247\"><tbody><tr><td><p><strong>BAMENDA I<\/strong><br \/>Pharmacie du parc,<br \/>Cameroun\u00a0<strong>T\u00e9l\u00e9phone:<\/strong>676492368<br \/><strong>Fax<\/strong>\u00a0Indisponible,<\/p><\/td><\/tr><\/tbody><\/table>\t\t\t\t\t\t\t\t<\/div>\n\t\t\t\t<\/div>\n\t\t\t\t\t<\/div>\n\t\t<\/div>\n\t\t\t\t<div class=\"elementor-column elementor-col-50 elementor-top-column elementor-element elementor-element-95afbab\" data-id=\"95afbab\" data-element_type=\"column\" data-e-type=\"column\">\n\t\t\t<div class=\"elementor-widget-wrap elementor-element-populated\">\n\t\t\t\t\t\t<div class=\"elementor-element elementor-element-12209ff elementor-widget elementor-widget-text-editor\" data-id=\"12209ff\" data-element_type=\"widget\" data-e-type=\"widget\" data-widget_type=\"text-editor.default\">\n\t\t\t\t<div class=\"elementor-widget-container\">\n\t\t\t\t\t\t\t\t\t<table style=\"height: 183px;\" width=\"255\"><tbody><tr><td><p><strong>HOPITAL G\u00c9N\u00c9RAL<\/strong><br \/>En face de l&#039;h\u00f4pital g\u00e9n\u00e9ral, Douala<br \/><strong>T\u00e9l\u00e9phone:<\/strong>\u00a0679 53 56 53,<br \/><strong>Fax:<\/strong>\u00a0Indisponible,<\/p><\/td><\/tr><\/tbody><\/table><table style=\"height: 149px;\" width=\"256\"><tbody><tr><td><p><strong>BONABERI<\/strong><br \/>Route de l&#039;Ancienne adjacente<br \/>Palais royal de Douala<br \/><strong>T\u00e9l\u00e9phone:<\/strong>\u00a0679162015,<br \/><strong>Fax:<\/strong>\u00a0Indisponible,<\/p><\/td><\/tr><\/tbody><\/table><table style=\"height: 144px;\" width=\"256\"><tbody><tr><td><p><strong>NKONSAMBA I<\/strong><br \/>Derri\u00e8re Cofinest,<br \/>Cameroun\u00a0<strong>T\u00e9l\u00e9phone:<\/strong>677769236,<br \/><strong>Fax:<\/strong>\u00a0Indisponible,<\/p><\/td><\/tr><\/tbody><\/table><table style=\"height: 165px;\" width=\"254\"><tbody><tr><td><p><strong>BAFOUSSAM I<\/strong><br \/>Pharmacie du Secours,<br \/>Cameroun<br \/><strong>T\u00e9l\u00e9phone:<\/strong>\u00a0676492367<br \/><strong>Fax:<\/strong>\u00a0Indisponible,<\/p><\/td><\/tr><\/tbody><\/table>\t\t\t\t\t\t\t\t<\/div>\n\t\t\t\t<\/div>\n\t\t\t\t\t<\/div>\n\t\t<\/div>\n\t\t\t\t\t<\/div>\n\t\t<\/section>\n\t\t\t\t<section class=\"elementor-section elementor-top-section elementor-element elementor-element-59075d3 elementor-section-boxed elementor-section-height-default elementor-section-height-default\" data-id=\"59075d3\" data-element_type=\"section\" data-e-type=\"section\">\n\t\t\t\t\t\t<div class=\"elementor-container elementor-column-gap-default\">\n\t\t\t\t\t<div class=\"elementor-column elementor-col-100 elementor-top-column elementor-element elementor-element-3ba2779\" data-id=\"3ba2779\" data-element_type=\"column\" data-e-type=\"column\">\n\t\t\t<div class=\"elementor-widget-wrap elementor-element-populated\">\n\t\t\t\t\t\t<div class=\"elementor-element elementor-element-3e692ed elementor-widget elementor-widget-heading\" data-id=\"3e692ed\" data-element_type=\"widget\" data-e-type=\"widget\" data-widget_type=\"heading.default\">\n\t\t\t\t<div class=\"elementor-widget-container\">\n\t\t\t\t\t<h2 class=\"elementor-heading-title elementor-size-default\">NIGERIA<\/h2>\t\t\t\t<\/div>\n\t\t\t\t<\/div>\n\t\t\t\t\t<\/div>\n\t\t<\/div>\n\t\t\t\t\t<\/div>\n\t\t<\/section>\n\t\t\t\t<section class=\"elementor-section elementor-top-section elementor-element elementor-element-e358ef5 elementor-section-boxed elementor-section-height-default elementor-section-height-default\" data-id=\"e358ef5\" data-element_type=\"section\" data-e-type=\"section\">\n\t\t\t\t\t\t<div class=\"elementor-container elementor-column-gap-default\">\n\t\t\t\t\t<div class=\"elementor-column elementor-col-50 elementor-top-column elementor-element elementor-element-8ce2358\" data-id=\"8ce2358\" data-element_type=\"column\" data-e-type=\"column\">\n\t\t\t<div class=\"elementor-widget-wrap elementor-element-populated\">\n\t\t\t\t\t\t<div class=\"elementor-element elementor-element-558cbd6 elementor-widget elementor-widget-text-editor\" data-id=\"558cbd6\" data-element_type=\"widget\" data-e-type=\"widget\" data-widget_type=\"text-editor.default\">\n\t\t\t\t<div class=\"elementor-widget-container\">\n\t\t\t\t\t\t\t\t\t<table><tbody><tr><td><strong>Nig\u00e9ria 1<\/strong><br \/>BPF5 BANEX PLAZA, 2\u00c8ME \u00c9TAGE,<br \/>(TOP OF STAR TIMES TELEVISION) WUSE II`` Nig\u00e9ria<br \/><strong>T\u00e9l\u00e9phone:<\/strong>\u00a008069809339,<br \/><strong>Fax:<\/strong>\u00a0Indisponible,<\/td><\/tr><\/tbody><\/table><table><tbody><tr><td><strong>Nig\u00e9ria_Port Hartcourt Bc1<\/strong><br \/>CHRIST THE SAVIOR SUPERMARCH\u00c9 SONIA MALL,<br \/>- YKC Junction - en face de M. BIGGS<br \/><strong>T\u00e9l\u00e9phone:\u00a0<\/strong>08037473241,<br \/><strong>Fax:<\/strong>\u00a0Indisponible<\/td><\/tr><\/tbody><\/table><table><tbody><tr><td><strong>Nigeria_Lagos_Ikeja_BC3<\/strong><br \/>1er \u00e9tage, maison Sennia 41A.<br \/>Rue Joel Ogunnaike Ikeja GRA Ikeja, Lagos,<br \/><strong>T\u00e9l\u00e9phone:<\/strong>\u00a007055772166,<br \/><strong>Fax<\/strong>\u00a0Indisponible,<\/td><\/tr><\/tbody><\/table><table><tbody><tr><td><p><strong>Nigeria_Enugu_BC1<\/strong><br \/>Enugu-398, chemin Agbani,<br \/>\u00e0 c\u00f4t\u00e9 du Naiko Hotel opp Mtd Bus \/ Stop Gariki,\u00a0<\/p><p><strong>T\u00e9l\u00e9phone:<\/strong>\u00a008130372042<br \/><strong>Fax<\/strong>\u00a0Indisponible,<\/p><\/td><\/tr><\/tbody><\/table><table><tbody><tr><td><strong>Nig\u00e9ria_Akwa - Ibom BC1<\/strong><br \/>MEFA LTD, 8, ORON ROAD, UYO, AKWA-IBOM,<br \/>Nigeria<br \/><strong>T\u00e9l\u00e9phone:<\/strong>\u00a008094477091<br \/><strong>Fax<\/strong>\u00a0Indisponible,<\/td><\/tr><\/tbody><\/table>\t\t\t\t\t\t\t\t<\/div>\n\t\t\t\t<\/div>\n\t\t\t\t\t<\/div>\n\t\t<\/div>\n\t\t\t\t<div class=\"elementor-column elementor-col-50 elementor-top-column elementor-element elementor-element-0a652ee\" data-id=\"0a652ee\" data-element_type=\"column\" data-e-type=\"column\">\n\t\t\t<div class=\"elementor-widget-wrap elementor-element-populated\">\n\t\t\t\t\t\t<div class=\"elementor-element elementor-element-8f482ab elementor-widget elementor-widget-text-editor\" data-id=\"8f482ab\" data-element_type=\"widget\" data-e-type=\"widget\" data-widget_type=\"text-editor.default\">\n\t\t\t\t<div class=\"elementor-widget-container\">\n\t\t\t\t\t\t\t\t\t<table style=\"height: 167px;\" width=\"249\"><tbody><tr><td><p><strong>\u00a0<\/strong><strong>Entrep\u00f4t principal du Nigeria<\/strong><\/p><p>29 ROUTE OPEBI - IKEJA LAGOS<br \/><strong>T\u00e9l\u00e9phone:<\/strong>\u00a02348100192590,<br \/><strong>Fax:<\/strong>\u00a0Indisponible,<\/p><\/td><\/tr><\/tbody><\/table><table style=\"height: 159px;\" width=\"257\"><tbody><tr><td><p><strong>Nigeria_Lagos_Lekki_Estate_BC2<\/strong><br \/>EPE EXPRESSWAY - BOUTIQUE C 311<br \/>situ\u00e9 juste avant FIDELITY BANK<br \/><strong>T\u00e9l\u00e9phone:<\/strong>\u00a008033415064,<br \/><strong>Fax:<\/strong>\u00a0Indisponible,<\/p><\/td><\/tr><\/tbody><\/table><table><tbody><tr><td><p><strong>Nigeria_Warri BC1<\/strong><br \/>9 ROBERTS ROAD BY NEPA OFFICE WARRIt,<br \/>\u00c9TAT DU DELTA<br \/>Cameroun\u00a0<strong>T\u00e9l\u00e9phone:<\/strong><br \/><strong>Fax:<\/strong>\u00a0Indisponible,<\/p><\/td><\/tr><\/tbody><\/table><table><tbody><tr><td><p><strong>Nigeria_Port Harcourt_BC2<\/strong><br \/>Port Harcourt,<br \/>Nigeria<br \/><strong>T\u00e9l\u00e9phone:<\/strong>\u00a008033101230,080<br \/><strong>Fax:<\/strong>\u00a0Indisponible,<\/p><\/td><\/tr><\/tbody><\/table>\t\t\t\t\t\t\t\t<\/div>\n\t\t\t\t<\/div>\n\t\t\t\t\t<\/div>\n\t\t<\/div>\n\t\t\t\t\t<\/div>\n\t\t<\/section>\n\t\t\t\t<\/div>","protected":false},"excerpt":{"rendered":"<p>&nbsp; &nbsp;CAMEROON BONAPRISO Immeuble Bonadouma home, Rue des Palmiers Bonapriso, Littoral Phone:&nbsp;653054422, Fax:&nbsp;Not Available, AKWA Carrefour Ideal Akwa,Littoral, Phone:&nbsp;679535651, Fax:&nbsp;Not Available YAOUDE I Opposite Foyer Banjoun. Etoa Meki, centre, Cameroon<\/p>","protected":false},"author":1,"featured_media":0,"parent":0,"menu_order":0,"comment_status":"closed","ping_status":"closed","template":"elementor_header_footer","meta":{"_bbp_topic_count":0,"_bbp_reply_count":0,"_bbp_total_topic_count":0,"_bbp_total_reply_count":0,"_bbp_voice_count":0,"_bbp_anonymous_reply_count":0,"_bbp_topic_count_hidden":0,"_bbp_reply_count_hidden":0,"_bbp_forum_subforum_count":0,"footnotes":""},"class_list":["post-25","page","type-page","status-publish","hentry"],"_links":{"self":[{"href":"https:\/\/www.naturesgiftforlife.com\/fr\/wp-json\/wp\/v2\/pages\/25","targetHints":{"allow":["GET"]}}],"collection":[{"href":"https:\/\/www.naturesgiftforlife.com\/fr\/wp-json\/wp\/v2\/pages"}],"about":[{"href":"https:\/\/www.naturesgiftforlife.com\/fr\/wp-json\/wp\/v2\/types\/page"}],"author":[{"embeddable":true,"href":"https:\/\/www.naturesgiftforlife.com\/fr\/wp-json\/wp\/v2\/users\/1"}],"replies":[{"embeddable":true,"href":"https:\/\/www.naturesgiftforlife.com\/fr\/wp-json\/wp\/v2\/comments?post=25"}],"version-history":[{"count":0,"href":"https:\/\/www.naturesgiftforlife.com\/fr\/wp-json\/wp\/v2\/pages\/25\/revisions"}],"wp:attachment":[{"href":"https:\/\/www.naturesgiftforlife.com\/fr\/wp-json\/wp\/v2\/media?parent=25"}],"curies":[{"name":"wp","href":"https:\/\/api.w.org\/{rel}","templated":true}]}}