{"id":2257,"date":"2020-09-17T08:09:41","date_gmt":"2020-09-17T08:09:41","guid":{"rendered":"http:\/\/www.livehealthylivehappy.com\/new\/?page_id=2257"},"modified":"2021-08-15T13:45:59","modified_gmt":"2021-08-15T13:45:59","slug":"arthritis","status":"publish","type":"page","link":"https:\/\/www.naturesgiftforlife.com\/fr\/arthritis\/","title":{"rendered":"Arthrite"},"content":{"rendered":"<div data-elementor-type=\"wp-page\" data-elementor-id=\"2257\" class=\"elementor elementor-2257\">\n\t\t\t\t\t\t<section class=\"elementor-section elementor-top-section elementor-element elementor-element-43892e3f elementor-section-full_width elementor-section-height-default elementor-section-height-default\" data-id=\"43892e3f\" data-element_type=\"section\" data-e-type=\"section\" data-settings=\"{&quot;shape_divider_bottom&quot;:&quot;mountains&quot;}\">\n\t\t\t\t\t<div class=\"elementor-shape elementor-shape-bottom\" aria-hidden=\"true\" data-negative=\"false\">\n\t\t\t<svg xmlns=\"http:\/\/www.w3.org\/2000\/svg\" viewbox=\"0 0 1000 100\" preserveaspectratio=\"none\">\n\t<path class=\"elementor-shape-fill\" opacity=\"0.33\" d=\"M473,67.3c-203.9,88.3-263.1-34-320.3,0C66,119.1,0,59.7,0,59.7V0h1000v59.7 c0,0-62.1,26.1-94.9,29.3c-32.8,3.3-62.8-12.3-75.8-22.1C806,49.6,745.3,8.7,694.9,4.7S492.4,59,473,67.3z\"\/>\n\t<path class=\"elementor-shape-fill\" opacity=\"0.66\" d=\"M734,67.3c-45.5,0-77.2-23.2-129.1-39.1c-28.6-8.7-150.3-10.1-254,39.1 s-91.7-34.4-149.2,0C115.7,118.3,0,39.8,0,39.8V0h1000v36.5c0,0-28.2-18.5-92.1-18.5C810.2,18.1,775.7,67.3,734,67.3z\"\/>\n\t<path class=\"elementor-shape-fill\" d=\"M766.1,28.9c-200-57.5-266,65.5-395.1,19.5C242,1.8,242,5.4,184.8,20.6C128,35.8,132.3,44.9,89.9,52.5C28.6,63.7,0,0,0,0 h1000c0,0-9.9,40.9-83.6,48.1S829.6,47,766.1,28.9z\"\/>\n<\/svg>\t\t<\/div>\n\t\t\t\t\t<div class=\"elementor-container elementor-column-gap-no\">\n\t\t\t\t\t<div class=\"elementor-column elementor-col-66 elementor-top-column elementor-element elementor-element-1dbc9abe\" data-id=\"1dbc9abe\" data-element_type=\"column\" data-e-type=\"column\">\n\t\t\t<div class=\"elementor-widget-wrap elementor-element-populated\">\n\t\t\t\t\t\t<div class=\"elementor-element elementor-element-d209be8 elementor-widget elementor-widget-heading\" data-id=\"d209be8\" data-element_type=\"widget\" data-e-type=\"widget\" data-widget_type=\"heading.default\">\n\t\t\t\t<div class=\"elementor-widget-container\">\n\t\t\t\t\t<h2 class=\"elementor-heading-title elementor-size-default\">PRODUITS RECOMMAND\u00c9S PAR LES M\u00c9DECINS <\/h2>\t\t\t\t<\/div>\n\t\t\t\t<\/div>\n\t\t\t\t<div class=\"elementor-element elementor-element-39d6a81b elementor-widget elementor-widget-text-editor\" data-id=\"39d6a81b\" data-element_type=\"widget\" data-e-type=\"widget\" data-widget_type=\"text-editor.default\">\n\t\t\t\t<div class=\"elementor-widget-container\">\n\t\t\t\t\t\t\t\t\t<p><\/p>\n<div class=\"woocommerce columns-3\">\n<ul data-view=\"grid\" data-toggle=\"regular-products\" class=\"products products list-unstyled row g-0 row-cols-2 row-cols-md-3 row-cols-lg-3 row-cols-xl-3 row-cols-xxl-5\">\n<li class=\"product type-product post-2898 status-publish first instock product_cat-arthritis has-post-thumbnail featured shipping-taxable purchasable product-type-bundle\">\n<div class=\"product-outer product-item__outer\">\n<div class=\"product-inner product-item__inner\">\n<div class=\"product-loop-header product-item__header\"><span class=\"loop-product-categories\"><a href=\"https:\/\/www.naturesgiftforlife.com\/fr\/categorie-produit\/arthritis\/\" rel=\"tag\">Arthrite<\/a><\/span><a href=\"https:\/\/www.naturesgiftforlife.com\/fr\/shop\/serra-fibro-arthritis\/\" class=\"woocommerce-LoopProduct-link woocommerce-loop-product__link\"><\/p>\n<h2 class=\"woocommerce-loop-product__title\" data-no-translation=\"\">NG4l Serra Fibro (Arthritis)<\/h2>\n<div class=\"product-thumbnail product-item__thumbnail\"><img fetchpriority=\"high\" decoding=\"async\" width=\"264\" height=\"396\" src=\"https:\/\/www.naturesgiftforlife.com\/wp-content\/uploads\/2020\/09\/serra-fibro-60-scaled-264x396.jpg\" class=\"attachment-woocommerce_thumbnail size-woocommerce_thumbnail\" alt=\"Serra Fibro (Arthritis)\" data-xoowscfly=\"fly\" title=\"\"><\/div>\n<p><\/a><\/div>\n<p><!-- \/.product-loop-header --><\/p>\n<div class=\"product-loop-body product-item__body\"><span class=\"loop-product-categories\"><a href=\"https:\/\/www.naturesgiftforlife.com\/fr\/categorie-produit\/arthritis\/\" rel=\"tag\">Arthrite<\/a><\/span><a href=\"https:\/\/www.naturesgiftforlife.com\/fr\/shop\/serra-fibro-arthritis\/\" class=\"woocommerce-LoopProduct-link woocommerce-loop-product__link\"><\/p>\n<h2 class=\"woocommerce-loop-product__title\" data-no-translation=\"\">NG4l Serra Fibro (Arthritis)<\/h2>\n<div class=\"product-rating\">\n<div class=\"star-rating\" title=\"Not\u00e9 0 sur 5\"><span style=\"width:0%\"><strong class=\"rating\">0<\/strong> sur 5<\/span><\/div>\n<p> (0)\n\t\t<\/p><\/div>\n<div class=\"product-short-description\">\n<p><a name=\"buy\"><\/a><br \/>\n<span style=\"text-decoration: underline;color: #3366ff\"><strong>Avantages de ce produit pour l&#039;arthrite\u00a0<\/strong><\/span><\/p>\n<ul>\n<li><strong><span style=\"font-family: go\"><span style=\"font-size: medium\"><span class=\"fontstyle0\">Combat l&#039;inflammation et r\u00e9duit consid\u00e9rablement la douleur en bloquant la lib\u00e9ration d&#039;amines douloureuses par les tissus enflamm\u00e9s.<\/span><br \/>\n<\/span><\/span><\/strong><\/li>\n<\/ul>\n<p><strong>\u00a0\u00a0\u00a0\u00a0\u00a0 &gt;&gt;&gt;<span style=\"font-family: go;font-size: 14pt\"><a href=\"#more\"><span style=\"color: #0000ff\">Lire la suite<\/span><\/a><\/span><\/strong><\/p>\n<\/p><\/div>\n<div class=\"product-sku\">UGS : n\/a<\/div>\n<p><\/a><\/div>\n<p><!-- \/.product-loop-body --><\/p>\n<div class=\"product-loop-footer product-item__footer\">\n<div class=\"price-add-to-cart\">\n\t<span class=\"price\"><span class=\"electro-price\"><span class=\"woocommerce-Price-amount amount\"><bdi>13,575<span class=\"woocommerce-Price-currencySymbol\">CFA<\/span><\/bdi><\/span><\/span><\/span><\/p>\n<div class=\"add-to-cart-wrap show-in-mobile\" data-toggle=\"tooltip\" data-title=\"Add To Cart\"><a href=\"\/fr\/wp-json\/wp\/v2\/pages\/2257?add-to-cart=2898\" aria-describedby=\"woocommerce_loop_add_to_cart_link_describedby_2898\" data-quantity=\"1\" class=\"button product_type_bundle add_to_cart_button ajax_add_to_cart\" data-product_id=\"2898\" data-product_sku=\"\" aria-label=\"En savoir plus sur \u201cNG4l Serra Fibro (Arthritis)\u201d\" rel=\"nofollow\" role=\"button\" data-no-translation-aria-label=\"\">Ajouter au chariot<\/a><\/div>\n<p>\t<span id=\"woocommerce_loop_add_to_cart_link_describedby_2898\" class=\"screen-reader-text\"><br \/>\n\t\t\t<\/span>\n<\/div>\n<p><!-- \/.price-add-to-cart --><\/p>\n<div class=\"hover-area\">\n<div class=\"action-buttons\"><\/div>\n<\/div>\n<\/div>\n<p><!-- \/.product-loop-footer --><\/div>\n<p><!-- \/.product-inner --><\/div>\n<p><!-- \/.product-outer --><\/li>\n<li class=\"product type-product post-1554 status-publish instock product_cat-arthritis has-post-thumbnail featured shipping-taxable purchasable product-type-bundle\">\n<div class=\"product-outer product-item__outer\">\n<div class=\"product-inner product-item__inner\">\n<div class=\"product-loop-header product-item__header\"><span class=\"loop-product-categories\"><a href=\"https:\/\/www.naturesgiftforlife.com\/fr\/categorie-produit\/arthritis\/\" rel=\"tag\">Arthrite<\/a><\/span><a href=\"https:\/\/www.naturesgiftforlife.com\/fr\/shop\/arthritis-joint-formula\/\" class=\"woocommerce-LoopProduct-link woocommerce-loop-product__link\"><\/p>\n<h2 class=\"woocommerce-loop-product__title\" data-no-translation=\"\">Triple Strength Arthritis\/Joint Formula<\/h2>\n<div class=\"product-thumbnail product-item__thumbnail\"><img decoding=\"async\" width=\"264\" height=\"396\" src=\"https:\/\/www.naturesgiftforlife.com\/wp-content\/uploads\/2020\/09\/athritis-joint-scaled-264x396.jpg\" class=\"attachment-woocommerce_thumbnail size-woocommerce_thumbnail\" alt=\"Arthritis Joint Formula\" data-xoowscfly=\"fly\" title=\"\"><\/div>\n<p><\/a><\/div>\n<p><!-- \/.product-loop-header --><\/p>\n<div class=\"product-loop-body product-item__body\"><span class=\"loop-product-categories\"><a href=\"https:\/\/www.naturesgiftforlife.com\/fr\/categorie-produit\/arthritis\/\" rel=\"tag\">Arthrite<\/a><\/span><a href=\"https:\/\/www.naturesgiftforlife.com\/fr\/shop\/arthritis-joint-formula\/\" class=\"woocommerce-LoopProduct-link woocommerce-loop-product__link\"><\/p>\n<h2 class=\"woocommerce-loop-product__title\" data-no-translation=\"\">Triple Strength Arthritis\/Joint Formula<\/h2>\n<div class=\"product-rating\">\n<div class=\"star-rating\" title=\"Not\u00e9 0 sur 5\"><span style=\"width:0%\"><strong class=\"rating\">0<\/strong> sur 5<\/span><\/div>\n<p> (0)\n\t\t<\/p><\/div>\n<div class=\"product-short-description\">\n<p><a id=\"quot;buyquot;\" class=\"wpsal-anchor\" name=\"quot;buyquot;\"><\/a><\/p>\n<p><span style=\"text-decoration: underline;color: #3366ff\"><strong>Avantages de ce produit pour l&#039;arthrite\u00a0<\/strong><\/span><\/p>\n<ul>\n<li>Formule Arthrite Articul\u00e9e<\/li>\n<li><strong><span style=\"font-family: go\"><span style=\"font-size: medium\">Am\u00e9liore et favorise <span class=\"fontstyle0\">en bonne sant\u00e9<\/span> mixte\u00a0<\/span><\/span><\/strong><\/li>\n<li><strong><span style=\"font-family: go\"><span style=\"font-size: medium\"><span class=\"fontstyle0\">R\u00e9duit la douleur et l&#039;inflammation<\/span><br \/>\n<\/span><\/span><\/strong><\/li>\n<li><strong><span style=\"font-family: go\">Aide le corps \u00e0 r\u00e9parer le cartilage \u00e9rod\u00e9 et endommag\u00e9<\/span><\/strong><\/li>\n<li><strong><span style=\"font-family: go\">Am\u00e9liore et favorise la sant\u00e9 des articulations et la fonction normale.<\/span><\/strong><\/li>\n<li><strong><span style=\"font-family: go\">Fournit des tissus mous augmentant l&#039;absorption des chocs dans les articulations.<\/span><\/strong><\/li>\n<li><strong><span style=\"font-family: go\">Aide \u00e0 r\u00e9duire la douleur des personnes souffrant d&#039;arthrose<\/span><\/strong><\/li>\n<\/ul>\n<p><strong>\u00a0\u00a0\u00a0\u00a0\u00a0 &gt;&gt;&gt;<span style=\"font-family: go;font-size: 14pt\"><a href=\"#more\"><span style=\"color: #0000ff\">Lire la suite<\/span><\/a><\/span><\/strong><\/p>\n<\/p><\/div>\n<div class=\"product-sku\">UGS : n\/a<\/div>\n<p><\/a><\/div>\n<p><!-- \/.product-loop-body --><\/p>\n<div class=\"product-loop-footer product-item__footer\">\n<div class=\"price-add-to-cart\">\n\t<span class=\"price\"><span class=\"electro-price\"><span class=\"woocommerce-Price-amount amount\"><bdi>30,260<span class=\"woocommerce-Price-currencySymbol\">CFA<\/span><\/bdi><\/span><\/span><\/span><\/p>\n<div class=\"add-to-cart-wrap show-in-mobile\" data-toggle=\"tooltip\" data-title=\"Add To Cart\"><a href=\"\/fr\/wp-json\/wp\/v2\/pages\/2257?add-to-cart=1554\" aria-describedby=\"woocommerce_loop_add_to_cart_link_describedby_1554\" data-quantity=\"1\" class=\"button product_type_bundle add_to_cart_button ajax_add_to_cart\" data-product_id=\"1554\" data-product_sku=\"\" aria-label=\"En savoir plus sur \u201cTriple Strength Arthritis\/Joint Formula\u201d\" rel=\"nofollow\" role=\"button\" data-no-translation-aria-label=\"\">Ajouter au chariot<\/a><\/div>\n<p>\t<span id=\"woocommerce_loop_add_to_cart_link_describedby_1554\" class=\"screen-reader-text\"><br \/>\n\t\t\t<\/span>\n<\/div>\n<p><!-- \/.price-add-to-cart --><\/p>\n<div class=\"hover-area\">\n<div class=\"action-buttons\"><\/div>\n<\/div>\n<\/div>\n<p><!-- \/.product-loop-footer --><\/div>\n<p><!-- \/.product-inner --><\/div>\n<p><!-- \/.product-outer --><\/li>\n<li class=\"product type-product post-2902 status-publish last instock product_cat-arthritis has-post-thumbnail featured shipping-taxable purchasable product-type-bundle\">\n<div class=\"product-outer product-item__outer\">\n<div class=\"product-inner product-item__inner\">\n<div class=\"product-loop-header product-item__header\"><span class=\"loop-product-categories\"><a href=\"https:\/\/www.naturesgiftforlife.com\/fr\/categorie-produit\/arthritis\/\" rel=\"tag\">Arthrite<\/a><\/span><a href=\"https:\/\/www.naturesgiftforlife.com\/fr\/shop\/bromelaine-arthritis\/\" class=\"woocommerce-LoopProduct-link woocommerce-loop-product__link\"><\/p>\n<h2 class=\"woocommerce-loop-product__title\" data-no-translation=\"\">Bromelaine 2400GCU\/g (Arthritis)<\/h2>\n<div class=\"product-thumbnail product-item__thumbnail\"><img decoding=\"async\" width=\"264\" height=\"396\" src=\"https:\/\/www.naturesgiftforlife.com\/wp-content\/uploads\/2020\/09\/bromilain-scaled-264x396.jpg\" class=\"attachment-woocommerce_thumbnail size-woocommerce_thumbnail\" alt=\"Bromelaine (Arthritis)\" data-xoowscfly=\"fly\" title=\"\"><\/div>\n<p><\/a><\/div>\n<p><!-- \/.product-loop-header --><\/p>\n<div class=\"product-loop-body product-item__body\"><span class=\"loop-product-categories\"><a href=\"https:\/\/www.naturesgiftforlife.com\/fr\/categorie-produit\/arthritis\/\" rel=\"tag\">Arthrite<\/a><\/span><a href=\"https:\/\/www.naturesgiftforlife.com\/fr\/shop\/bromelaine-arthritis\/\" class=\"woocommerce-LoopProduct-link woocommerce-loop-product__link\"><\/p>\n<h2 class=\"woocommerce-loop-product__title\" data-no-translation=\"\">Bromelaine 2400GCU\/g (Arthritis)<\/h2>\n<div class=\"product-rating\">\n<div class=\"star-rating\" title=\"Not\u00e9 0 sur 5\"><span style=\"width:0%\"><strong class=\"rating\">0<\/strong> sur 5<\/span><\/div>\n<p> (0)\n\t\t<\/p><\/div>\n<div class=\"product-short-description\">\n<p><a name=\"buy\"><\/a><br \/>\n<span style=\"text-decoration: underline;color: #3366ff\"><strong>Avantages de ce produit pour l&#039;arthrite\u00a0<\/strong><\/span><\/p>\n<ul>\n<li>Bromeliane<\/li>\n<li><strong><span style=\"font-family: go\"><span style=\"font-size: medium\"><span class=\"fontstyle0\">Favorise le soulagement de la douleur en\u00a0<\/span> <\/span><\/span><\/strong><\/li>\n<li><span style=\"font-family: go\"><strong><span style=\"font-size: 12pt\">Il inhibe la production de prostaglandines responsables de l&#039;inflammation<\/span><\/strong><\/span><\/li>\n<\/ul>\n<p><strong>\u00a0\u00a0\u00a0\u00a0\u00a0 &gt;&gt;&gt;<span style=\"font-family: go;font-size: 14pt\"><a href=\"#more\"><span style=\"color: #0000ff\">Lire la suite<\/span><\/a><\/span><\/strong><\/p>\n<\/p><\/div>\n<div class=\"product-sku\">UGS : n\/a<\/div>\n<p><\/a><\/div>\n<p><!-- \/.product-loop-body --><\/p>\n<div class=\"product-loop-footer product-item__footer\">\n<div class=\"price-add-to-cart\">\n\t<span class=\"price\"><span class=\"electro-price\"><span class=\"woocommerce-Price-amount amount\"><bdi>27,070<span class=\"woocommerce-Price-currencySymbol\">CFA<\/span><\/bdi><\/span><\/span><\/span><\/p>\n<div class=\"add-to-cart-wrap show-in-mobile\" data-toggle=\"tooltip\" data-title=\"Add To Cart\"><a href=\"\/fr\/wp-json\/wp\/v2\/pages\/2257?add-to-cart=2902\" aria-describedby=\"woocommerce_loop_add_to_cart_link_describedby_2902\" data-quantity=\"1\" class=\"button product_type_bundle add_to_cart_button ajax_add_to_cart\" data-product_id=\"2902\" data-product_sku=\"\" aria-label=\"En savoir plus sur \u201cBromelaine 2400GCU\/g (Arthritis)\u201d\" rel=\"nofollow\" role=\"button\" data-no-translation-aria-label=\"\">Ajouter au chariot<\/a><\/div>\n<p>\t<span id=\"woocommerce_loop_add_to_cart_link_describedby_2902\" class=\"screen-reader-text\"><br \/>\n\t\t\t<\/span>\n<\/div>\n<p><!-- \/.price-add-to-cart --><\/p>\n<div class=\"hover-area\">\n<div class=\"action-buttons\"><\/div>\n<\/div>\n<\/div>\n<p><!-- \/.product-loop-footer --><\/div>\n<p><!-- \/.product-inner --><\/div>\n<p><!-- \/.product-outer --><\/li>\n<\/ul>\n<\/div>\n<p>\n<\/p>\n<p><\/p>\t\t\t\t\t\t\t\t<\/div>\n\t\t\t\t<\/div>\n\t\t\t\t\t<\/div>\n\t\t<\/div>\n\t\t\t\t<div class=\"elementor-column elementor-col-33 elementor-top-column elementor-element elementor-element-42bfec1\" data-id=\"42bfec1\" data-element_type=\"column\" data-e-type=\"column\" data-settings=\"{&quot;background_background&quot;:&quot;classic&quot;}\">\n\t\t\t<div class=\"elementor-widget-wrap elementor-element-populated\">\n\t\t\t\t\t<div class=\"elementor-background-overlay\"><\/div>\n\t\t\t\t\t\t<div class=\"elementor-element elementor-element-b9bd5fb elementor-widget elementor-widget-accordion\" data-id=\"b9bd5fb\" data-element_type=\"widget\" data-e-type=\"widget\" data-widget_type=\"accordion.default\">\n\t\t\t\t<div class=\"elementor-widget-container\">\n\t\t\t\t\t\t\t<div class=\"elementor-accordion\">\n\t\t\t\t\t\t\t<div class=\"elementor-accordion-item\">\n\t\t\t\t\t<div id=\"elementor-tab-title-1941\" class=\"elementor-tab-title\" data-tab=\"1\" role=\"button\" aria-controls=\"elementor-tab-content-1941\" aria-expanded=\"false\">\n\t\t\t\t\t\t\t\t\t\t\t\t<a class=\"elementor-accordion-title\" tabindex=\"0\">Arthrite<\/a>\n\t\t\t\t\t<\/div>\n\t\t\t\t\t<div id=\"elementor-tab-content-1941\" class=\"elementor-tab-content elementor-clearfix\" data-tab=\"1\" role=\"region\" aria-labelledby=\"elementor-tab-title-1941\"><p>Le terme \u00abarthrite\u00bb fait r\u00e9f\u00e9rence \u00e0 plusieurs conditions qui impliquent des douleurs articulaires et une inflammation. Ind\u00e9pendamment du type d&#039;arthrite sp\u00e9cifique et r\u00e9tablissant la fonction articulaire, la douleur chronique est presque toujours une composante.<\/p>\n<p><br \/>\u2022 <strong>L&#039;arthrose<\/strong> - Aussi appel\u00e9e maladie d\u00e9g\u00e9n\u00e9rative des articulations, c&#039;est une cons\u00e9quence naturelle du vieillissement. Il survient g\u00e9n\u00e9ralement dans les articulations portantes, y compris les genoux et les hanches.<\/p>\n<p>\u00a0<strong>\u2022 Polyarthrite rhumato\u00efde<\/strong> - Il s&#039;agit d&#039;une maladie auto-immune qui peut survenir \u00e0 tout \u00e2ge. Le cartilage articulaire et la membrane synoviale deviennent enflamm\u00e9s, d\u00e9truisant \u00e9ventuellement les tissus. Les sympt\u00f4mes comprennent un dysfonctionnement articulaire l\u00e9ger \u00e0 s\u00e9v\u00e8re, une raideur, de la fi\u00e8vre, une perte de poids et un manque d&#039;\u00e9nergie. Il y a souvent une bosse rouge et douloureuse autour de l&#039;articulation rhumato\u00efde.<\/p>\n<p><strong>\u2022 Goutte<\/strong> - Un trouble douloureux caus\u00e9 par une mauvaise \u00e9limination de l&#039;acide urique dans le corps. des d\u00e9p\u00f4ts d&#039;acide urique en exc\u00e8s se cristallisent dans l&#039;articulation, provoquant un gonflement, une rougeur et une douleur extr\u00eame.<\/p><\/div>\n\t\t\t\t<\/div>\n\t\t\t\t\t\t\t<div class=\"elementor-accordion-item\">\n\t\t\t\t\t<div id=\"elementor-tab-title-1942\" class=\"elementor-tab-title\" data-tab=\"2\" role=\"button\" aria-controls=\"elementor-tab-content-1942\" aria-expanded=\"false\">\n\t\t\t\t\t\t\t\t\t\t\t\t<a class=\"elementor-accordion-title\" tabindex=\"0\">Lire la suite...<\/a>\n\t\t\t\t\t<\/div>\n\t\t\t\t\t<div id=\"elementor-tab-content-1942\" class=\"elementor-tab-content elementor-clearfix\" data-tab=\"2\" role=\"region\" aria-labelledby=\"elementor-tab-title-1942\"><p><strong>\u2022 Polyarthrite rhumato\u00efde<\/strong> \u2013 This is an autoimmune disease that can occur at any age. Joint cartilage and the synovial membrane become inflamed, eventually destroying tissue. <a href=\"https:\/\/www.naturesgiftforlife.com\/fr\/categorie-produit\/anti-oxidants\/\">Sympt\u00f4mes<\/a> comprennent un dysfonctionnement articulaire l\u00e9ger \u00e0 grave, une raideur, de la fi\u00e8vre, une perte de poids et un manque d&#039;\u00e9nergie. Il y a souvent une masse rouge et douloureuse autour de l&#039;articulation rhumato\u00efde.<\/p>\n<p><strong>\u2022 Goutte<\/strong> - Un trouble douloureux caus\u00e9 par une mauvaise \u00e9limination de l&#039;acide urique dans le corps. des d\u00e9p\u00f4ts d&#039;acide urique en exc\u00e8s se cristallisent dans l&#039;articulation, provoquant un gonflement, une rougeur et une douleur extr\u00eame.<\/p>\n<p><span class=\"fontstyle0\">L&#039;arthrite est plus fr\u00e9quente chez les femmes que chez les hommes. L&#039;ob\u00e9sit\u00e9, les mouvements r\u00e9p\u00e9titifs et le vieillissement exacerbent tous les sympt\u00f4mes. L&#039;arthrite co\u00fbte \u00e0 l&#039;\u00e9conomie mondiale plus de $140,2 milliards par an. En 2004, plus de 39 millions de visites chez le m\u00e9decin et plus d&#039;un demi-million <a href=\"https:\/\/www.rmbibow.com\" target=\"_blank\" rel=\"noopener\">hospitalisations<\/a> concernaient des plaintes d&#039;arthrite. Cependant, il y a des choses que vous pouvez faire pour am\u00e9liorer votre qualit\u00e9 de vie.<br \/><\/span><span class=\"fontstyle2\">Pr\u00e9sent\u00e9 par vos amis \u00e0\u00a0<\/span><span class=\"fontstyle3\">Le cadeau de la nature pour la vie<\/span><\/p>\n<p><span class=\"fontstyle3\"><br \/><\/span><span style=\"text-decoration: underline;\"><strong><span class=\"fontstyle4\">Choses saines que vous pouvez faire\u2026<br \/><\/span><\/strong><\/span><span class=\"fontstyle0\">\u2022 <\/span><span class=\"fontstyle0\">Ayez une alimentation riche en vitamines et min\u00e9raux. Les antioxydants, comme la vitamine E, se trouvent dans les fruits et l\u00e9gumes. Le s\u00e9l\u00e9nium se trouve dans la levure de bi\u00e8re, le germe de bl\u00e9, l&#039;ail, les grains entiers,<br \/>graines de tournesol et noix du Br\u00e9sil. Les acides gras om\u00e9ga-3 sont pr\u00e9sents dans les poissons d&#039;eau froide (comme le saumon, le maquereau et le hareng), les graines de lin, l&#039;huile de colza (canola), le soya, l&#039;huile de soya, les graines de citrouille et les noix.<br \/><\/span><span class=\"fontstyle0\">\u2022 <\/span><span class=\"fontstyle0\">R\u00e9duisez le stress, ce qui peut aggraver vos sympt\u00f4mes.<br \/><\/span><span class=\"fontstyle0\">\u2022 <\/span><span class=\"fontstyle0\">Consommez des aliments contenant de l&#039;histidine, y compris du riz, du bl\u00e9 et du seigle.<br \/><\/span><span class=\"fontstyle0\">\u2022 <\/span><span class=\"fontstyle0\">Incluez les aliments qui contiennent du soufre, comme les \u0153ufs, l&#039;ail, les oignons et les viandes blanches dans votre alimentation.<br \/><\/span><span class=\"fontstyle0\">\u2022 <\/span><span class=\"fontstyle0\">\u00c9vitez les l\u00e9gumes de la morelle pro-inflammatoires, comme les pommes de terre, les poivrons, les aubergines, les tomates et le poivre blanc.<br \/><\/span><span class=\"fontstyle0\">\u2022 <\/span><span class=\"fontstyle0\">Ne prenez pas de suppl\u00e9ments de fer, mais consommez du fer par le biais des aliments.<br \/><\/span><span class=\"fontstyle0\">\u2022 <\/span><span class=\"fontstyle0\">\u00c9vitez les abats (foie, rognons, ris de veau), les viandes rouges (b\u0153uf, porc, agneau), les extraits de viande (soupe, bouillon, sauces), les fruits de mer (anchois, sardines, harengs, \u0153ufs de poisson, thon en conserve, crevettes, homard, p\u00e9toncles, moules) et produits \u00e0 base de levure<br \/>(bi\u00e8re et p\u00e2tisseries) si vous souffrez de goutte arthritique.<br \/><\/span><span class=\"fontstyle0\">\u2022 <\/span><span class=\"fontstyle0\">\u00c9vitez de maintenir une position trop longtemps et \u00e9vitez les positions ou les mouvements qui exercent une pression suppl\u00e9mentaire sur vos articulations touch\u00e9es. Modifiez votre maison pour faciliter les activit\u00e9s.<br \/><\/span><span class=\"fontstyle0\">\u2022 <\/span><span class=\"fontstyle0\">Testez et traitez les infections car elles pourraient \u00eatre la cause sous-jacente de l&#039;arthrite.<br \/><\/span><span class=\"fontstyle0\">\u2022 <\/span><span class=\"fontstyle0\">Faites de l&#039;exercice r\u00e9guli\u00e8rement pour r\u00e9duire les douleurs articulaires et retarder la d\u00e9t\u00e9rioration des articulations.<br \/><\/span><span class=\"fontstyle0\">\u2022 <\/span><span class=\"fontstyle0\">Maintenez un poids sant\u00e9 - Plus vous \u00eates lourd, plus vous mettez de pression sur vos articulations, ce qui augmente l&#039;usure.<\/span><\/p><\/div>\n\t\t\t\t<\/div>\n\t\t\t\t\t\t\t<div class=\"elementor-accordion-item\">\n\t\t\t\t\t<div id=\"elementor-tab-title-1943\" class=\"elementor-tab-title\" data-tab=\"3\" role=\"button\" aria-controls=\"elementor-tab-content-1943\" aria-expanded=\"false\">\n\t\t\t\t\t\t\t\t\t\t\t\t<a class=\"elementor-accordion-title\" tabindex=\"0\">proche<\/a>\n\t\t\t\t\t<\/div>\n\t\t\t\t\t<div id=\"elementor-tab-content-1943\" class=\"elementor-tab-content elementor-clearfix\" data-tab=\"3\" role=\"region\" aria-labelledby=\"elementor-tab-title-1943\"><\/div>\n\t\t\t\t<\/div>\n\t\t\t\t\t\t\t\t<\/div>\n\t\t\t\t\t\t<\/div>\n\t\t\t\t<\/div>\n\t\t\t\t\t<\/div>\n\t\t<\/div>\n\t\t\t\t\t<\/div>\n\t\t<\/section>\n\t\t\t\t<\/div>","protected":false},"excerpt":{"rendered":"<p>DOCTORS RECOMENDED PRODUCTS Arthritis The term \u201carthritis\u201d refers to several conditions that involve joint pain and inflammation. Regardless of the specific and restore joint function type of arthritis, chronic pain<\/p>","protected":false},"author":1,"featured_media":0,"parent":0,"menu_order":0,"comment_status":"closed","ping_status":"closed","template":"template-page-sidebar-left.php","meta":{"nf_dc_page":"","_bbp_topic_count":0,"_bbp_reply_count":0,"_bbp_total_topic_count":0,"_bbp_total_reply_count":0,"_bbp_voice_count":0,"_bbp_anonymous_reply_count":0,"_bbp_topic_count_hidden":0,"_bbp_reply_count_hidden":0,"_bbp_forum_subforum_count":0,"footnotes":""},"class_list":["post-2257","page","type-page","status-publish","hentry"],"_links":{"self":[{"href":"https:\/\/www.naturesgiftforlife.com\/fr\/wp-json\/wp\/v2\/pages\/2257","targetHints":{"allow":["GET"]}}],"collection":[{"href":"https:\/\/www.naturesgiftforlife.com\/fr\/wp-json\/wp\/v2\/pages"}],"about":[{"href":"https:\/\/www.naturesgiftforlife.com\/fr\/wp-json\/wp\/v2\/types\/page"}],"author":[{"embeddable":true,"href":"https:\/\/www.naturesgiftforlife.com\/fr\/wp-json\/wp\/v2\/users\/1"}],"replies":[{"embeddable":true,"href":"https:\/\/www.naturesgiftforlife.com\/fr\/wp-json\/wp\/v2\/comments?post=2257"}],"version-history":[{"count":0,"href":"https:\/\/www.naturesgiftforlife.com\/fr\/wp-json\/wp\/v2\/pages\/2257\/revisions"}],"wp:attachment":[{"href":"https:\/\/www.naturesgiftforlife.com\/fr\/wp-json\/wp\/v2\/media?parent=2257"}],"curies":[{"name":"wp","href":"https:\/\/api.w.org\/{rel}","templated":true}]}}