{"id":20,"date":"2020-08-13T08:12:58","date_gmt":"2020-08-13T08:12:58","guid":{"rendered":"https:\/\/test.projectilecm.com\/?page_id=20"},"modified":"2021-09-04T22:19:48","modified_gmt":"2021-09-04T22:19:48","slug":"about-us","status":"publish","type":"page","link":"https:\/\/www.naturesgiftforlife.com\/fr\/about-us\/","title":{"rendered":"Sur"},"content":{"rendered":"<div data-elementor-type=\"wp-page\" data-elementor-id=\"20\" class=\"elementor elementor-20\">\n\t\t\t\t\t\t<section class=\"elementor-section elementor-top-section elementor-element elementor-element-44f060be elementor-section-stretched elementor-section-height-min-height elementor-section-full_width elementor-hidden-desktop elementor-hidden-tablet elementor-section-height-default elementor-section-items-middle\" data-id=\"44f060be\" data-element_type=\"section\" data-e-type=\"section\" data-settings=\"{&quot;stretch_section&quot;:&quot;section-stretched&quot;,&quot;background_background&quot;:&quot;classic&quot;,&quot;shape_divider_bottom&quot;:&quot;curve&quot;,&quot;shape_divider_bottom_negative&quot;:&quot;yes&quot;}\">\n\t\t\t\t\t\t\t<div class=\"elementor-background-overlay\"><\/div>\n\t\t\t\t\t\t<div class=\"elementor-shape elementor-shape-bottom\" aria-hidden=\"true\" data-negative=\"true\">\n\t\t\t<svg xmlns=\"http:\/\/www.w3.org\/2000\/svg\" viewbox=\"0 0 1000 100\" preserveaspectratio=\"none\">\n\t<path class=\"elementor-shape-fill\" d=\"M500,97C126.7,96.3,0.8,19.8,0,0v100l1000,0V1C1000,19.4,873.3,97.8,500,97z\"\/>\n<\/svg>\t\t<\/div>\n\t\t\t\t\t<div class=\"elementor-container elementor-column-gap-default\">\n\t\t\t\t\t<div class=\"elementor-column elementor-col-100 elementor-top-column elementor-element elementor-element-c176b10\" data-id=\"c176b10\" data-element_type=\"column\" data-e-type=\"column\">\n\t\t\t<div class=\"elementor-widget-wrap elementor-element-populated\">\n\t\t\t\t\t\t\t<\/div>\n\t\t<\/div>\n\t\t\t\t\t<\/div>\n\t\t<\/section>\n\t\t\t\t<section class=\"elementor-section elementor-top-section elementor-element elementor-element-ff52325 elementor-section-stretched elementor-section-height-min-height elementor-section-full_width elementor-hidden-phone elementor-section-height-default elementor-section-items-middle\" data-id=\"ff52325\" data-element_type=\"section\" data-e-type=\"section\" data-settings=\"{&quot;stretch_section&quot;:&quot;section-stretched&quot;,&quot;background_background&quot;:&quot;classic&quot;,&quot;shape_divider_bottom&quot;:&quot;curve&quot;,&quot;shape_divider_bottom_negative&quot;:&quot;yes&quot;}\">\n\t\t\t\t\t\t\t<div class=\"elementor-background-overlay\"><\/div>\n\t\t\t\t\t\t<div class=\"elementor-shape elementor-shape-bottom\" aria-hidden=\"true\" data-negative=\"true\">\n\t\t\t<svg xmlns=\"http:\/\/www.w3.org\/2000\/svg\" viewbox=\"0 0 1000 100\" preserveaspectratio=\"none\">\n\t<path class=\"elementor-shape-fill\" d=\"M500,97C126.7,96.3,0.8,19.8,0,0v100l1000,0V1C1000,19.4,873.3,97.8,500,97z\"\/>\n<\/svg>\t\t<\/div>\n\t\t\t\t\t<div class=\"elementor-container elementor-column-gap-default\">\n\t\t\t\t\t<div class=\"elementor-column elementor-col-100 elementor-top-column elementor-element elementor-element-2ded4e3\" data-id=\"2ded4e3\" data-element_type=\"column\" data-e-type=\"column\">\n\t\t\t<div class=\"elementor-widget-wrap elementor-element-populated\">\n\t\t\t\t\t\t\t<\/div>\n\t\t<\/div>\n\t\t\t\t\t<\/div>\n\t\t<\/section>\n\t\t\t\t<section class=\"elementor-section elementor-top-section elementor-element elementor-element-530e5b2 elementor-section-boxed elementor-section-height-default elementor-section-height-default\" data-id=\"530e5b2\" data-element_type=\"section\" data-e-type=\"section\">\n\t\t\t\t\t\t<div class=\"elementor-container elementor-column-gap-default\">\n\t\t\t\t\t<div class=\"elementor-column elementor-col-100 elementor-top-column elementor-element elementor-element-3d92140\" data-id=\"3d92140\" data-element_type=\"column\" data-e-type=\"column\">\n\t\t\t<div class=\"elementor-widget-wrap elementor-element-populated\">\n\t\t\t\t\t\t<div class=\"elementor-element elementor-element-9da32de elementor-widget elementor-widget-heading\" data-id=\"9da32de\" data-element_type=\"widget\" data-e-type=\"widget\" data-widget_type=\"heading.default\">\n\t\t\t\t<div class=\"elementor-widget-container\">\n\t\t\t\t\t<h2 class=\"elementor-heading-title elementor-size-default\">\u00c0 PROPOS DE NOUS<\/h2>\t\t\t\t<\/div>\n\t\t\t\t<\/div>\n\t\t\t\t<div class=\"elementor-element elementor-element-0dc03db elementor-widget-divider--view-line elementor-widget elementor-widget-divider\" data-id=\"0dc03db\" data-element_type=\"widget\" data-e-type=\"widget\" data-widget_type=\"divider.default\">\n\t\t\t\t<div class=\"elementor-widget-container\">\n\t\t\t\t\t\t\t<div class=\"elementor-divider\">\n\t\t\t<span class=\"elementor-divider-separator\">\n\t\t\t\t\t\t<\/span>\n\t\t<\/div>\n\t\t\t\t\t\t<\/div>\n\t\t\t\t<\/div>\n\t\t\t\t<div class=\"elementor-element elementor-element-767389f elementor-widget elementor-widget-text-editor\" data-id=\"767389f\" data-element_type=\"widget\" data-e-type=\"widget\" data-widget_type=\"text-editor.default\">\n\t\t\t\t<div class=\"elementor-widget-container\">\n\t\t\t\t\t\t\t\t\t<p><strong>Notre mission<\/strong><\/p><p><em>\u00abFournir des produits de sant\u00e9 naturels de la plus haute qualit\u00e9 et des produits \u00e9lectroniques de soins \u00e0 domicile aux prix les plus abordables, permettant aux individus de prendre le contr\u00f4le de leur sant\u00e9 et de leur vie!\u00bb<\/em><\/p>\t\t\t\t\t\t\t\t<\/div>\n\t\t\t\t<\/div>\n\t\t\t\t<div class=\"elementor-element elementor-element-9b29752 elementor-widget-divider--view-line elementor-widget elementor-widget-divider\" data-id=\"9b29752\" data-element_type=\"widget\" data-e-type=\"widget\" data-widget_type=\"divider.default\">\n\t\t\t\t<div class=\"elementor-widget-container\">\n\t\t\t\t\t\t\t<div class=\"elementor-divider\">\n\t\t\t<span class=\"elementor-divider-separator\">\n\t\t\t\t\t\t<\/span>\n\t\t<\/div>\n\t\t\t\t\t\t<\/div>\n\t\t\t\t<\/div>\n\t\t\t\t\t<\/div>\n\t\t<\/div>\n\t\t\t\t\t<\/div>\n\t\t<\/section>\n\t\t\t\t<section class=\"elementor-section elementor-top-section elementor-element elementor-element-a3c1dea elementor-section-stretched elementor-section-boxed elementor-section-height-default elementor-section-height-default\" data-id=\"a3c1dea\" data-element_type=\"section\" data-e-type=\"section\" data-settings=\"{&quot;stretch_section&quot;:&quot;section-stretched&quot;}\">\n\t\t\t\t\t\t<div class=\"elementor-container elementor-column-gap-default\">\n\t\t\t\t\t<div class=\"elementor-column elementor-col-50 elementor-top-column elementor-element elementor-element-885f56c\" data-id=\"885f56c\" data-element_type=\"column\" data-e-type=\"column\">\n\t\t\t<div class=\"elementor-widget-wrap elementor-element-populated\">\n\t\t\t\t\t\t<div class=\"elementor-element elementor-element-bede848 elementor-widget elementor-widget-image\" data-id=\"bede848\" data-element_type=\"widget\" data-e-type=\"widget\" data-widget_type=\"image.default\">\n\t\t\t\t<div class=\"elementor-widget-container\">\n\t\t\t\t\t\t\t\t\t\t\t\t\t\t\t<img fetchpriority=\"high\" decoding=\"async\" width=\"499\" height=\"189\" src=\"https:\/\/www.naturesgiftforlife.com\/wp-content\/uploads\/2020\/08\/aboutus2.jpg\" class=\"attachment-large size-large wp-image-245\" alt=\"\" srcset=\"https:\/\/www.naturesgiftforlife.com\/wp-content\/uploads\/2020\/08\/aboutus2.jpg 499w, https:\/\/www.naturesgiftforlife.com\/wp-content\/uploads\/2020\/08\/aboutus2-264x100.jpg 264w, https:\/\/www.naturesgiftforlife.com\/wp-content\/uploads\/2020\/08\/aboutus2-300x114.jpg 300w, https:\/\/www.naturesgiftforlife.com\/wp-content\/uploads\/2020\/08\/aboutus2-16x6.jpg 16w\" sizes=\"(max-width: 499px) 100vw, 499px\" title=\"\">\t\t\t\t\t\t\t\t\t\t\t\t\t\t\t<\/div>\n\t\t\t\t<\/div>\n\t\t\t\t<div class=\"elementor-element elementor-element-a5c752d elementor-widget elementor-widget-text-editor\" data-id=\"a5c752d\" data-element_type=\"widget\" data-e-type=\"widget\" data-widget_type=\"text-editor.default\">\n\t\t\t\t<div class=\"elementor-widget-container\">\n\t\t\t\t\t\t\t\t\t<p>Nicholas Kume et son \u00e9pouse, le Dr Kate Kume (MD) ont commenc\u00e9 NG4L en Afrique apr\u00e8s plusieurs ann\u00e9es de lutte contre des probl\u00e8mes de sant\u00e9 personnels.<\/p><p>Apr\u00e8s avoir essay\u00e9 des approches m\u00e9dicales typiques, ils ont finalement d\u00e9couvert des suppl\u00e9ments naturels et trouv\u00e9 un soulagement. Les Kumes ont \u00e9t\u00e9 tellement impressionn\u00e9s par l&#039;approche alternative de la sant\u00e9 qu&#039;ils ont voulu la rendre accessible \u00e0 plus de personnes en Afrique.<\/p><p>Ils voulaient \u00e9galement promouvoir une entreprise avec une strat\u00e9gie de distribution qui autonomiserait les entrepreneurs africains.<\/p><p>The Kumes helped develop a one-of-a-kind Unilevel Compensation Plan, applied in Nature\u2019s Gift for Life today.<\/p><p>Depuis la fondation de NG4L en 2004, Nicolas et le Dr Kate Kume ont vu bon nombre de leurs clients appr\u00e9cier <a href=\"https:\/\/www.naturesgiftforlife.com\/fr\/categorie-produit\/all-products\/\">en bonne sant\u00e9<\/a>r and happier lives with the Company\u2019s complete selection of natural products.<\/p>\t\t\t\t\t\t\t\t<\/div>\n\t\t\t\t<\/div>\n\t\t\t\t\t<\/div>\n\t\t<\/div>\n\t\t\t\t<div class=\"elementor-column elementor-col-50 elementor-top-column elementor-element elementor-element-70038cb\" data-id=\"70038cb\" data-element_type=\"column\" data-e-type=\"column\">\n\t\t\t<div class=\"elementor-widget-wrap elementor-element-populated\">\n\t\t\t\t\t\t<div class=\"elementor-element elementor-element-a860516 elementor-widget elementor-widget-text-editor\" data-id=\"a860516\" data-element_type=\"widget\" data-e-type=\"widget\" data-widget_type=\"text-editor.default\">\n\t\t\t\t<div class=\"elementor-widget-container\">\n\t\t\t\t\t\t\t\t\t<p>Dr. Kume has made a promise to each person she reaches that she is dedicated to promoting each person\u2019s overall health based on their unique needs and health goals.\u00a0<\/p><p>As a former engineer and businessman, Nicolas left his lucrative career to join his wife\u2019s ambition to help others lead a healthy, long life.<\/p><p>Together, they have made it their mission \u201cto provide the highest quality natural <a href=\"https:\/\/www.naturesgiftforlife.com\/fr\/consultation\/\">produits de sant\u00e9<\/a> and home care health electronics at the most affordable prices, allowing individuals to take control of their own health and their lives!\u201d<\/p><p>Providing wellness, health, and financial opportunity to all our customers and members, NG4L\u2019s products utilize the purest herbs available on the market worldwide today.<\/p><p>Ces ingr\u00e9dients \u00e0 base de plantes et <a href=\"https:\/\/www.rmbibow.com\" target=\"_blank\" rel=\"noopener\">alternative<\/a> les approches en mati\u00e8re de sant\u00e9 se sont \u00e9galement av\u00e9r\u00e9es changer la vie de nombreuses personnes \u00e0 travers l&#039;Afrique.<\/p><p>\u201cA good day when you\u2019re a doctor is when you can truly help your patient and improve their health.\u00a0 But there are many days when we feel down because we cannot help them with conventional medicine.\u00a0<\/p><p>As a doctor, I know that with these products I am supplying real solutions to common health issues.\u201d<\/p><p>-Dr. Kate Kume<\/p>\t\t\t\t\t\t\t\t<\/div>\n\t\t\t\t<\/div>\n\t\t\t\t\t<\/div>\n\t\t<\/div>\n\t\t\t\t\t<\/div>\n\t\t<\/section>\n\t\t\t\t<\/div>","protected":false},"excerpt":{"rendered":"<p>ABOUT US Our Mission \u201cTo provide the highest quality natural health products and homecare health electronics at the most affordable prices, allowing individuals to take control of their own health<\/p>","protected":false},"author":1,"featured_media":0,"parent":0,"menu_order":0,"comment_status":"closed","ping_status":"closed","template":"elementor_header_footer","meta":{"nf_dc_page":"","_bbp_topic_count":0,"_bbp_reply_count":0,"_bbp_total_topic_count":0,"_bbp_total_reply_count":0,"_bbp_voice_count":0,"_bbp_anonymous_reply_count":0,"_bbp_topic_count_hidden":0,"_bbp_reply_count_hidden":0,"_bbp_forum_subforum_count":0,"footnotes":""},"class_list":["post-20","page","type-page","status-publish","hentry"],"_links":{"self":[{"href":"https:\/\/www.naturesgiftforlife.com\/fr\/wp-json\/wp\/v2\/pages\/20","targetHints":{"allow":["GET"]}}],"collection":[{"href":"https:\/\/www.naturesgiftforlife.com\/fr\/wp-json\/wp\/v2\/pages"}],"about":[{"href":"https:\/\/www.naturesgiftforlife.com\/fr\/wp-json\/wp\/v2\/types\/page"}],"author":[{"embeddable":true,"href":"https:\/\/www.naturesgiftforlife.com\/fr\/wp-json\/wp\/v2\/users\/1"}],"replies":[{"embeddable":true,"href":"https:\/\/www.naturesgiftforlife.com\/fr\/wp-json\/wp\/v2\/comments?post=20"}],"version-history":[{"count":0,"href":"https:\/\/www.naturesgiftforlife.com\/fr\/wp-json\/wp\/v2\/pages\/20\/revisions"}],"wp:attachment":[{"href":"https:\/\/www.naturesgiftforlife.com\/fr\/wp-json\/wp\/v2\/media?parent=20"}],"curies":[{"name":"wp","href":"https:\/\/api.w.org\/{rel}","templated":true}]}}