{"id":11110,"date":"2021-05-13T14:02:33","date_gmt":"2021-05-13T14:02:33","guid":{"rendered":"https:\/\/www.naturesgiftforlife.com\/?page_id=11110"},"modified":"2021-08-16T15:23:44","modified_gmt":"2021-08-16T15:23:44","slug":"coupons","status":"publish","type":"page","link":"https:\/\/www.naturesgiftforlife.com\/fr\/coupons\/","title":{"rendered":"Coupons"},"content":{"rendered":"<div data-elementor-type=\"wp-page\" data-elementor-id=\"11110\" class=\"elementor elementor-11110\">\n\t\t\t\t\t\t<section class=\"elementor-section elementor-top-section elementor-element elementor-element-a559119 elementor-section-boxed elementor-section-height-default elementor-section-height-default\" data-id=\"a559119\" data-element_type=\"section\" data-e-type=\"section\">\n\t\t\t\t\t\t<div class=\"elementor-container elementor-column-gap-default\">\n\t\t\t\t\t<div class=\"elementor-column elementor-col-100 elementor-top-column elementor-element elementor-element-1925517\" data-id=\"1925517\" data-element_type=\"column\" data-e-type=\"column\">\n\t\t\t<div class=\"elementor-widget-wrap elementor-element-populated\">\n\t\t\t\t\t\t<div class=\"elementor-element elementor-element-693be7f elementor-widget elementor-widget-heading\" data-id=\"693be7f\" data-element_type=\"widget\" data-e-type=\"widget\" data-widget_type=\"heading.default\">\n\t\t\t\t<div class=\"elementor-widget-container\">\n\t\t\t\t\t<h2 class=\"elementor-heading-title elementor-size-default\">Coupons les plus populaires<\/h2>\t\t\t\t<\/div>\n\t\t\t\t<\/div>\n\t\t\t\t<div class=\"elementor-element elementor-element-502c9ed elementor-widget elementor-widget-text-editor\" data-id=\"502c9ed\" data-element_type=\"widget\" data-e-type=\"widget\" data-widget_type=\"text-editor.default\">\n\t\t\t\t<div class=\"elementor-widget-container\">\n\t\t\t\t\t\t\t\t\t<p>Vous recherchez des codes de r\u00e9duction? Parcourez nos codes promotionnels pour une occasion sp\u00e9ciale d&#039;\u00e9conomies, y compris des offres de vente d&#039;anniversaire sur les suppl\u00e9ments, des r\u00e9ductions sur les vitamines et bien plus encore, combin\u00e9es \u00e0 d&#039;\u00e9normes \u00e9conomies sur tout le site<\/p>\t\t\t\t\t\t\t\t<\/div>\n\t\t\t\t<\/div>\n\t\t\t\t\t<\/div>\n\t\t<\/div>\n\t\t\t\t\t<\/div>\n\t\t<\/section>\n\t\t\t\t<section class=\"elementor-section elementor-top-section elementor-element elementor-element-ef752a2 elementor-hidden-desktop elementor-hidden-tablet elementor-hidden-phone elementor-section-boxed elementor-section-height-default elementor-section-height-default\" data-id=\"ef752a2\" data-element_type=\"section\" data-e-type=\"section\">\n\t\t\t\t\t\t<div class=\"elementor-container elementor-column-gap-default\">\n\t\t\t\t\t<div class=\"elementor-column elementor-col-100 elementor-top-column elementor-element elementor-element-d621455\" data-id=\"d621455\" data-element_type=\"column\" data-e-type=\"column\">\n\t\t\t<div class=\"elementor-widget-wrap elementor-element-populated\">\n\t\t\t\t\t\t<div class=\"elementor-element elementor-element-e15cd50 elementor-widget elementor-widget-html\" data-id=\"e15cd50\" data-element_type=\"widget\" data-e-type=\"widget\" data-widget_type=\"html.default\">\n\t\t\t\t<div class=\"elementor-widget-container\">\n\t\t\t\t\t<div class=\"wt-mycoupons\">\n<h4>Coupons disponibles<\/h4>\n<div class=\"wt-single-coupon\">\n<div class=\"wt-coupon-content\">\n<div class=\"wt-coupon-amount\">\n<span class=\"amount\"> 10%<\/span><span> Remise du panier<\/span>\n<\/div>\n<div class=\"wt-coupon-code\"> <code> NG4L2021<\/code><\/div>\n<div class=\"wt-coupon-expiry\">Expire dans 4 jours<\/div>\n<div class=\"coupon-desc-wrapper\">\n<i class=\"info\"> je <\/i>\n<div class=\"coupon-desc\"> Appliquer 10% <\/div>\n<\/div>\n<\/div>\n<\/div>\n<div class=\"wt-single-coupon\">\n<div class=\"wt-coupon-content\">\n<div class=\"wt-coupon-amount\">\n<span class=\"amount\"> 1500$<\/span><span> Remise du panier<\/span>\n<\/div>\n<div class=\"wt-coupon-code\"> <code> NG4LNCPUUQI4<\/code><\/div>\n<div class=\"wt-coupon-expiry\">Expire le 11 octobre 2021<\/div>\n<div class=\"coupon-desc-wrapper\">\n<i class=\"info\"> je <\/i>\n<div class=\"coupon-desc\"> REMISE PANIER FIXE <\/div>\n<\/div>\n<\/div>\n<\/div>\n<\/div>\t\t\t\t<\/div>\n\t\t\t\t<\/div>\n\t\t\t\t\t<\/div>\n\t\t<\/div>\n\t\t\t\t\t<\/div>\n\t\t<\/section>\n\t\t\t\t<section class=\"elementor-section elementor-top-section elementor-element elementor-element-ee8b67e elementor-section-boxed elementor-section-height-default elementor-section-height-default\" data-id=\"ee8b67e\" data-element_type=\"section\" data-e-type=\"section\">\n\t\t\t\t\t\t<div class=\"elementor-container elementor-column-gap-default\">\n\t\t\t\t\t<div class=\"elementor-column elementor-col-100 elementor-top-column elementor-element elementor-element-e78a316\" data-id=\"e78a316\" data-element_type=\"column\" data-e-type=\"column\">\n\t\t\t<div class=\"elementor-widget-wrap elementor-element-populated\">\n\t\t\t\t\t\t<div class=\"elementor-element elementor-element-d152e23 elementor-align-center elementor-widget elementor-widget-button\" data-id=\"d152e23\" data-element_type=\"widget\" data-e-type=\"widget\" data-widget_type=\"button.default\">\n\t\t\t\t<div class=\"elementor-widget-container\">\n\t\t\t\t\t\t\t\t\t<div class=\"elementor-button-wrapper\">\n\t\t\t\t\t<a class=\"elementor-button elementor-button-link elementor-size-sm elementor-animation-pulse\" href=\"http:\/\/www.naturesgiftforlife.com\/fr\/shop\/\">\n\t\t\t\t\t\t<span class=\"elementor-button-content-wrapper\">\n\t\t\t\t\t\t<span class=\"elementor-button-icon\">\n\t\t\t\t<i aria-hidden=\"true\" class=\"fab fa-opencart\"><\/i>\t\t\t<\/span>\n\t\t\t\t\t\t\t\t\t<span class=\"elementor-button-text\">ACHETEZ MAINTENANT<\/span>\n\t\t\t\t\t<\/span>\n\t\t\t\t\t<\/a>\n\t\t\t\t<\/div>\n\t\t\t\t\t\t\t\t<\/div>\n\t\t\t\t<\/div>\n\t\t\t\t<div class=\"elementor-element elementor-element-ea30f03 elementor-widget elementor-widget-text-editor\" data-id=\"ea30f03\" data-element_type=\"widget\" data-e-type=\"widget\" data-widget_type=\"text-editor.default\">\n\t\t\t\t<div class=\"elementor-widget-container\">\n\t\t\t\t\t\t\t\t\t<p>TOUTES les promotions ont une p\u00e9riode. Nous ne sommes pas en mesure d&#039;honorer les promotions apr\u00e8s l&#039;heure d&#039;expiration indiqu\u00e9e.<\/p>\t\t\t\t\t\t\t\t<\/div>\n\t\t\t\t<\/div>\n\t\t\t\t\t<\/div>\n\t\t<\/div>\n\t\t\t\t\t<\/div>\n\t\t<\/section>\n\t\t\t\t<\/div>","protected":false},"excerpt":{"rendered":"<p>Coupons les plus populaires Vous cherchez des codes promo ? Parcourez nos codes promotionnels pour des occasions sp\u00e9ciales d&#039;\u00e9conomies, y compris les offres de vente d&#039;anniversaire sur les suppl\u00e9ments, les remises sur les vitamines et bien plus encore, combin\u00e9s<\/p>","protected":false},"author":1,"featured_media":0,"parent":0,"menu_order":0,"comment_status":"closed","ping_status":"closed","template":"template-page-sidebar-left.php","meta":{"nf_dc_page":"","_bbp_topic_count":0,"_bbp_reply_count":0,"_bbp_total_topic_count":0,"_bbp_total_reply_count":0,"_bbp_voice_count":0,"_bbp_anonymous_reply_count":0,"_bbp_topic_count_hidden":0,"_bbp_reply_count_hidden":0,"_bbp_forum_subforum_count":0,"footnotes":""},"class_list":["post-11110","page","type-page","status-publish","hentry"],"_links":{"self":[{"href":"https:\/\/www.naturesgiftforlife.com\/fr\/wp-json\/wp\/v2\/pages\/11110","targetHints":{"allow":["GET"]}}],"collection":[{"href":"https:\/\/www.naturesgiftforlife.com\/fr\/wp-json\/wp\/v2\/pages"}],"about":[{"href":"https:\/\/www.naturesgiftforlife.com\/fr\/wp-json\/wp\/v2\/types\/page"}],"author":[{"embeddable":true,"href":"https:\/\/www.naturesgiftforlife.com\/fr\/wp-json\/wp\/v2\/users\/1"}],"replies":[{"embeddable":true,"href":"https:\/\/www.naturesgiftforlife.com\/fr\/wp-json\/wp\/v2\/comments?post=11110"}],"version-history":[{"count":0,"href":"https:\/\/www.naturesgiftforlife.com\/fr\/wp-json\/wp\/v2\/pages\/11110\/revisions"}],"wp:attachment":[{"href":"https:\/\/www.naturesgiftforlife.com\/fr\/wp-json\/wp\/v2\/media?parent=11110"}],"curies":[{"name":"wp","href":"https:\/\/api.w.org\/{rel}","templated":true}]}}